{"id":52701,"date":"2020-10-15T11:44:40","date_gmt":"2020-10-15T09:44:40","guid":{"rendered":"https:\/\/cndestetik.ch\/prodotto\/mandeloel\/"},"modified":"2023-07-19T16:05:34","modified_gmt":"2023-07-19T14:05:34","slug":"mandelol","status":"publish","type":"product","link":"https:\/\/cndestetik.ch\/de\/prodotto\/mandelol\/","title":{"rendered":"Mandel\u00f6l"},"content":{"rendered":"<p><span data-sheets-value=\"{\"1\":2,\"2\":\"L'olio di Mandorle dolci, di antica fama e di estrema versatilit\u00e0, rimane probabilmente il pi\u00f9 noto e utilizzato tra gli oli da massaggio e oli per dermocosmesi. Si ricava per spremitura dei semi maturi di Prunus Amygdalus variet\u00e0 dolce, ha colore giallo chiaro ed \u00e8 inodore. Proprio per assenza di un odore caratteristico quest'olio \u00e8 adatto ad ogni miscela di essenze in quanto \u00e8 un buon vettore e non altera il profumo. Altamente insaturo, emolliente e rinfrescante. Completamente privo di effetti irritanti, viene impiegato in una vastissima gamma di prodotti igienici e cosmetici. Bench\u00e8 non lo si possa considerare un vero e proprio olio medicinale, costituisce un buon lenitivo per le irritazioni cutanee lievi, per gli arrossamenti e gli eritemi solari. Grazie alla sua facilit\u00e0 di assorbimento e alla sua azione ammorbidente \u00e8 inoltre un buon prodotto da applicare dopo il bagno sulla pelle secca che tende a squamarsi.\\nUsarlo su tutti i tipi di pelle, in particolare pelli secche, poco elastiche, sensibili e arrossate, pelli con dermatiti o psoriasi; contribuisce a diminuire il prurito e l'infiammazione.\"}\" data-sheets-userformat=\"{\"2\":15297,\"3\":{\"1\":0},\"9\":0,\"10\":2,\"11\":0,\"12\":0,\"14\":{\"1\":2,\"2\":0},\"15\":\"Calibri\",\"16\":11}\">Das seit langem bekannte und \u00e4u\u00dferst vielseitige S\u00fc\u00dfmandel\u00f6l ist wahrscheinlich das bekannteste und am h\u00e4ufigsten verwendete Massage- und Dermo-Kosmetik\u00f6l. Es wird durch Pressen der reifen Samen der s\u00fc\u00dfen Sorte Prunus Amygdalus gewonnen, ist hellgelb und geruchlos. Da es keinen charakteristischen Geruch hat, eignet sich dieses \u00d6l f\u00fcr jede Mischung von Essenzen, da es ein guter Tr\u00e4ger ist und den Duft nicht ver\u00e4ndert. Hochgradig unges\u00e4ttigt, erweichend und erfrischend. Es ist v\u00f6llig frei von reizenden Wirkungen und wird in einer breiten Palette von Hygiene- und Kosmetikprodukten verwendet.  <\/span><\/p>\n<p><span data-sheets-value=\"{\"1\":2,\"2\":\"L'olio di Mandorle dolci, di antica fama e di estrema versatilit\u00e0, rimane probabilmente il pi\u00f9 noto e utilizzato tra gli oli da massaggio e oli per dermocosmesi. Si ricava per spremitura dei semi maturi di Prunus Amygdalus variet\u00e0 dolce, ha colore giallo chiaro ed \u00e8 inodore. Proprio per assenza di un odore caratteristico quest'olio \u00e8 adatto ad ogni miscela di essenze in quanto \u00e8 un buon vettore e non altera il profumo. Altamente insaturo, emolliente e rinfrescante. Completamente privo di effetti irritanti, viene impiegato in una vastissima gamma di prodotti igienici e cosmetici. Bench\u00e8 non lo si possa considerare un vero e proprio olio medicinale, costituisce un buon lenitivo per le irritazioni cutanee lievi, per gli arrossamenti e gli eritemi solari. Grazie alla sua facilit\u00e0 di assorbimento e alla sua azione ammorbidente \u00e8 inoltre un buon prodotto da applicare dopo il bagno sulla pelle secca che tende a squamarsi.\\nUsarlo su tutti i tipi di pelle, in particolare pelli secche, poco elastiche, sensibili e arrossate, pelli con dermatiti o psoriasi; contribuisce a diminuire il prurito e l'infiammazione.\"}\" data-sheets-userformat=\"{\"2\":15297,\"3\":{\"1\":0},\"9\":0,\"10\":2,\"11\":0,\"12\":0,\"14\":{\"1\":2,\"2\":0},\"15\":\"Calibri\",\"16\":11}\">Obwohl es nicht als echtes Heil\u00f6l angesehen werden kann, ist es ein gutes Mittel gegen leichte Hautreizungen, R\u00f6tungen und Sonnenbrand. Dank seiner leicht einziehenden und weichmachenden Wirkung ist es auch ein gutes Produkt f\u00fcr die Anwendung nach dem Baden bei trockener, zu Schuppen neigender Haut.<br \/>\n<\/span><\/p>\n<p><span data-sheets-value=\"{\"1\":2,\"2\":\"L'olio di Mandorle dolci, di antica fama e di estrema versatilit\u00e0, rimane probabilmente il pi\u00f9 noto e utilizzato tra gli oli da massaggio e oli per dermocosmesi. Si ricava per spremitura dei semi maturi di Prunus Amygdalus variet\u00e0 dolce, ha colore giallo chiaro ed \u00e8 inodore. Proprio per assenza di un odore caratteristico quest'olio \u00e8 adatto ad ogni miscela di essenze in quanto \u00e8 un buon vettore e non altera il profumo. Altamente insaturo, emolliente e rinfrescante. Completamente privo di effetti irritanti, viene impiegato in una vastissima gamma di prodotti igienici e cosmetici. Bench\u00e8 non lo si possa considerare un vero e proprio olio medicinale, costituisce un buon lenitivo per le irritazioni cutanee lievi, per gli arrossamenti e gli eritemi solari. Grazie alla sua facilit\u00e0 di assorbimento e alla sua azione ammorbidente \u00e8 inoltre un buon prodotto da applicare dopo il bagno sulla pelle secca che tende a squamarsi.\\nUsarlo su tutti i tipi di pelle, in particolare pelli secche, poco elastiche, sensibili e arrossate, pelli con dermatiti o psoriasi; contribuisce a diminuire il prurito e l'infiammazione.\"}\" data-sheets-userformat=\"{\"2\":15297,\"3\":{\"1\":0},\"9\":0,\"10\":2,\"11\":0,\"12\":0,\"14\":{\"1\":2,\"2\":0},\"15\":\"Calibri\",\"16\":11}\">Verwenden Sie es f\u00fcr alle Hauttypen, insbesondere f\u00fcr trockene, unelastische, empfindliche und ger\u00f6tete Haut, Haut mit Dermatitis oder Psoriasis; es hilft, Juckreiz und Entz\u00fcndungen zu reduzieren.<\/span><\/p>\n","protected":false},"excerpt":{"rendered":"<p>Mandel\u00f6l ist in verschiedenen Formaten erh\u00e4ltlich.<\/p>\n","protected":false},"featured_media":37380,"template":"","meta":{"_acf_changed":false},"product_brand":[],"product_cat":[1924,11234],"product_tag":[608,9069,2192],"class_list":{"0":"post-52701","1":"product","2":"type-product","3":"status-publish","4":"has-post-thumbnail","6":"product_cat-ermittlung","7":"product_cat-physiotherapie-de","8":"product_tag-mandeln","9":"product_tag-mandelol","10":"product_tag-ol-de","11":"pa_formato-1000ml-de","12":"pa_formato-100ml-de","13":"pa_formato-500ml-de","15":"first","16":"instock","17":"taxable","18":"shipping-taxable","19":"purchasable","20":"product-type-variable"},"acf":[],"jetpack_sharing_enabled":true,"_links":{"self":[{"href":"https:\/\/cndestetik.ch\/de\/wp-json\/wp\/v2\/product\/52701","targetHints":{"allow":["GET"]}}],"collection":[{"href":"https:\/\/cndestetik.ch\/de\/wp-json\/wp\/v2\/product"}],"about":[{"href":"https:\/\/cndestetik.ch\/de\/wp-json\/wp\/v2\/types\/product"}],"wp:featuredmedia":[{"embeddable":true,"href":"https:\/\/cndestetik.ch\/de\/wp-json\/wp\/v2\/media\/37380"}],"wp:attachment":[{"href":"https:\/\/cndestetik.ch\/de\/wp-json\/wp\/v2\/media?parent=52701"}],"wp:term":[{"taxonomy":"product_brand","embeddable":true,"href":"https:\/\/cndestetik.ch\/de\/wp-json\/wp\/v2\/product_brand?post=52701"},{"taxonomy":"product_cat","embeddable":true,"href":"https:\/\/cndestetik.ch\/de\/wp-json\/wp\/v2\/product_cat?post=52701"},{"taxonomy":"product_tag","embeddable":true,"href":"https:\/\/cndestetik.ch\/de\/wp-json\/wp\/v2\/product_tag?post=52701"}],"curies":[{"name":"wp","href":"https:\/\/api.w.org\/{rel}","templated":true}]}}