{"id":52690,"date":"2020-10-15T11:44:47","date_gmt":"2020-10-15T09:44:47","guid":{"rendered":"https:\/\/cndestetik.ch\/prodotto\/synergie-der-harmonie-aetherische-oele\/"},"modified":"2025-01-23T08:32:23","modified_gmt":"2025-01-23T07:32:23","slug":"synergie-der-atherischen-ole-harmonie","status":"publish","type":"product","link":"https:\/\/cndestetik.ch\/de\/prodotto\/synergie-der-atherischen-ole-harmonie\/","title":{"rendered":"Synergie der Harmonie \u00c4therische \u00d6le"},"content":{"rendered":"<p>Microcosmo Olfactory Synergies sind Mischungen \u00e4therischer \u00d6le aus Wasserdampfdestillation, 100% rein und nach ihren aromatherapeutischen Eigenschaften ausgew\u00e4hlt. Armonia ist eine Synergie mit einem frischen, leicht zitrusartigen Duft. Bringen Sie Ihre Seele ins Gleichgewicht, indem Sie sich wieder mit Ihrer nat\u00fcrlichen Gelassenheit verbinden. Die in Armonia enthaltenen \u00e4therischen \u00d6le sind: Bergamotte, Geranie, Patchouli Wie man diese Harmonie verwendet:<\/p>\n<p>&#8211; Aromatisierung von Umgebungen durch Diffusion;<\/p>\n<p>&#8211; Aromatisieren Sie Ihre eigene Sahne oder Ihr eigenes \u00d6l (die Menge sollte immer maximal 2-3% betragen);<\/p>\n<p>&#8211; Aromatisierung eines Peelings aus Bittersalz und Pflanzen\u00f6l<\/p>\n<p>&#8211; Aromatisierung eines Fu\u00dfbades (einige Tropfen auf Bittersalz geben und dann Wasser f\u00fcr das Fu\u00dfbad hinzuf\u00fcgen)<\/p>\n<p>&#8211; niemals \u00e4therisches \u00d6l in Wasser geben)<\/p>\n<p>&#8211; Ein hei\u00dfes Bad aromatisieren (einige Tropfen auf Bittersalz geben und dann Wasser f\u00fcr das Fu\u00dfbad hinzuf\u00fcgen)<\/p>\n<p>&#8211; niemals \u00e4therisches \u00d6l in Wasser geben)<\/p>\n<p>*Die \u00e4therischen \u00d6le von Microcosmo werden alle dampfdestilliert, ohne Verwendung von L\u00f6sungsmitteln oder Alkohol, so dass sie 100% rein sind. Sie k\u00f6nnen nur topisch angewendet werden, wenn sie in einem Tr\u00e4gerstoff (\u00d6l, Creme, Schlamm, Tonerde, Masken) verd\u00fcnnt sind, sie verd\u00fcnnen sich nicht in Wasser. Von einer oralen Einnahme ist dringend abzuraten, da seine Reinheit die Schleimh\u00e4ute sch\u00e4digen kann. Sie k\u00f6nnen f\u00fcr die Diffusion in der Umwelt verwendet werden.<\/p>\n<p>Au\u00dferhalb der Reichweite von Kindern aufbewahren. W\u00e4hrend der Schwangerschaft nicht topisch anwenden. Wenn Sie sich in pharmakologischer Behandlung befinden, wenden Sie sich an Ihren Arzt.<\/p>\n<p>Zutaten 100% biologisch und nat\u00fcrlich Vegan Cruelty Free<\/p>\n","protected":false},"excerpt":{"rendered":"<p>Die in Armonia enthaltenen \u00e4therischen \u00d6le sind: Bergamotte, Geranie, Patchouli.<\/p>\n","protected":false},"featured_media":37374,"template":"","meta":{"_acf_changed":false},"product_brand":[],"product_cat":[2314,12980],"product_tag":[508,8906,4260,409,528,4561,4261,4312,4309,4265],"class_list":{"0":"post-52690","1":"product","2":"type-product","3":"status-publish","4":"has-post-thumbnail","6":"product_cat-essenzen","7":"product_cat-mikrokosmos","8":"product_tag-atherische-ole","9":"product_tag-bergamotte","10":"product_tag-essenz","11":"product_tag-essenzen","12":"product_tag-geranie","13":"product_tag-harmonie-de","14":"product_tag-ole","15":"product_tag-patchouli-de","16":"product_tag-synergie-de","17":"product_tag-wesentliches","18":"pa_formato-10ml-de","19":"pa_formato-30ml-de","21":"first","22":"instock","23":"taxable","24":"shipping-taxable","25":"purchasable","26":"product-type-variable","27":"has-default-attributes"},"acf":[],"jetpack_sharing_enabled":true,"_links":{"self":[{"href":"https:\/\/cndestetik.ch\/de\/wp-json\/wp\/v2\/product\/52690","targetHints":{"allow":["GET"]}}],"collection":[{"href":"https:\/\/cndestetik.ch\/de\/wp-json\/wp\/v2\/product"}],"about":[{"href":"https:\/\/cndestetik.ch\/de\/wp-json\/wp\/v2\/types\/product"}],"wp:featuredmedia":[{"embeddable":true,"href":"https:\/\/cndestetik.ch\/de\/wp-json\/wp\/v2\/media\/37374"}],"wp:attachment":[{"href":"https:\/\/cndestetik.ch\/de\/wp-json\/wp\/v2\/media?parent=52690"}],"wp:term":[{"taxonomy":"product_brand","embeddable":true,"href":"https:\/\/cndestetik.ch\/de\/wp-json\/wp\/v2\/product_brand?post=52690"},{"taxonomy":"product_cat","embeddable":true,"href":"https:\/\/cndestetik.ch\/de\/wp-json\/wp\/v2\/product_cat?post=52690"},{"taxonomy":"product_tag","embeddable":true,"href":"https:\/\/cndestetik.ch\/de\/wp-json\/wp\/v2\/product_tag?post=52690"}],"curies":[{"name":"wp","href":"https:\/\/api.w.org\/{rel}","templated":true}]}}