{"id":52681,"date":"2020-10-15T11:44:36","date_gmt":"2020-10-15T09:44:36","guid":{"rendered":"https:\/\/cndestetik.ch\/prodotto\/beruhigendes-aftershave-wasser-malven-salbei\/"},"modified":"2025-01-24T13:04:13","modified_gmt":"2025-01-24T12:04:13","slug":"beruhigendes-wasser-nach-der-rasur-malven-salbei","status":"publish","type":"product","link":"https:\/\/cndestetik.ch\/de\/prodotto\/beruhigendes-wasser-nach-der-rasur-malven-salbei\/","title":{"rendered":"Beruhigendes Aftershave-Wasser &#8211; Malven-Salbei"},"content":{"rendered":"<p><span data-sheets-value=\"{\"1\":2,\"2\":\"Con Idrolato di Malva e Salvia, dal profumo delicato e particolare, protegge la pelle del viso dopo la rasatura riequilibrandola e dando una sensazione di benessere e di freschezza.\\nOttima da utilizzare quotidianamente come tonico sulla pelle dopo la detersione, \u00e8 idratante e lenitiva.\\n\\n*Durante il processo di distillazione in corrente di vapore delle piante fresche, raccolte nel loro momento balsamico, si ottengono oltre agli oli essenziali, anche gli idrolati, ovvero le acque aromatiche che rimangono impregnate di olio essenziale e di altri principi potenziati.\\nGli idrolati Microcosmo sono semplici e puri, una valida alternativa agli estratti in alcool e agli oli essenziali, che non avendo le stesse controindicazioni, possono essere usati direttamenti sulla pelle, per rinfrescare tonificare e rimuovere impurit\u00e0.\"}\" data-sheets-userformat=\"{\"2\":15297,\"3\":{\"1\":0},\"9\":0,\"10\":2,\"11\":0,\"12\":0,\"14\":{\"1\":2,\"2\":0},\"15\":\"Calibri\",\"16\":11}\"><br \/>\nDas Hydrolat aus Malve und Salbei mit seinem zarten und unverwechselbaren Duft sch\u00fctzt die Gesichtshaut nach der Rasur, bringt sie wieder ins Gleichgewicht und verleiht ihr ein Gef\u00fchl von Wohlbefinden und Frische. Es eignet sich hervorragend als t\u00e4gliches Tonikum f\u00fcr die Haut nach der Reinigung, spendet Feuchtigkeit und beruhigt sie.<\/span><\/p>\n<p>*Bei der Wasserdampfdestillation der frischen Pflanzen, die zum Zeitpunkt der Balsamierung geerntet werden, werden nicht nur \u00e4therische \u00d6le gewonnen, sondern auch Hydrolate, d.h. aromatische W\u00e4sser, die mit \u00e4therischem \u00d6l und anderen Wirkstoffen impr\u00e4gniert bleiben.<\/p>\n<p><span data-sheets-value=\"{\"1\":2,\"2\":\"Con Idrolato di Malva e Salvia, dal profumo delicato e particolare, protegge la pelle del viso dopo la rasatura riequilibrandola e dando una sensazione di benessere e di freschezza.\\nOttima da utilizzare quotidianamente come tonico sulla pelle dopo la detersione, \u00e8 idratante e lenitiva.\\n\\n*Durante il processo di distillazione in corrente di vapore delle piante fresche, raccolte nel loro momento balsamico, si ottengono oltre agli oli essenziali, anche gli idrolati, ovvero le acque aromatiche che rimangono impregnate di olio essenziale e di altri principi potenziati.\\nGli idrolati Microcosmo sono semplici e puri, una valida alternativa agli estratti in alcool e agli oli essenziali, che non avendo le stesse controindicazioni, possono essere usati direttamenti sulla pelle, per rinfrescare tonificare e rimuovere impurit\u00e0.\"}\" data-sheets-userformat=\"{\"2\":15297,\"3\":{\"1\":0},\"9\":0,\"10\":2,\"11\":0,\"12\":0,\"14\":{\"1\":2,\"2\":0},\"15\":\"Calibri\",\"16\":11}\">Die Hydrolate von Microcosmo sind einfach und rein, eine gute Alternative zu Alkoholextrakten und \u00e4therischen \u00d6len, die nicht die gleichen Gegenanzeigen haben und direkt auf der Haut angewendet werden k\u00f6nnen, um den Tonus aufzufrischen und Unreinheiten zu entfernen.<\/span><\/p>\n<p>Gr\u00f6\u00dfe: 100ml<\/p>\n","protected":false},"excerpt":{"rendered":"<p>Beruhigendes Wasser nach der Rasur<\/p>\n","protected":false},"featured_media":37383,"template":"","meta":{"_acf_changed":false},"product_brand":[],"product_cat":[12988,1495,12980],"product_tag":[7330,7332,4185,547,9062,499,4173],"class_list":{"0":"post-52681","1":"product","2":"type-product","3":"status-publish","4":"has-post-thumbnail","6":"product_cat-gesicht","7":"product_cat-kosmetik","8":"product_cat-mikrokosmos","9":"product_tag-aftershave","10":"product_tag-aftershave-de","11":"product_tag-beruhigend-de-3","12":"product_tag-malve","13":"product_tag-man","14":"product_tag-salbei","15":"product_tag-wasser","17":"first","18":"instock","19":"taxable","20":"shipping-taxable","21":"purchasable","22":"product-type-simple"},"acf":[],"jetpack_sharing_enabled":true,"_links":{"self":[{"href":"https:\/\/cndestetik.ch\/de\/wp-json\/wp\/v2\/product\/52681","targetHints":{"allow":["GET"]}}],"collection":[{"href":"https:\/\/cndestetik.ch\/de\/wp-json\/wp\/v2\/product"}],"about":[{"href":"https:\/\/cndestetik.ch\/de\/wp-json\/wp\/v2\/types\/product"}],"wp:featuredmedia":[{"embeddable":true,"href":"https:\/\/cndestetik.ch\/de\/wp-json\/wp\/v2\/media\/37383"}],"wp:attachment":[{"href":"https:\/\/cndestetik.ch\/de\/wp-json\/wp\/v2\/media?parent=52681"}],"wp:term":[{"taxonomy":"product_brand","embeddable":true,"href":"https:\/\/cndestetik.ch\/de\/wp-json\/wp\/v2\/product_brand?post=52681"},{"taxonomy":"product_cat","embeddable":true,"href":"https:\/\/cndestetik.ch\/de\/wp-json\/wp\/v2\/product_cat?post=52681"},{"taxonomy":"product_tag","embeddable":true,"href":"https:\/\/cndestetik.ch\/de\/wp-json\/wp\/v2\/product_tag?post=52681"}],"curies":[{"name":"wp","href":"https:\/\/api.w.org\/{rel}","templated":true}]}}