{"id":52675,"date":"2020-10-15T11:48:47","date_gmt":"2020-10-15T09:48:47","guid":{"rendered":"https:\/\/cndestetik.ch\/prodotto\/oleolith-spagyrik-zarte-haut\/"},"modified":"2025-01-24T13:04:18","modified_gmt":"2025-01-24T12:04:18","slug":"oleolyt-spagyrisch-hautglattend","status":"publish","type":"product","link":"https:\/\/cndestetik.ch\/de\/prodotto\/oleolyt-spagyrisch-hautglattend\/","title":{"rendered":"Oleolith Spagyrik Zarte Haut"},"content":{"rendered":"<p>Dieses Oleolith hat die Besonderheit, dass es extrem sanft und n\u00e4hrend f\u00fcr die empfindlichste und d\u00fcnnste Haut ist, die Beruhigung und Heilung braucht. Dank seiner entz\u00fcndungshemmenden und sch\u00fctzenden Eigenschaften f\u00fcr schwache Kapillaren hilft es auch der subkutanen Mikrozirkulation, sich wieder mit Sauerstoff zu versorgen und so der Haut und dem Teint eine lebendigere Farbe zu verleihen.<\/p>\n<p>* Spagyrische Oleolyte sind pflanzliche Zubereitungen, bei denen die Pflanze in \u00d6l mazeriert wird, wodurch fettl\u00f6sliche Inhaltsstoffe extrahiert werden, die mit L\u00f6sungsmitteln oder anderen Mitteln nur schwer zu gewinnen sind. Es handelt sich um ein Pr\u00e4parat, das reich an Wirkstoffen ist und in der Lage ist, die energetischen Qualit\u00e4ten, die in der Natur jeder Pflanze liegen, zu \u00fcbertragen. Es wird aus Pflanzen hergestellt, die direkt aus der Natur geerntet werden, wenn sie ihren balsamischen Moment erreicht haben, d.h. wenn ihre aktiven Eigenschaften den H\u00f6hepunkt ihrer Lebensenergie erreicht haben.<\/p>\n<p>&#8211; Kann pur auf die Haut aufgetragen oder mit anderen Produkten (Masken, Cremes) gemischt werden &#8211; Urspr\u00fcnglich ein Mittel f\u00fcr das Gesicht, kann aber f\u00fcr den ganzen K\u00f6rper verwendet werden &#8211; Verwendung bei Schwangerschaft oder Kindern<\/p>\n<p>100% biologische und nat\u00fcrliche Inhaltsstoffe Vegan und frei von Grausamkeiten<\/p>\n<p>UNSER RAT?<br \/>\nVerwenden Sie abends ein paar Pumpst\u00f6\u00dfe in Kombination mit dem f\u00fcr Sie am besten geeigneten Hyalurons\u00e4ure-Serum. Sie werden Ihre Haut gr\u00fcndlich n\u00e4hren und am Morgen werden Sie sie regeneriert und gest\u00e4rkt vorfinden!<\/p>\n","protected":false},"excerpt":{"rendered":"<p>Oleolith ist f\u00fcr die empfindlichste und feinste Haut geeignet.<\/p>\n","protected":false},"featured_media":36945,"template":"","meta":{"_acf_changed":false},"product_brand":[],"product_cat":[12988,1495,12980],"product_tag":[2117,515,2116,595,434,4823,8927],"class_list":{"0":"post-52675","1":"product","2":"type-product","3":"status-publish","4":"has-post-thumbnail","6":"product_cat-gesicht","7":"product_cat-kosmetik","8":"product_cat-mikrokosmos","9":"product_tag-haut-de","10":"product_tag-lavendel","11":"product_tag-oleolith","12":"product_tag-schafgarbe","13":"product_tag-spagyrik","14":"product_tag-spagyrische","15":"product_tag-zarte","17":"first","18":"instock","19":"taxable","20":"shipping-taxable","21":"purchasable","22":"product-type-simple"},"acf":[],"jetpack_sharing_enabled":true,"_links":{"self":[{"href":"https:\/\/cndestetik.ch\/de\/wp-json\/wp\/v2\/product\/52675","targetHints":{"allow":["GET"]}}],"collection":[{"href":"https:\/\/cndestetik.ch\/de\/wp-json\/wp\/v2\/product"}],"about":[{"href":"https:\/\/cndestetik.ch\/de\/wp-json\/wp\/v2\/types\/product"}],"wp:featuredmedia":[{"embeddable":true,"href":"https:\/\/cndestetik.ch\/de\/wp-json\/wp\/v2\/media\/36945"}],"wp:attachment":[{"href":"https:\/\/cndestetik.ch\/de\/wp-json\/wp\/v2\/media?parent=52675"}],"wp:term":[{"taxonomy":"product_brand","embeddable":true,"href":"https:\/\/cndestetik.ch\/de\/wp-json\/wp\/v2\/product_brand?post=52675"},{"taxonomy":"product_cat","embeddable":true,"href":"https:\/\/cndestetik.ch\/de\/wp-json\/wp\/v2\/product_cat?post=52675"},{"taxonomy":"product_tag","embeddable":true,"href":"https:\/\/cndestetik.ch\/de\/wp-json\/wp\/v2\/product_tag?post=52675"}],"curies":[{"name":"wp","href":"https:\/\/api.w.org\/{rel}","templated":true}]}}