{"id":52662,"date":"2022-06-01T13:16:05","date_gmt":"2022-06-01T11:16:05","guid":{"rendered":"https:\/\/cndestetik.ch\/prodotto\/aussteller-15-stueck-farbige-pinzetten\/"},"modified":"2024-01-11T11:30:32","modified_gmt":"2024-01-11T10:30:32","slug":"display-rack-15-teilig-farbige-pinzette","status":"publish","type":"product","link":"https:\/\/cndestetik.ch\/de\/prodotto\/display-rack-15-teilig-farbige-pinzette\/","title":{"rendered":"Aussteller 15 St\u00fcck farbige Pinzetten"},"content":{"rendered":"<p><span data-sheets-value=\"{\"1\":2,\"2\":\"Espositore da 15 pinzette colorate di ottima qualit\u00e0. Per rivendita\"}\" data-sheets-userformat=\"{\"2\":15297,\"3\":{\"1\":0},\"9\":0,\"10\":2,\"11\":0,\"12\":0,\"14\":{\"1\":2,\"2\":0},\"15\":\"Calibri\",\"16\":11}\">Display mit 15 farbigen Profi-Pinzetten mit schr\u00e4ger Spitze, Spitzenqualit\u00e4t, einzeln verpackt mit \u00d6ko-Lederetui.<\/span><\/p>\n<p><span data-sheets-value=\"{\"1\":2,\"2\":\"Espositore da 15 pinzette colorate di ottima qualit\u00e0. Per rivendita\"}\" data-sheets-userformat=\"{\"2\":15297,\"3\":{\"1\":0},\"9\":0,\"10\":2,\"11\":0,\"12\":0,\"14\":{\"1\":2,\"2\":0},\"15\":\"Calibri\",\"16\":11}\">Ideal f\u00fcr den Wiederverkauf oder als Werbegeschenk.<\/span><\/p>\n","protected":false},"excerpt":{"rendered":"<p><span data-sheets-value=\"{\"1\":2,\"2\":\"Espositore da 15 pinzette colorate di ottima qualit\u00e0. Per rivendita\"}\" data-sheets-userformat=\"{\"2\":15297,\"3\":{\"1\":0},\"9\":0,\"10\":2,\"11\":0,\"12\":0,\"14\":{\"1\":2,\"2\":0},\"15\":\"Calibri\",\"16\":11}\">Display mit 15 professionellen farbigen Pinzetten mit schr\u00e4ger Spitze, Spitzenqualit\u00e4t.<\/span><\/p>\n","protected":false},"featured_media":38980,"template":"","meta":{"_acf_changed":false},"product_brand":[],"product_cat":[1299,2128],"product_tag":[9040,9041,9042],"class_list":{"0":"post-52662","1":"product","2":"type-product","3":"status-publish","4":"has-post-thumbnail","6":"product_cat-ausrustung","7":"product_cat-lash-brow-de","8":"product_tag-farbige-pinzetten","9":"product_tag-pinzette-de-2","10":"product_tag-zange","12":"first","13":"instock","14":"taxable","15":"shipping-taxable","16":"purchasable","17":"product-type-simple"},"acf":[],"jetpack_sharing_enabled":true,"_links":{"self":[{"href":"https:\/\/cndestetik.ch\/de\/wp-json\/wp\/v2\/product\/52662","targetHints":{"allow":["GET"]}}],"collection":[{"href":"https:\/\/cndestetik.ch\/de\/wp-json\/wp\/v2\/product"}],"about":[{"href":"https:\/\/cndestetik.ch\/de\/wp-json\/wp\/v2\/types\/product"}],"wp:featuredmedia":[{"embeddable":true,"href":"https:\/\/cndestetik.ch\/de\/wp-json\/wp\/v2\/media\/38980"}],"wp:attachment":[{"href":"https:\/\/cndestetik.ch\/de\/wp-json\/wp\/v2\/media?parent=52662"}],"wp:term":[{"taxonomy":"product_brand","embeddable":true,"href":"https:\/\/cndestetik.ch\/de\/wp-json\/wp\/v2\/product_brand?post=52662"},{"taxonomy":"product_cat","embeddable":true,"href":"https:\/\/cndestetik.ch\/de\/wp-json\/wp\/v2\/product_cat?post=52662"},{"taxonomy":"product_tag","embeddable":true,"href":"https:\/\/cndestetik.ch\/de\/wp-json\/wp\/v2\/product_tag?post=52662"}],"curies":[{"name":"wp","href":"https:\/\/api.w.org\/{rel}","templated":true}]}}