{"id":52537,"date":"2020-10-15T11:43:55","date_gmt":"2020-10-15T09:43:55","guid":{"rendered":"https:\/\/cndestetik.ch\/prodotto\/straffende-koerpercreme\/"},"modified":"2025-02-07T09:02:18","modified_gmt":"2025-02-07T08:02:18","slug":"korperstraffende-creme","status":"publish","type":"product","link":"https:\/\/cndestetik.ch\/de\/prodotto\/korperstraffende-creme\/","title":{"rendered":"Straffende K\u00f6rpercreme"},"content":{"rendered":"<p><span data-sheets-value=\"{\"1\":2,\"2\":\"Sostiene la tonacit\u00e0 e l'elasticit\u00e0 dei tessuti cutanei.\\nE' ottima da utilizzare dopo un trattamento domestico come il bagno con i sali di epsom, oppure un fango snellente ... ma anche come mantenimento del rassodamento della cute.\\nL'ideale sarebbe utilizzarla sempre dopo la doccia, con la pelle leggermente umida che favorisce il suo assorbimento.\\n\\nE' molto consigliata anche alle donne in gravidanza, da applicare soprattutto sulla pancia e sulle zone che subiscono maggiori modifiche corporali, in quanto maniene la pelle molto elastica e di conseguenza riducono il rischio di formazione di smagliature.\"}\" data-sheets-userformat=\"{\"2\":15297,\"3\":{\"1\":0},\"9\":0,\"10\":2,\"11\":0,\"12\":0,\"14\":{\"1\":2,\"2\":0},\"15\":\"Calibri\",\"16\":11}\"><\/p>\n<p>Es unterst\u00fctzt die Festigkeit und Elastizit\u00e4t des Hautgewebes. Es eignet sich hervorragend zur Anwendung nach einer Heimbehandlung wie einem Bad mit Bittersalz oder einem Schlammbad, aber auch um die Straffung der Haut aufrechtzuerhalten. Idealerweise sollte es immer nach dem Duschen angewendet werden, wenn die Haut noch leicht feucht ist, was seine Aufnahme beg\u00fcnstigt.<\/span><\/p>\n<p>Auch f\u00fcr schwangere Frauen ist es sehr empfehlenswert, es vor allem auf den Bauch und die Bereiche, die sich stark ver\u00e4ndern, aufzutragen, da es die Haut sehr elastisch h\u00e4lt und somit das Risiko der Bildung von Dehnungsstreifen verringert.<\/p>\n","protected":false},"excerpt":{"rendered":"<p>K\u00f6rpercreme, die in Kombination mit anderen Produkten auf feuchter Haut verwendet werden kann, um die Aufnahme zu f\u00f6rdern.<\/p>\n","protected":false},"featured_media":37413,"template":"","meta":{"_acf_changed":false},"product_brand":[],"product_cat":[12985,1495,12980],"product_tag":[3836,590,2345,434,8964],"class_list":{"0":"post-52537","1":"product","2":"type-product","3":"status-publish","4":"has-post-thumbnail","6":"product_cat-body","7":"product_cat-kosmetik","8":"product_cat-mikrokosmos","9":"product_tag-creme-de","10":"product_tag-ginseng-de","11":"product_tag-korper","12":"product_tag-spagyrik","13":"product_tag-straffend-de","14":"pa_formato-200ml-de","15":"pa_formato-500ml-de","17":"first","18":"instock","19":"taxable","20":"shipping-taxable","21":"purchasable","22":"product-type-variable"},"acf":[],"jetpack_sharing_enabled":true,"_links":{"self":[{"href":"https:\/\/cndestetik.ch\/de\/wp-json\/wp\/v2\/product\/52537","targetHints":{"allow":["GET"]}}],"collection":[{"href":"https:\/\/cndestetik.ch\/de\/wp-json\/wp\/v2\/product"}],"about":[{"href":"https:\/\/cndestetik.ch\/de\/wp-json\/wp\/v2\/types\/product"}],"wp:featuredmedia":[{"embeddable":true,"href":"https:\/\/cndestetik.ch\/de\/wp-json\/wp\/v2\/media\/37413"}],"wp:attachment":[{"href":"https:\/\/cndestetik.ch\/de\/wp-json\/wp\/v2\/media?parent=52537"}],"wp:term":[{"taxonomy":"product_brand","embeddable":true,"href":"https:\/\/cndestetik.ch\/de\/wp-json\/wp\/v2\/product_brand?post=52537"},{"taxonomy":"product_cat","embeddable":true,"href":"https:\/\/cndestetik.ch\/de\/wp-json\/wp\/v2\/product_cat?post=52537"},{"taxonomy":"product_tag","embeddable":true,"href":"https:\/\/cndestetik.ch\/de\/wp-json\/wp\/v2\/product_tag?post=52537"}],"curies":[{"name":"wp","href":"https:\/\/api.w.org\/{rel}","templated":true}]}}