{"id":52522,"date":"2020-10-15T11:42:51","date_gmt":"2020-10-15T09:42:51","guid":{"rendered":"https:\/\/cndestetik.ch\/prodotto\/erleichternde-tropfen\/"},"modified":"2025-01-24T08:25:24","modified_gmt":"2025-01-24T07:25:24","slug":"tropfenabsauger","status":"publish","type":"product","link":"https:\/\/cndestetik.ch\/de\/prodotto\/tropfenabsauger\/","title":{"rendered":"Erleichternde Tropfen"},"content":{"rendered":"<p><span data-sheets-value=\"{&quot;1&quot;:2,&quot;2&quot;:&quot;Preziosa miscela a base di Olio di Rosa Mosqueta, dal potere antiossidante, emolliente e nutriente che, unito all'olio essenziale di Limone e all'estratto idroglicerico di Hamamelis, dalle propriet\u00e0 schiarenti e rigeneranti della cute, creano un prodoto dalle ampie possibilit\u00e0.nnUtilizzalo su tutte le macchie della pelle e discromie solari, o direttamente applicato sulla pelle oppure abbinato a maschere, impacchi, creme e oli.nutilizzalo sul viso, sulle mani e su tutto il resto del corpo.nnEvita l'esposizione al sole subito dopo l'utilizzo.&quot;}\" data-sheets-userformat=\"{&quot;2&quot;:15297,&quot;3&quot;:{&quot;1&quot;:0},&quot;9&quot;:0,&quot;10&quot;:2,&quot;11&quot;:0,&quot;12&quot;:0,&quot;14&quot;:{&quot;1&quot;:2,&quot;2&quot;:0},&quot;15&quot;:&quot;Calibri&quot;,&quot;16&quot;:11}\">Kostbare Mischung aus Hagebutten\u00f6l mit seiner antioxidativen, weichmachenden und n\u00e4hrenden Wirkung, die in Kombination mit \u00e4therischem Zitronen\u00f6l und Hamamelis-Hydro-Glycerin-Extrakt mit seinen hautaufhellenden und regenerierenden Eigenschaften ein Produkt mit vielen M\u00f6glichkeiten ergibt.<\/p>\n<p>Verwenden Sie es bei allen Hautunreinheiten und Sonnenflecken, entweder direkt auf die Haut aufgetragen oder in Kombination mit Masken, Kompressen, Cremes und \u00d6len.<br \/>  Verwenden Sie es f\u00fcr das Gesicht, die H\u00e4nde und den ganzen K\u00f6rper.<\/p>\n<p>Unmittelbar nach der Anwendung ist Sonneneinstrahlung zu vermeiden.<\/span><\/p>\n<p>Gr\u00f6\u00dfe: 10ml<\/p>\n","protected":false},"excerpt":{"rendered":"<p>Ein Produkt, das der Haut dank seiner Eigenschaften Glanz verleiht.<\/p>\n","protected":false},"featured_media":37455,"template":"","meta":{"_acf_changed":false},"product_brand":[],"product_cat":[12988,1495,12980],"product_tag":[7274,456,8954,462,7151,507],"class_list":{"0":"post-52522","1":"product","2":"type-product","3":"status-publish","4":"has-post-thumbnail","6":"product_cat-gesicht","7":"product_cat-kosmetik","8":"product_cat-mikrokosmos","9":"product_tag-hamamelis-de","10":"product_tag-regenerierend","11":"product_tag-reinigen-de-2","12":"product_tag-rosamosqueta-de","13":"product_tag-tropfen","14":"product_tag-zitrone","16":"first","17":"instock","18":"taxable","19":"shipping-taxable","20":"purchasable","21":"product-type-simple"},"acf":[],"jetpack_sharing_enabled":true,"_links":{"self":[{"href":"https:\/\/cndestetik.ch\/de\/wp-json\/wp\/v2\/product\/52522","targetHints":{"allow":["GET"]}}],"collection":[{"href":"https:\/\/cndestetik.ch\/de\/wp-json\/wp\/v2\/product"}],"about":[{"href":"https:\/\/cndestetik.ch\/de\/wp-json\/wp\/v2\/types\/product"}],"wp:featuredmedia":[{"embeddable":true,"href":"https:\/\/cndestetik.ch\/de\/wp-json\/wp\/v2\/media\/37455"}],"wp:attachment":[{"href":"https:\/\/cndestetik.ch\/de\/wp-json\/wp\/v2\/media?parent=52522"}],"wp:term":[{"taxonomy":"product_brand","embeddable":true,"href":"https:\/\/cndestetik.ch\/de\/wp-json\/wp\/v2\/product_brand?post=52522"},{"taxonomy":"product_cat","embeddable":true,"href":"https:\/\/cndestetik.ch\/de\/wp-json\/wp\/v2\/product_cat?post=52522"},{"taxonomy":"product_tag","embeddable":true,"href":"https:\/\/cndestetik.ch\/de\/wp-json\/wp\/v2\/product_tag?post=52522"}],"curies":[{"name":"wp","href":"https:\/\/api.w.org\/{rel}","templated":true}]}}