{"id":52506,"date":"2020-10-15T11:41:19","date_gmt":"2020-10-15T09:41:19","guid":{"rendered":"https:\/\/cndestetik.ch\/prodotto\/fusscreme\/"},"modified":"2025-01-23T09:36:47","modified_gmt":"2025-01-23T08:36:47","slug":"fuscreme","status":"publish","type":"product","link":"https:\/\/cndestetik.ch\/de\/prodotto\/fuscreme\/","title":{"rendered":"Fu\u00dfcreme"},"content":{"rendered":"<p><span data-sheets-value=\"{\"1\":2,\"2\":\"Mira a dare sollievo e benessere ai piedi, idratando, tonificando e rinfrescando la cute.nRegolarizza la sudorazione grazie all'estratto spagirico di Salvia, migliora la circolazione periferica e aiuta a tenere la temperatura dei piedi in equilibrio con quella del corpo grazie all'estratto spgirico di ippocastano, mantenendo i piedi leggeri e morbidi durante la giornata.\"}\" data-sheets-userformat=\"{\"2\":15297,\"3\":{\"1\":0},\"9\":0,\"10\":2,\"11\":0,\"12\":0,\"14\":{\"1\":2,\"2\":0},\"15\":\"Calibri\",\"16\":11}\"><br \/>\nSie reguliert die Schwei\u00dfbildung dank des spagyrischen Salbeiextrakts, verbessert die periphere Durchblutung und hilft dank des spagyrischen Rosskastanienextrakts, die Temperatur der F\u00fc\u00dfe im Gleichgewicht mit der des K\u00f6rpers zu halten, so dass die F\u00fc\u00dfe den ganzen Tag \u00fcber leicht und weich bleiben.<\/span><\/p>\n","protected":false},"excerpt":{"rendered":"<p>Fu\u00dfcreme auf Salbeibasis, erh\u00e4ltlich in zwei Gr\u00f6\u00dfen.<\/p>\n","protected":false},"featured_media":37519,"template":"","meta":{"_acf_changed":false},"product_brand":[],"product_cat":[12985,1495,12980],"product_tag":[3836,8925,1455,553,499],"class_list":{"0":"post-52506","1":"product","2":"type-product","3":"status-publish","4":"has-post-thumbnail","6":"product_cat-body","7":"product_cat-kosmetik","8":"product_cat-mikrokosmos","9":"product_tag-creme-de","10":"product_tag-fuscreme","11":"product_tag-fuse","12":"product_tag-rosskastanie","13":"product_tag-salbei","14":"pa_formato-100ml-de","15":"pa_formato-250ml-de","16":"pa_formato-50ml-de","18":"first","19":"instock","20":"taxable","21":"shipping-taxable","22":"purchasable","23":"product-type-variable"},"acf":[],"jetpack_sharing_enabled":true,"_links":{"self":[{"href":"https:\/\/cndestetik.ch\/de\/wp-json\/wp\/v2\/product\/52506","targetHints":{"allow":["GET"]}}],"collection":[{"href":"https:\/\/cndestetik.ch\/de\/wp-json\/wp\/v2\/product"}],"about":[{"href":"https:\/\/cndestetik.ch\/de\/wp-json\/wp\/v2\/types\/product"}],"wp:featuredmedia":[{"embeddable":true,"href":"https:\/\/cndestetik.ch\/de\/wp-json\/wp\/v2\/media\/37519"}],"wp:attachment":[{"href":"https:\/\/cndestetik.ch\/de\/wp-json\/wp\/v2\/media?parent=52506"}],"wp:term":[{"taxonomy":"product_brand","embeddable":true,"href":"https:\/\/cndestetik.ch\/de\/wp-json\/wp\/v2\/product_brand?post=52506"},{"taxonomy":"product_cat","embeddable":true,"href":"https:\/\/cndestetik.ch\/de\/wp-json\/wp\/v2\/product_cat?post=52506"},{"taxonomy":"product_tag","embeddable":true,"href":"https:\/\/cndestetik.ch\/de\/wp-json\/wp\/v2\/product_tag?post=52506"}],"curies":[{"name":"wp","href":"https:\/\/api.w.org\/{rel}","templated":true}]}}