{"id":52503,"date":"2020-10-15T11:41:43","date_gmt":"2020-10-15T09:41:43","guid":{"rendered":"https:\/\/cndestetik.ch\/prodotto\/baby-badeoel-ringelblume\/"},"modified":"2022-11-15T17:03:15","modified_gmt":"2022-11-15T16:03:15","slug":"olbad-kalendula","status":"publish","type":"product","link":"https:\/\/cndestetik.ch\/de\/prodotto\/olbad-kalendula\/","title":{"rendered":"Baby-Bade\u00f6l Ringelblume"},"content":{"rendered":"<p><span data-sheets-value=\"{\"1\":2,\"2\":\"Per un bagno idratante ed emolliente lascia la cute morbidissima.\\n\\nLa sua texture a contatto con l'acqua si trasforma e rende il bagnetto soffice e delicato.\\n\\nLa sua fragranza avvolgente lascia la pelle profumata.\\n\\nIngredienti 100% Organici e Naturali\\nVegan\\nCruelty Free\"}\" data-sheets-userformat=\"{\"2\":15297,\"3\":{\"1\":0},\"9\":0,\"10\":2,\"11\":0,\"12\":0,\"14\":{\"1\":2,\"2\":0},\"15\":\"Calibri\",\"16\":11}\">F\u00fcr ein feuchtigkeitsspendendes und linderndes Bad, das die Haut sehr weich macht.<\/span><\/p>\n<p>Seine Textur verwandelt sich bei Kontakt mit Wasser und macht das Baden weich und sanft.<\/p>\n<p>Sein umh\u00fcllender Duft hinterl\u00e4sst einen wohlriechenden Eindruck auf der Haut.<\/p>\n<p><span data-sheets-value=\"{\"1\":2,\"2\":\"Per un bagno idratante ed emolliente lascia la cute morbidissima.\\n\\nLa sua texture a contatto con l'acqua si trasforma e rende il bagnetto soffice e delicato.\\n\\nLa sua fragranza avvolgente lascia la pelle profumata.\\n\\nIngredienti 100% Organici e Naturali\\nVegan\\nCruelty Free\"}\" data-sheets-userformat=\"{\"2\":15297,\"3\":{\"1\":0},\"9\":0,\"10\":2,\"11\":0,\"12\":0,\"14\":{\"1\":2,\"2\":0},\"15\":\"Calibri\",\"16\":11}\">Gr\u00f6\u00dfe: 200ml.<\/span><\/p>\n<p>100% biologische und nat\u00fcrliche Inhaltsstoffe<br \/>\nVegan<br \/>\nGrausamkeitsfrei<\/p>\n","protected":false},"excerpt":{"rendered":"<p>Sanftes Bade\u00f6l f\u00fcr S\u00e4uglinge. Feuchtigkeitsspendend und erweichend.<\/p>\n","protected":false},"featured_media":37504,"template":"","meta":{"_acf_changed":false},"product_brand":[],"product_cat":[1895],"product_tag":[1822,8920,594,4408,8919,2192,447,434],"class_list":{"0":"post-52503","1":"product","2":"type-product","3":"status-publish","4":"has-post-thumbnail","6":"product_cat-kinder","7":"product_tag-badezimmer","8":"product_tag-erweichend","9":"product_tag-feuchtigkeitscreme","10":"product_tag-kinder","11":"product_tag-kinder-de","12":"product_tag-ol-de","13":"product_tag-ringelblume","14":"product_tag-spagyrik","16":"first","17":"instock","18":"taxable","19":"shipping-taxable","20":"purchasable","21":"product-type-simple"},"acf":[],"jetpack_sharing_enabled":true,"_links":{"self":[{"href":"https:\/\/cndestetik.ch\/de\/wp-json\/wp\/v2\/product\/52503","targetHints":{"allow":["GET"]}}],"collection":[{"href":"https:\/\/cndestetik.ch\/de\/wp-json\/wp\/v2\/product"}],"about":[{"href":"https:\/\/cndestetik.ch\/de\/wp-json\/wp\/v2\/types\/product"}],"wp:featuredmedia":[{"embeddable":true,"href":"https:\/\/cndestetik.ch\/de\/wp-json\/wp\/v2\/media\/37504"}],"wp:attachment":[{"href":"https:\/\/cndestetik.ch\/de\/wp-json\/wp\/v2\/media?parent=52503"}],"wp:term":[{"taxonomy":"product_brand","embeddable":true,"href":"https:\/\/cndestetik.ch\/de\/wp-json\/wp\/v2\/product_brand?post=52503"},{"taxonomy":"product_cat","embeddable":true,"href":"https:\/\/cndestetik.ch\/de\/wp-json\/wp\/v2\/product_cat?post=52503"},{"taxonomy":"product_tag","embeddable":true,"href":"https:\/\/cndestetik.ch\/de\/wp-json\/wp\/v2\/product_tag?post=52503"}],"curies":[{"name":"wp","href":"https:\/\/api.w.org\/{rel}","templated":true}]}}