{"id":52498,"date":"2020-10-15T11:41:16","date_gmt":"2020-10-15T09:41:16","guid":{"rendered":"https:\/\/cndestetik.ch\/prodotto\/handcreme-beruhigend-malve\/"},"modified":"2022-11-15T16:54:47","modified_gmt":"2022-11-15T15:54:47","slug":"handcreme-beruhigende-malve","status":"publish","type":"product","link":"https:\/\/cndestetik.ch\/de\/prodotto\/handcreme-beruhigende-malve\/","title":{"rendered":"Handcreme &#8211; Beruhigend &#8211; Malve"},"content":{"rendered":"<p>Diese Handcreme mit spagyrischem Malvenextrakt ist dank des enthaltenen \u00e4therischen Zitronen\u00f6ls besonders pflegend, frisch und wohlriechend.<\/p>\n<p>Sie hat ein kleines, leicht zu transportierendes Format und hinterl\u00e4sst weiche und gepflegte H\u00e4nde.<\/p>\n<p>Ein idealer Verb\u00fcndeter im Winter, bequem in der Tasche zu tragen oder wo immer Sie wenig Platz haben. Dank der Malve beruhigt es und bek\u00e4mpft R\u00f6tungen.<\/p>\n<p>Gr\u00f6\u00dfe: 50ml<\/p>\n","protected":false},"excerpt":{"rendered":"<p>Handcreme, die R\u00f6tungen lindert und bek\u00e4mpft.<\/p>\n","protected":false},"featured_media":37522,"template":"","meta":{"_acf_changed":false},"product_brand":[],"product_cat":[1495],"product_tag":[4185,3836,8915,3550,547,507],"class_list":{"0":"post-52498","1":"product","2":"type-product","3":"status-publish","4":"has-post-thumbnail","6":"product_cat-kosmetik","7":"product_tag-beruhigend-de-3","8":"product_tag-creme-de","9":"product_tag-handcreme-de","10":"product_tag-hande","11":"product_tag-malve","12":"product_tag-zitrone","14":"first","15":"instock","16":"taxable","17":"shipping-taxable","18":"purchasable","19":"product-type-simple"},"acf":[],"jetpack_sharing_enabled":true,"_links":{"self":[{"href":"https:\/\/cndestetik.ch\/de\/wp-json\/wp\/v2\/product\/52498","targetHints":{"allow":["GET"]}}],"collection":[{"href":"https:\/\/cndestetik.ch\/de\/wp-json\/wp\/v2\/product"}],"about":[{"href":"https:\/\/cndestetik.ch\/de\/wp-json\/wp\/v2\/types\/product"}],"wp:featuredmedia":[{"embeddable":true,"href":"https:\/\/cndestetik.ch\/de\/wp-json\/wp\/v2\/media\/37522"}],"wp:attachment":[{"href":"https:\/\/cndestetik.ch\/de\/wp-json\/wp\/v2\/media?parent=52498"}],"wp:term":[{"taxonomy":"product_brand","embeddable":true,"href":"https:\/\/cndestetik.ch\/de\/wp-json\/wp\/v2\/product_brand?post=52498"},{"taxonomy":"product_cat","embeddable":true,"href":"https:\/\/cndestetik.ch\/de\/wp-json\/wp\/v2\/product_cat?post=52498"},{"taxonomy":"product_tag","embeddable":true,"href":"https:\/\/cndestetik.ch\/de\/wp-json\/wp\/v2\/product_tag?post=52498"}],"curies":[{"name":"wp","href":"https:\/\/api.w.org\/{rel}","templated":true}]}}