{"id":52474,"date":"2020-10-15T11:40:03","date_gmt":"2020-10-15T09:40:03","guid":{"rendered":"https:\/\/cndestetik.ch\/prodotto\/aetherisches-ylang-ylang-oel\/"},"modified":"2025-01-22T16:21:11","modified_gmt":"2025-01-22T15:21:11","slug":"ol-essentielles-ylang-ylang","status":"publish","type":"product","link":"https:\/\/cndestetik.ch\/de\/prodotto\/ol-essentielles-ylang-ylang\/","title":{"rendered":"\u00c4therisches Ylang-Ylang-\u00d6l"},"content":{"rendered":"<p><span data-sheets-value=\"{\"1\":2,\"2\":\"Nota di Cuore. Armonizzante - agisce sulla rabbia frenando la collera derivanmte da frustrazione - risveglia la sensualit\u00e0 - in assoluto \u00e8 il pi\u00f9 indicato per donne che hanno trascurato la loro femminilit\u00e0.\\nAzioni: antibatterico - lenitivo disinfiammante cutaneo - tonico - antiseborroico - ipotensivo - analgesico - antisettico.\\nAdatto in caso di: tutte le tipologie di pelle, in particolare pelle grassa - eczemi - orticaria - pelle atona e spenta - ipertensione - massaggi rilassanti e antistress - massaggio addominale - unghie e capelli spenti e opachi (dona lucentezza)\\n\\nGli oli essenziali vengono estratti da parti specifiche di piante aromatiche dette essenziere. L'estrazione viene per lo pi\u00f9 fatta con il metodo della distillazione in corrente di vapore, ottenuta tramite appositi distillatori. Con essa si riescono a raccogliere le molecole pi\u00f9 volatili e lipofile della pianta\\n-Gli oli essenziali non vanno applicati puri sulla pelle poich\u00e9 possono provocare effetti collaterali, quali irritazioni cutanee, allergie e vere e proprie macchie sulla pelle. E' quindi necessario diluirli sempre in sostanze vettrici come oli base, creme, saponi etc.\\n-Non utilizzarli in trattamenti di donne in gravidanza. Gli O.E. di agrumi (come arancio amaro, bergamotto e limone) contengono sostanze fotosensibilizzanti, non vanno utilizzati prima dell'esposizione al sole. Tenere gli O.E. fuori dalla portata dei bambini. Per escludere eventuali reazioni allergiche, peraltro molto rare, la prima volta che utilizzate un olio essenziale fate una prova con una goccia sull'incavo del gomito. Nel giro di un minuto se non si manifesta nessuna reazione allora potrete usarlo con tranquillit\u00e0 (sempre nelle diluizioni consigliate)\\n-Noce moscata, Salvia, Rosmarino e Timo sono controindicati in caso di epilessia.\"}\" data-sheets-userformat=\"{\"2\":15297,\"3\":{\"1\":0},\"9\":0,\"10\":2,\"11\":0,\"12\":0,\"14\":{\"1\":2,\"2\":0},\"15\":\"Calibri\",\"16\":11}\">Herznote.<br \/>\nHarmonisierend &#8211; wirkt auf die Wut, indem es die Frustration d\u00e4mpft &#8211; weckt die Sinnlichkeit &#8211; absolut am besten geeignet f\u00fcr Frauen, die ihre Weiblichkeit vernachl\u00e4ssigt haben. Wirkungen: antibakteriell &#8211; hautberuhigend &#8211; entz\u00fcndungshemmend &#8211; tonisierend &#8211; antiseborrhoisch &#8211; blutdrucksenkend &#8211; schmerzlindernd &#8211; antiseptisch.<br \/>\nGeeignet f\u00fcr: alle Hauttypen, insbesondere fettige Haut &#8211; Ekzeme &#8211; Urtikaria &#8211; stumpfe, glanzlose Haut &#8211; Bluthochdruck &#8211; entspannende und Anti-Stress-Massagen &#8211; Bauchmassage &#8211; stumpfe, glanzlose N\u00e4gel und Haare (verleiht Glanz)<\/span><\/p>\n<p>\u00c4therische \u00d6le werden aus bestimmten Teilen aromatischer Pflanzen, den so genannten Essenzen, extrahiert. Die Extraktion erfolgt meist durch Wasserdampfdestillation in speziellen Destillierger\u00e4ten. Mit ihm k\u00f6nnen die fl\u00fcchtigsten und lipophilsten Molek\u00fcle der Pflanze gesammelt werden<\/p>\n<p><span data-sheets-value=\"{\"1\":2,\"2\":\"Nota di Cuore. Armonizzante - agisce sulla rabbia frenando la collera derivanmte da frustrazione - risveglia la sensualit\u00e0 - in assoluto \u00e8 il pi\u00f9 indicato per donne che hanno trascurato la loro femminilit\u00e0.\\nAzioni: antibatterico - lenitivo disinfiammante cutaneo - tonico - antiseborroico - ipotensivo - analgesico - antisettico.\\nAdatto in caso di: tutte le tipologie di pelle, in particolare pelle grassa - eczemi - orticaria - pelle atona e spenta - ipertensione - massaggi rilassanti e antistress - massaggio addominale - unghie e capelli spenti e opachi (dona lucentezza)\\n\\nGli oli essenziali vengono estratti da parti specifiche di piante aromatiche dette essenziere. L'estrazione viene per lo pi\u00f9 fatta con il metodo della distillazione in corrente di vapore, ottenuta tramite appositi distillatori. Con essa si riescono a raccogliere le molecole pi\u00f9 volatili e lipofile della pianta\\n-Gli oli essenziali non vanno applicati puri sulla pelle poich\u00e9 possono provocare effetti collaterali, quali irritazioni cutanee, allergie e vere e proprie macchie sulla pelle. E' quindi necessario diluirli sempre in sostanze vettrici come oli base, creme, saponi etc.\\n-Non utilizzarli in trattamenti di donne in gravidanza. Gli O.E. di agrumi (come arancio amaro, bergamotto e limone) contengono sostanze fotosensibilizzanti, non vanno utilizzati prima dell'esposizione al sole. Tenere gli O.E. fuori dalla portata dei bambini. Per escludere eventuali reazioni allergiche, peraltro molto rare, la prima volta che utilizzate un olio essenziale fate una prova con una goccia sull'incavo del gomito. Nel giro di un minuto se non si manifesta nessuna reazione allora potrete usarlo con tranquillit\u00e0 (sempre nelle diluizioni consigliate)\\n-Noce moscata, Salvia, Rosmarino e Timo sono controindicati in caso di epilessia.\"}\" data-sheets-userformat=\"{\"2\":15297,\"3\":{\"1\":0},\"9\":0,\"10\":2,\"11\":0,\"12\":0,\"14\":{\"1\":2,\"2\":0},\"15\":\"Calibri\",\"16\":11}\">-\u00c4therische \u00d6le sollten nicht rein auf die Haut aufgetragen werden, da sie Nebenwirkungen wie Hautreizungen, Allergien und Flecken auf der Haut verursachen k\u00f6nnen. Es ist daher immer notwendig, sie in Vektorsubstanzen wie Basis\u00f6len, Cremes, Seifen usw. zu verd\u00fcnnen.<br \/>\n<\/span><\/p>\n<p><span data-sheets-value=\"{\"1\":2,\"2\":\"Nota di Cuore. Armonizzante - agisce sulla rabbia frenando la collera derivanmte da frustrazione - risveglia la sensualit\u00e0 - in assoluto \u00e8 il pi\u00f9 indicato per donne che hanno trascurato la loro femminilit\u00e0.\\nAzioni: antibatterico - lenitivo disinfiammante cutaneo - tonico - antiseborroico - ipotensivo - analgesico - antisettico.\\nAdatto in caso di: tutte le tipologie di pelle, in particolare pelle grassa - eczemi - orticaria - pelle atona e spenta - ipertensione - massaggi rilassanti e antistress - massaggio addominale - unghie e capelli spenti e opachi (dona lucentezza)\\n\\nGli oli essenziali vengono estratti da parti specifiche di piante aromatiche dette essenziere. L'estrazione viene per lo pi\u00f9 fatta con il metodo della distillazione in corrente di vapore, ottenuta tramite appositi distillatori. Con essa si riescono a raccogliere le molecole pi\u00f9 volatili e lipofile della pianta\\n-Gli oli essenziali non vanno applicati puri sulla pelle poich\u00e9 possono provocare effetti collaterali, quali irritazioni cutanee, allergie e vere e proprie macchie sulla pelle. E' quindi necessario diluirli sempre in sostanze vettrici come oli base, creme, saponi etc.\\n-Non utilizzarli in trattamenti di donne in gravidanza. Gli O.E. di agrumi (come arancio amaro, bergamotto e limone) contengono sostanze fotosensibilizzanti, non vanno utilizzati prima dell'esposizione al sole. Tenere gli O.E. fuori dalla portata dei bambini. Per escludere eventuali reazioni allergiche, peraltro molto rare, la prima volta che utilizzate un olio essenziale fate una prova con una goccia sull'incavo del gomito. Nel giro di un minuto se non si manifesta nessuna reazione allora potrete usarlo con tranquillit\u00e0 (sempre nelle diluizioni consigliate)\\n-Noce moscata, Salvia, Rosmarino e Timo sono controindicati in caso di epilessia.\"}\" data-sheets-userformat=\"{\"2\":15297,\"3\":{\"1\":0},\"9\":0,\"10\":2,\"11\":0,\"12\":0,\"14\":{\"1\":2,\"2\":0},\"15\":\"Calibri\",\"16\":11}\">-Sie d\u00fcrfen nicht bei der Behandlung von Schwangeren eingesetzt werden. Zitrus-O.E. (wie Bitterorange, Bergamotte und Zitrone) enthalten photosensibilisierende Substanzen und sollten nicht vor der Sonneneinstrahlung verwendet werden. Bewahren Sie O.E. au\u00dferhalb der Reichweite von Kindern auf. Um m\u00f6gliche allergische Reaktionen auszuschlie\u00dfen, die sehr selten sind, sollten Sie bei der ersten Anwendung eines \u00e4therischen \u00d6ls einen Tropfen auf Ihre Ellenbeuge geben. Wenn innerhalb einer Minute keine Reaktion auftritt, k\u00f6nnen Sie es sicher verwenden (immer in der empfohlenen Verd\u00fcnnung)<br \/>\n<\/span><\/p>\n<p><span data-sheets-value=\"{\"1\":2,\"2\":\"Nota di Cuore. Armonizzante - agisce sulla rabbia frenando la collera derivanmte da frustrazione - risveglia la sensualit\u00e0 - in assoluto \u00e8 il pi\u00f9 indicato per donne che hanno trascurato la loro femminilit\u00e0.\\nAzioni: antibatterico - lenitivo disinfiammante cutaneo - tonico - antiseborroico - ipotensivo - analgesico - antisettico.\\nAdatto in caso di: tutte le tipologie di pelle, in particolare pelle grassa - eczemi - orticaria - pelle atona e spenta - ipertensione - massaggi rilassanti e antistress - massaggio addominale - unghie e capelli spenti e opachi (dona lucentezza)\\n\\nGli oli essenziali vengono estratti da parti specifiche di piante aromatiche dette essenziere. L'estrazione viene per lo pi\u00f9 fatta con il metodo della distillazione in corrente di vapore, ottenuta tramite appositi distillatori. Con essa si riescono a raccogliere le molecole pi\u00f9 volatili e lipofile della pianta\\n-Gli oli essenziali non vanno applicati puri sulla pelle poich\u00e9 possono provocare effetti collaterali, quali irritazioni cutanee, allergie e vere e proprie macchie sulla pelle. E' quindi necessario diluirli sempre in sostanze vettrici come oli base, creme, saponi etc.\\n-Non utilizzarli in trattamenti di donne in gravidanza. Gli O.E. di agrumi (come arancio amaro, bergamotto e limone) contengono sostanze fotosensibilizzanti, non vanno utilizzati prima dell'esposizione al sole. Tenere gli O.E. fuori dalla portata dei bambini. Per escludere eventuali reazioni allergiche, peraltro molto rare, la prima volta che utilizzate un olio essenziale fate una prova con una goccia sull'incavo del gomito. Nel giro di un minuto se non si manifesta nessuna reazione allora potrete usarlo con tranquillit\u00e0 (sempre nelle diluizioni consigliate)\\n-Noce moscata, Salvia, Rosmarino e Timo sono controindicati in caso di epilessia.\"}\" data-sheets-userformat=\"{\"2\":15297,\"3\":{\"1\":0},\"9\":0,\"10\":2,\"11\":0,\"12\":0,\"14\":{\"1\":2,\"2\":0},\"15\":\"Calibri\",\"16\":11}\">-Muskatnuss, Salbei, Rosmarin und Thymian sind bei Epilepsie kontraindiziert.<\/span><\/p>\n","protected":false},"excerpt":{"rendered":"<p>Das \u00e4therische \u00d6l Ylang Ylang ist in zwei Gr\u00f6\u00dfen erh\u00e4ltlich, 10 oder 30 ml.<\/p>\n","protected":false},"featured_media":37579,"template":"","meta":{"_acf_changed":false},"product_brand":[],"product_cat":[2314,12980],"product_tag":[9680,9679,508,2323,4260,2192,2319,7529,8909],"class_list":{"0":"post-52474","1":"product","2":"type-product","3":"status-publish","4":"has-post-thumbnail","6":"product_cat-essenzen","7":"product_cat-mikrokosmos","8":"product_tag-antiborroika","9":"product_tag-aromen","10":"product_tag-atherische-ole","11":"product_tag-atherisches-ol-de","12":"product_tag-essenz","13":"product_tag-ol-de","14":"product_tag-wesentlich","15":"product_tag-ylang-de","16":"product_tag-ylang-ylang-de","17":"pa_formato-10ml-de","18":"pa_formato-30ml-de","20":"first","21":"instock","22":"taxable","23":"shipping-taxable","24":"purchasable","25":"product-type-variable"},"acf":[],"jetpack_sharing_enabled":true,"_links":{"self":[{"href":"https:\/\/cndestetik.ch\/de\/wp-json\/wp\/v2\/product\/52474","targetHints":{"allow":["GET"]}}],"collection":[{"href":"https:\/\/cndestetik.ch\/de\/wp-json\/wp\/v2\/product"}],"about":[{"href":"https:\/\/cndestetik.ch\/de\/wp-json\/wp\/v2\/types\/product"}],"wp:featuredmedia":[{"embeddable":true,"href":"https:\/\/cndestetik.ch\/de\/wp-json\/wp\/v2\/media\/37579"}],"wp:attachment":[{"href":"https:\/\/cndestetik.ch\/de\/wp-json\/wp\/v2\/media?parent=52474"}],"wp:term":[{"taxonomy":"product_brand","embeddable":true,"href":"https:\/\/cndestetik.ch\/de\/wp-json\/wp\/v2\/product_brand?post=52474"},{"taxonomy":"product_cat","embeddable":true,"href":"https:\/\/cndestetik.ch\/de\/wp-json\/wp\/v2\/product_cat?post=52474"},{"taxonomy":"product_tag","embeddable":true,"href":"https:\/\/cndestetik.ch\/de\/wp-json\/wp\/v2\/product_tag?post=52474"}],"curies":[{"name":"wp","href":"https:\/\/api.w.org\/{rel}","templated":true}]}}