{"id":52463,"date":"2020-10-15T11:41:04","date_gmt":"2020-10-15T09:41:04","guid":{"rendered":"https:\/\/cndestetik.ch\/prodotto\/aetherisches-oel-der-bergamotte\/"},"modified":"2025-01-22T16:15:34","modified_gmt":"2025-01-22T15:15:34","slug":"ol-essentielle-bergamotte","status":"publish","type":"product","link":"https:\/\/cndestetik.ch\/de\/prodotto\/ol-essentielle-bergamotte\/","title":{"rendered":"\u00c4therisches \u00d6l der Bergamotte"},"content":{"rendered":"<p><span data-sheets-value=\"{\"1\":2,\"2\":\"Nota di Testa. Riequilibrante sui bisogni primari - incrementa la fiducia in s\u00e9 stessi - vivificante e calmante sugli stati depressivi e ansiosi.\\nAzioni: antibatterico - antiossidante - rinfrescante - depurativo - astringente - schiarente - antimicotico - benefico per le vie respiratorie\\nAdatto in caso di: pelli acneiche, impure, infiammate e grasse - trattamento di vitiligine - geloni - trattamento purificante e schiarente di mani e piedi - massaggio rilassante - forfora - utile per chi sta smettendo di fumare.\\n\\nGli oli essenziali vengono estratti da parti specifiche di piante aromatiche dette essenziere. L'estrazione viene per lo pi\u00f9 fatta con il metodo della distillazione in corrente di vapore, ottenuta tramite appositi distillatori. Con essa si riescono a raccogliere le molecole pi\u00f9 volatili e lipofile della pianta\\n-Gli oli essenziali non vanno applicati puri sulla pelle poich\u00e9 possono provocare effetti collaterali, quali irritazioni cutanee, allergie e vere e proprie macchie sulla pelle. E' quindi necessario diluirli sempre in sostanze vettrici come oli base, creme, saponi etc.\\n-Non utilizzarli in trattamenti di donne in gravidanza. Gli O.E. di agrumi (come arancio amaro, bergamotto e limone) contengono sostanze fotosensibilizzanti, non vanno utilizzati prima dell'esposizione al sole. Tenere gli O.E. fuori dalla portata dei bambini. Per escludere eventuali reazioni allergiche, peraltro molto rare, la prima volta che utilizzate un olio essenziale fate una prova con una goccia sull'incavo del gomito. Nel giro di un minuto se non si manifesta nessuna reazione allora potrete usarlo con tranquillit\u00e0 (sempre nelle diluizioni consigliate)\\n-Noce moscata, Salvia, Rosmarino e Timo sono controindicati in caso di epilessia.\\n\"}\" data-sheets-userformat=\"{\"2\":15297,\"3\":{\"1\":0},\"9\":0,\"10\":2,\"11\":0,\"12\":0,\"14\":{\"1\":2,\"2\":0},\"15\":\"Calibri\",\"16\":11}\">Obere Note. Ausgleichend bei Grundbed\u00fcrfnissen &#8211; st\u00e4rkt das Selbstvertrauen &#8211; belebend und beruhigend bei depressiven und \u00e4ngstlichen Zust\u00e4nden.<\/p>\n<p>Wirkungen: antibakteriell &#8211; antioxidativ &#8211; erfrischend &#8211; reinigend &#8211; adstringierend &#8211; aufhellend &#8211; antimykotisch &#8211; wohltuend f\u00fcr die Atemwege Geeignet f\u00fcr: zu Akne neigende, unreine, entz\u00fcndete und fettige Haut &#8211; Behandlung von Vitiligo &#8211; Frostbeulen &#8211; reinigende und aufhellende Behandlung von H\u00e4nden und F\u00fc\u00dfen &#8211; entspannende Massage &#8211; Schuppen &#8211; n\u00fctzlich f\u00fcr Raucherentw\u00f6hnung.<\/span><\/p>\n<p>\u00c4therische \u00d6le werden aus bestimmten Teilen aromatischer Pflanzen, den so genannten Essenzen, extrahiert. Die Extraktion erfolgt meist durch Wasserdampfdestillation in speziellen Destillierger\u00e4ten. Mit ihm k\u00f6nnen die fl\u00fcchtigsten und lipophilsten Molek\u00fcle der Pflanze gesammelt werden<\/p>\n<p><span data-sheets-value=\"{\"1\":2,\"2\":\"Nota di Testa. Riequilibrante sui bisogni primari - incrementa la fiducia in s\u00e9 stessi - vivificante e calmante sugli stati depressivi e ansiosi.\\nAzioni: antibatterico - antiossidante - rinfrescante - depurativo - astringente - schiarente - antimicotico - benefico per le vie respiratorie\\nAdatto in caso di: pelli acneiche, impure, infiammate e grasse - trattamento di vitiligine - geloni - trattamento purificante e schiarente di mani e piedi - massaggio rilassante - forfora - utile per chi sta smettendo di fumare.\\n\\nGli oli essenziali vengono estratti da parti specifiche di piante aromatiche dette essenziere. L'estrazione viene per lo pi\u00f9 fatta con il metodo della distillazione in corrente di vapore, ottenuta tramite appositi distillatori. Con essa si riescono a raccogliere le molecole pi\u00f9 volatili e lipofile della pianta\\n-Gli oli essenziali non vanno applicati puri sulla pelle poich\u00e9 possono provocare effetti collaterali, quali irritazioni cutanee, allergie e vere e proprie macchie sulla pelle. E' quindi necessario diluirli sempre in sostanze vettrici come oli base, creme, saponi etc.\\n-Non utilizzarli in trattamenti di donne in gravidanza. Gli O.E. di agrumi (come arancio amaro, bergamotto e limone) contengono sostanze fotosensibilizzanti, non vanno utilizzati prima dell'esposizione al sole. Tenere gli O.E. fuori dalla portata dei bambini. Per escludere eventuali reazioni allergiche, peraltro molto rare, la prima volta che utilizzate un olio essenziale fate una prova con una goccia sull'incavo del gomito. Nel giro di un minuto se non si manifesta nessuna reazione allora potrete usarlo con tranquillit\u00e0 (sempre nelle diluizioni consigliate)\\n-Noce moscata, Salvia, Rosmarino e Timo sono controindicati in caso di epilessia.\\n\"}\" data-sheets-userformat=\"{\"2\":15297,\"3\":{\"1\":0},\"9\":0,\"10\":2,\"11\":0,\"12\":0,\"14\":{\"1\":2,\"2\":0},\"15\":\"Calibri\",\"16\":11}\">-\u00c4therische \u00d6le sollten nicht rein auf die Haut aufgetragen werden, da sie Nebenwirkungen wie Hautreizungen, Allergien und Flecken auf der Haut verursachen k\u00f6nnen. Es ist daher immer notwendig, sie in Vektorsubstanzen wie Basis\u00f6len, Cremes, Seifen usw. zu verd\u00fcnnen.<br \/>\n<\/span><\/p>\n<p><span data-sheets-value=\"{\"1\":2,\"2\":\"Nota di Testa. Riequilibrante sui bisogni primari - incrementa la fiducia in s\u00e9 stessi - vivificante e calmante sugli stati depressivi e ansiosi.\\nAzioni: antibatterico - antiossidante - rinfrescante - depurativo - astringente - schiarente - antimicotico - benefico per le vie respiratorie\\nAdatto in caso di: pelli acneiche, impure, infiammate e grasse - trattamento di vitiligine - geloni - trattamento purificante e schiarente di mani e piedi - massaggio rilassante - forfora - utile per chi sta smettendo di fumare.\\n\\nGli oli essenziali vengono estratti da parti specifiche di piante aromatiche dette essenziere. L'estrazione viene per lo pi\u00f9 fatta con il metodo della distillazione in corrente di vapore, ottenuta tramite appositi distillatori. Con essa si riescono a raccogliere le molecole pi\u00f9 volatili e lipofile della pianta\\n-Gli oli essenziali non vanno applicati puri sulla pelle poich\u00e9 possono provocare effetti collaterali, quali irritazioni cutanee, allergie e vere e proprie macchie sulla pelle. E' quindi necessario diluirli sempre in sostanze vettrici come oli base, creme, saponi etc.\\n-Non utilizzarli in trattamenti di donne in gravidanza. Gli O.E. di agrumi (come arancio amaro, bergamotto e limone) contengono sostanze fotosensibilizzanti, non vanno utilizzati prima dell'esposizione al sole. Tenere gli O.E. fuori dalla portata dei bambini. Per escludere eventuali reazioni allergiche, peraltro molto rare, la prima volta che utilizzate un olio essenziale fate una prova con una goccia sull'incavo del gomito. Nel giro di un minuto se non si manifesta nessuna reazione allora potrete usarlo con tranquillit\u00e0 (sempre nelle diluizioni consigliate)\\n-Noce moscata, Salvia, Rosmarino e Timo sono controindicati in caso di epilessia.\\n\"}\" data-sheets-userformat=\"{\"2\":15297,\"3\":{\"1\":0},\"9\":0,\"10\":2,\"11\":0,\"12\":0,\"14\":{\"1\":2,\"2\":0},\"15\":\"Calibri\",\"16\":11}\">-Sie d\u00fcrfen nicht bei der Behandlung von Schwangeren eingesetzt werden. Zitrus-O.E. (wie Bitterorange, Bergamotte und Zitrone) enthalten photosensibilisierende Substanzen und sollten nicht vor der Sonneneinstrahlung verwendet werden. Bewahren Sie O.E. au\u00dferhalb der Reichweite von Kindern auf. Um m\u00f6gliche allergische Reaktionen auszuschlie\u00dfen, die sehr selten sind, sollten Sie bei der ersten Anwendung eines \u00e4therischen \u00d6ls einen Tropfen auf Ihre Ellenbeuge geben. Wenn innerhalb einer Minute keine Reaktion auftritt, k\u00f6nnen Sie es sicher verwenden (immer in der empfohlenen Verd\u00fcnnung)<br \/>\n<\/span><\/p>\n<p><span data-sheets-value=\"{\"1\":2,\"2\":\"Nota di Testa. Riequilibrante sui bisogni primari - incrementa la fiducia in s\u00e9 stessi - vivificante e calmante sugli stati depressivi e ansiosi.\\nAzioni: antibatterico - antiossidante - rinfrescante - depurativo - astringente - schiarente - antimicotico - benefico per le vie respiratorie\\nAdatto in caso di: pelli acneiche, impure, infiammate e grasse - trattamento di vitiligine - geloni - trattamento purificante e schiarente di mani e piedi - massaggio rilassante - forfora - utile per chi sta smettendo di fumare.\\n\\nGli oli essenziali vengono estratti da parti specifiche di piante aromatiche dette essenziere. L'estrazione viene per lo pi\u00f9 fatta con il metodo della distillazione in corrente di vapore, ottenuta tramite appositi distillatori. Con essa si riescono a raccogliere le molecole pi\u00f9 volatili e lipofile della pianta\\n-Gli oli essenziali non vanno applicati puri sulla pelle poich\u00e9 possono provocare effetti collaterali, quali irritazioni cutanee, allergie e vere e proprie macchie sulla pelle. E' quindi necessario diluirli sempre in sostanze vettrici come oli base, creme, saponi etc.\\n-Non utilizzarli in trattamenti di donne in gravidanza. Gli O.E. di agrumi (come arancio amaro, bergamotto e limone) contengono sostanze fotosensibilizzanti, non vanno utilizzati prima dell'esposizione al sole. Tenere gli O.E. fuori dalla portata dei bambini. Per escludere eventuali reazioni allergiche, peraltro molto rare, la prima volta che utilizzate un olio essenziale fate una prova con una goccia sull'incavo del gomito. Nel giro di un minuto se non si manifesta nessuna reazione allora potrete usarlo con tranquillit\u00e0 (sempre nelle diluizioni consigliate)\\n-Noce moscata, Salvia, Rosmarino e Timo sono controindicati in caso di epilessia.\\n\"}\" data-sheets-userformat=\"{\"2\":15297,\"3\":{\"1\":0},\"9\":0,\"10\":2,\"11\":0,\"12\":0,\"14\":{\"1\":2,\"2\":0},\"15\":\"Calibri\",\"16\":11}\">-Muskatnuss, Salbei, Rosmarin und Thymian sind bei Epilepsie kontraindiziert.<br \/>\n<\/span><\/p>\n","protected":false},"excerpt":{"rendered":"<p>\u00c4therisches \u00d6l der Bergamotte, erh\u00e4ltlich in zwei Gr\u00f6\u00dfen, 10 und 30 ml.<\/p>\n","protected":false},"featured_media":37531,"template":"","meta":{"_acf_changed":false},"product_brand":[],"product_cat":[2314,12980],"product_tag":[7174,2323,8906,4260,2192,9635,2319],"class_list":{"0":"post-52463","1":"product","2":"type-product","3":"status-publish","4":"has-post-thumbnail","6":"product_cat-essenzen","7":"product_cat-mikrokosmos","8":"product_tag-adstringierend","9":"product_tag-atherisches-ol-de","10":"product_tag-bergamotte","11":"product_tag-essenz","12":"product_tag-ol-de","13":"product_tag-reinigungsmittel-de","14":"product_tag-wesentlich","15":"pa_formato-10ml-de","16":"pa_formato-30ml-de","18":"first","19":"instock","20":"taxable","21":"shipping-taxable","22":"purchasable","23":"product-type-variable","24":"has-default-attributes"},"acf":[],"jetpack_sharing_enabled":true,"_links":{"self":[{"href":"https:\/\/cndestetik.ch\/de\/wp-json\/wp\/v2\/product\/52463","targetHints":{"allow":["GET"]}}],"collection":[{"href":"https:\/\/cndestetik.ch\/de\/wp-json\/wp\/v2\/product"}],"about":[{"href":"https:\/\/cndestetik.ch\/de\/wp-json\/wp\/v2\/types\/product"}],"wp:featuredmedia":[{"embeddable":true,"href":"https:\/\/cndestetik.ch\/de\/wp-json\/wp\/v2\/media\/37531"}],"wp:attachment":[{"href":"https:\/\/cndestetik.ch\/de\/wp-json\/wp\/v2\/media?parent=52463"}],"wp:term":[{"taxonomy":"product_brand","embeddable":true,"href":"https:\/\/cndestetik.ch\/de\/wp-json\/wp\/v2\/product_brand?post=52463"},{"taxonomy":"product_cat","embeddable":true,"href":"https:\/\/cndestetik.ch\/de\/wp-json\/wp\/v2\/product_cat?post=52463"},{"taxonomy":"product_tag","embeddable":true,"href":"https:\/\/cndestetik.ch\/de\/wp-json\/wp\/v2\/product_tag?post=52463"}],"curies":[{"name":"wp","href":"https:\/\/api.w.org\/{rel}","templated":true}]}}