{"id":52452,"date":"2020-10-15T11:39:27","date_gmt":"2020-10-15T09:39:27","guid":{"rendered":"https:\/\/cndestetik.ch\/prodotto\/entwaesserung-von-spagyrischem-oleolith\/"},"modified":"2025-01-23T09:35:08","modified_gmt":"2025-01-23T08:35:08","slug":"oleolytisch-spagyrisch-drainierend","status":"publish","type":"product","link":"https:\/\/cndestetik.ch\/de\/prodotto\/oleolytisch-spagyrisch-drainierend\/","title":{"rendered":"Entw\u00e4sserung von spagyrischem Oleolith"},"content":{"rendered":"<p><span data-sheets-value=\"{\"1\":2,\"2\":\"Con oleoliti spagirici di Betulla e Edera. Un olio corpo che lavora rinforzando la circolazione periferica ed allo stesso tempo stimola il drenaggio dei liquidi e la pulizia del corpo dalle tossine accumulate. Aiuta ad attenuare edemi, gonfiori, cellulite e depura il sistema linfatico andando ad eliminare le sostanze nocive. A livello aromaterapetico favorisce la depurazione e rigenerazione della nostra energia, donando tranquillit\u00e0 e la capacit\u00e0 di lasciar andare preoccupazioni e pesi inutili.\\n\\nNell'oleolito spagirico la pianta \u00e8 stata utilizzata nella sua totalit\u00e0 e completezza, ivi compresi i suoi sali che hanno un'azione terapeutica estremamente potente e rilevante. La tecnica spagirica consente di ottenere oli che hanno la caratteristica di essere attivi e vitali sia sul piano cosmetico che curativo. Ogni Oleolito Spagirico Corpo \u00e8 una preziosa miscela di Oleoliti Spagirici e Oli Essenziali studiata con cura da esperti erboristi per offrire un prodotto specifico ed efficace per le esigenze del corpo.\"}\" data-sheets-userformat=\"{\"2\":15297,\"3\":{\"1\":0},\"9\":0,\"10\":2,\"11\":0,\"12\":0,\"14\":{\"1\":2,\"2\":0},\"15\":\"Calibri\",\"16\":11}\">Mit spagyrischer Birke und Efeu-Oleolithen. Ein K\u00f6rper\u00f6l, das die periphere Durchblutung st\u00e4rkt und gleichzeitig den Fl\u00fcssigkeitsabfluss anregt und den K\u00f6rper von angesammelten Giftstoffen reinigt. Sie hilft, \u00d6deme, Schwellungen und Cellulite zu lindern und reinigt das Lymphsystem, indem sie sch\u00e4dliche Substanzen ausscheidet. Auf aromatherapeutischer Ebene f\u00f6rdert er die Reinigung und Regeneration unserer Energie, verleiht Ruhe und die F\u00e4higkeit, unn\u00f6tige Sorgen und Belastungen loszulassen.<\/span><\/p>\n<p>In der spagyrischen Oleolyte wird die Pflanze in ihrer Gesamtheit und Vollst\u00e4ndigkeit verwendet, einschlie\u00dflich ihrer Salze, die eine \u00e4u\u00dferst starke und relevante therapeutische Wirkung haben. Die spagyrische Technik erm\u00f6glicht es, \u00d6le zu gewinnen, die sowohl auf kosmetischer als auch auf heilender Ebene aktiv und vital sind. Jedes spagyrische K\u00f6rper\u00f6l ist eine wertvolle Mischung aus spagyrischen Oleolithen und \u00e4therischen \u00d6len, die von Kr\u00e4uterexperten sorgf\u00e4ltig zusammengestellt wurde, um ein spezifisches und wirksames Produkt f\u00fcr die Bed\u00fcrfnisse des K\u00f6rpers zu bieten.<\/p>\n","protected":false},"excerpt":{"rendered":"<p>Drainage-Oleolith, erh\u00e4ltlich in zwei verschiedenen Gr\u00f6\u00dfen.<\/p>\n","protected":false},"featured_media":37606,"template":"","meta":{"_acf_changed":false},"product_brand":[],"product_cat":[12985,1495,12980,11234],"product_tag":[8902,8893,2023,2116,434,4823],"class_list":{"0":"post-52452","1":"product","2":"type-product","3":"status-publish","4":"has-post-thumbnail","6":"product_cat-body","7":"product_cat-kosmetik","8":"product_cat-mikrokosmos","9":"product_cat-physiotherapie-de","10":"product_tag-birke-de","11":"product_tag-efeu","12":"product_tag-entleerung","13":"product_tag-oleolith","14":"product_tag-spagyrik","15":"product_tag-spagyrische","16":"pa_formato-100ml-de","17":"pa_formato-500ml-de","19":"first","20":"instock","21":"taxable","22":"shipping-taxable","23":"purchasable","24":"product-type-variable"},"acf":[],"jetpack_sharing_enabled":true,"_links":{"self":[{"href":"https:\/\/cndestetik.ch\/de\/wp-json\/wp\/v2\/product\/52452","targetHints":{"allow":["GET"]}}],"collection":[{"href":"https:\/\/cndestetik.ch\/de\/wp-json\/wp\/v2\/product"}],"about":[{"href":"https:\/\/cndestetik.ch\/de\/wp-json\/wp\/v2\/types\/product"}],"wp:featuredmedia":[{"embeddable":true,"href":"https:\/\/cndestetik.ch\/de\/wp-json\/wp\/v2\/media\/37606"}],"wp:attachment":[{"href":"https:\/\/cndestetik.ch\/de\/wp-json\/wp\/v2\/media?parent=52452"}],"wp:term":[{"taxonomy":"product_brand","embeddable":true,"href":"https:\/\/cndestetik.ch\/de\/wp-json\/wp\/v2\/product_brand?post=52452"},{"taxonomy":"product_cat","embeddable":true,"href":"https:\/\/cndestetik.ch\/de\/wp-json\/wp\/v2\/product_cat?post=52452"},{"taxonomy":"product_tag","embeddable":true,"href":"https:\/\/cndestetik.ch\/de\/wp-json\/wp\/v2\/product_tag?post=52452"}],"curies":[{"name":"wp","href":"https:\/\/api.w.org\/{rel}","templated":true}]}}