{"id":52438,"date":"2020-10-15T11:39:32","date_gmt":"2020-10-15T09:39:32","guid":{"rendered":"https:\/\/cndestetik.ch\/prodotto\/heilsalbe-2\/"},"modified":"2025-01-23T09:35:41","modified_gmt":"2025-01-23T08:35:41","slug":"cicatrizant-ol","status":"publish","type":"product","link":"https:\/\/cndestetik.ch\/de\/prodotto\/cicatrizant-ol\/","title":{"rendered":"Heilsalbe"},"content":{"rendered":"<p><span data-sheets-value=\"{\"1\":2,\"2\":\"Con oleoliti spagirici di Calendula, Iperico, Elicriso, Achillea e Olio Vegetale di Rosa Mosqueta. Aiuta a lenire i rossori, a velocizzare i processi di cicatrizzazione cutanea, a sostenere la naturale rigenerazione della pelle e la produzione di collagene. Essendo ricco di Vitamina A-E naturali combatte l'invecchiamento cutaneo e le rughe profonde. Adatto dopo un peeling nei trattamenti anti-age. E' ottimo su cicatrici recenti e smagliature; coadiuva il tono e l'elasticit\u00e0 della pelle mantenendo morbidi i tessuti.\\n\\nNell'oleolito spagirico la pianta \u00e8 stata utilizzata nella sua totalit\u00e0 e completezza, ivi compresi i suoi sali che hanno un'azione terapeutica estremamente potente e rilevante. La tecnica spagirica consente di ottenere oli che hanno la caratteristica di essere attivi e vitali sia sul piano cosmetico che curativo. Ogni Oleolito Spagirico Corpo \u00e8 una preziosa miscela di Oleoliti Spagirici e Oli Essenziali studiata con cura da esperti erboristi per offrire un prodotto specifico ed efficace per le esigenze del corpo\"}\" data-sheets-userformat=\"{\"2\":15297,\"3\":{\"1\":0},\"9\":0,\"10\":2,\"11\":0,\"12\":0,\"14\":{\"1\":2,\"2\":0},\"15\":\"Calibri\",\"16\":11}\">Mit spagyrischen Oleolithen aus Calendula, Hypericum, Helichrysum, Schafgarbe und Hagebutten-Pflanzen\u00f6l. Es hilft, R\u00f6tungen zu lindern, den Heilungsprozess der Haut zu beschleunigen und die nat\u00fcrliche Regeneration und Kollagenproduktion der Haut zu unterst\u00fctzen. Sie ist reich an nat\u00fcrlichem Vitamin A-E und wirkt der Hautalterung und tiefen Falten entgegen. Geeignet nach einem Peeling bei Anti-Aging-Behandlungen. Es eignet sich hervorragend zur Behandlung von frischen Narben und Dehnungsstreifen; es f\u00f6rdert die Spannkraft und Elastizit\u00e4t der Haut, indem es das Gewebe weich h\u00e4lt.<\/span><\/p>\n<p>In der spagyrischen Oleolyte wird die Pflanze in ihrer Gesamtheit und Vollst\u00e4ndigkeit verwendet, einschlie\u00dflich ihrer Salze, die eine \u00e4u\u00dferst starke und relevante therapeutische Wirkung haben. Die spagyrische Technik erm\u00f6glicht es, \u00d6le zu gewinnen, die sowohl auf kosmetischer als auch auf heilender Ebene aktiv und vital sind. Jedes spagyrische K\u00f6rper\u00f6l ist eine wertvolle Mischung aus spagyrischen Oleolithen und \u00e4therischen \u00d6len, die von erfahrenen Kr\u00e4uterexperten sorgf\u00e4ltig zusammengestellt wurde, um ein spezifisches und wirksames Produkt f\u00fcr die Bed\u00fcrfnisse des K\u00f6rpers zu bieten<\/p>\n","protected":false},"excerpt":{"rendered":"<p>Cicatrizant Oleolite, geeignet f\u00fcr frische Narben, Dehnungsstreifen und um das Gewebe weich zu halten.<\/p>\n","protected":false},"featured_media":37603,"template":"","meta":{"_acf_changed":false},"product_brand":[],"product_cat":[12985,1495,12980,11234],"product_tag":[7228,617,1882,3743,2116,447,462,595,4823],"class_list":{"0":"post-52438","1":"product","2":"type-product","3":"status-publish","4":"has-post-thumbnail","6":"product_cat-body","7":"product_cat-kosmetik","8":"product_cat-mikrokosmos","9":"product_cat-physiotherapie-de","10":"product_tag-heilung","11":"product_tag-helichrysum-de","12":"product_tag-johanniskraut","13":"product_tag-narben","14":"product_tag-oleolith","15":"product_tag-ringelblume","16":"product_tag-rosamosqueta-de","17":"product_tag-schafgarbe","18":"product_tag-spagyrische","20":"first","21":"instock","22":"taxable","23":"shipping-taxable","24":"purchasable","25":"product-type-simple"},"acf":[],"jetpack_sharing_enabled":true,"_links":{"self":[{"href":"https:\/\/cndestetik.ch\/de\/wp-json\/wp\/v2\/product\/52438","targetHints":{"allow":["GET"]}}],"collection":[{"href":"https:\/\/cndestetik.ch\/de\/wp-json\/wp\/v2\/product"}],"about":[{"href":"https:\/\/cndestetik.ch\/de\/wp-json\/wp\/v2\/types\/product"}],"wp:featuredmedia":[{"embeddable":true,"href":"https:\/\/cndestetik.ch\/de\/wp-json\/wp\/v2\/media\/37603"}],"wp:attachment":[{"href":"https:\/\/cndestetik.ch\/de\/wp-json\/wp\/v2\/media?parent=52438"}],"wp:term":[{"taxonomy":"product_brand","embeddable":true,"href":"https:\/\/cndestetik.ch\/de\/wp-json\/wp\/v2\/product_brand?post=52438"},{"taxonomy":"product_cat","embeddable":true,"href":"https:\/\/cndestetik.ch\/de\/wp-json\/wp\/v2\/product_cat?post=52438"},{"taxonomy":"product_tag","embeddable":true,"href":"https:\/\/cndestetik.ch\/de\/wp-json\/wp\/v2\/product_tag?post=52438"}],"curies":[{"name":"wp","href":"https:\/\/api.w.org\/{rel}","templated":true}]}}