{"id":52437,"date":"2020-10-15T11:39:39","date_gmt":"2020-10-15T09:39:39","guid":{"rendered":"https:\/\/cndestetik.ch\/prodotto\/oleolith-spagyrische-cellulite-behandlung\/"},"modified":"2025-01-23T09:35:42","modified_gmt":"2025-01-23T08:35:42","slug":"oleolyt-spagyrik-zellulitis-behandlung","status":"publish","type":"product","link":"https:\/\/cndestetik.ch\/de\/prodotto\/oleolyt-spagyrik-zellulitis-behandlung\/","title":{"rendered":"Oleolith spagyrische Cellulite-Behandlung"},"content":{"rendered":"<p><span data-sheets-value=\"{\"1\":2,\"2\":\"Con oleoliti spagirici di Edera e Rosmarino. Agisce stimolando lo scioglimento dei noduli cellulitici e la disinfiammazione del tessuto, tipica della loro presenza. Stimola e rinforza la circolazione periferica ed il drenaggio dei liquidi in eccesso per aiutare lo smaltimento di tossine e un'ulteriore formazione di cellulite. Tonifica ed elasticizza lasciando la cute liscia.\\n\\nNell'oleolito spagirico la pianta \u00e8 stata utilizzata nella sua totalit\u00e0 e completezza, ivi compresi i suoi sali che hanno un'azione terapeutica estremamente potente e rilevante. La tecnica spagirica consente di ottenere oli che hanno la caratteristica di essere attivi e vitali sia sul piano cosmetico che curativo. Ogni Oleolito Spagirico Corpo \u00e8 una preziosa miscela di Oleoliti Spagirici e Oli Essenziali studiata con cura da esperti erboristi per offrire un prodotto specifico ed efficace per le esigenze del corpo\"}\" data-sheets-userformat=\"{\"2\":15297,\"3\":{\"1\":0},\"9\":0,\"10\":2,\"11\":0,\"12\":0,\"14\":{\"1\":2,\"2\":0},\"15\":\"Calibri\",\"16\":11}\">Mit spagyrischen Oleolithen von Efeu und Rosmarin. Es wirkt, indem es die Aufl\u00f6sung von Cellulite-Kn\u00f6tchen und die Desinflammation des Gewebes anregt, die f\u00fcr ihre Anwesenheit typisch sind. Es stimuliert und st\u00e4rkt die periphere Durchblutung und die Drainage von \u00fcbersch\u00fcssiger Fl\u00fcssigkeit, um die Beseitigung von Giftstoffen und die weitere Bildung von Cellulite zu unterst\u00fctzen. Wirkt tonisierend und elastisierend und macht die Haut geschmeidig.<\/span><\/p>\n<p>In der spagyrischen Oleolyte wird die Pflanze in ihrer Gesamtheit und Vollst\u00e4ndigkeit verwendet, einschlie\u00dflich ihrer Salze, die eine \u00e4u\u00dferst starke und relevante therapeutische Wirkung haben. Die spagyrische Technik erm\u00f6glicht es, \u00d6le zu gewinnen, die sowohl auf kosmetischer als auch auf heilender Ebene aktiv und vital sind. Jedes spagyrische K\u00f6rper\u00f6l ist eine wertvolle Mischung aus spagyrischen Oleolithen und \u00e4therischen \u00d6len, die von erfahrenen Kr\u00e4uterexperten sorgf\u00e4ltig zusammengestellt wurde, um ein spezifisches und wirksames Produkt f\u00fcr die Bed\u00fcrfnisse des K\u00f6rpers zu bieten<\/p>\n","protected":false},"excerpt":{"rendered":"<p>Oleolith, das Cellulite-Kn\u00f6tchen l\u00f6st und die Haut strafft und festigt.<\/p>\n","protected":false},"featured_media":37597,"template":"","meta":{"_acf_changed":false},"product_brand":[],"product_cat":[12985,1495,12980,11234],"product_tag":[3632,3606,8893,8895,488,434],"class_list":{"0":"post-52437","1":"product","2":"type-product","3":"status-publish","4":"has-post-thumbnail","6":"product_cat-body","7":"product_cat-kosmetik","8":"product_cat-mikrokosmos","9":"product_cat-physiotherapie-de","10":"product_tag-belebend","11":"product_tag-cellulite-de","12":"product_tag-efeu","13":"product_tag-elastifizierend","14":"product_tag-rosmarin","15":"product_tag-spagyrik","16":"pa_formato-100ml-de","17":"pa_formato-500ml-de","19":"first","20":"instock","21":"taxable","22":"shipping-taxable","23":"purchasable","24":"product-type-variable","25":"has-default-attributes"},"acf":[],"jetpack_sharing_enabled":true,"_links":{"self":[{"href":"https:\/\/cndestetik.ch\/de\/wp-json\/wp\/v2\/product\/52437","targetHints":{"allow":["GET"]}}],"collection":[{"href":"https:\/\/cndestetik.ch\/de\/wp-json\/wp\/v2\/product"}],"about":[{"href":"https:\/\/cndestetik.ch\/de\/wp-json\/wp\/v2\/types\/product"}],"wp:featuredmedia":[{"embeddable":true,"href":"https:\/\/cndestetik.ch\/de\/wp-json\/wp\/v2\/media\/37597"}],"wp:attachment":[{"href":"https:\/\/cndestetik.ch\/de\/wp-json\/wp\/v2\/media?parent=52437"}],"wp:term":[{"taxonomy":"product_brand","embeddable":true,"href":"https:\/\/cndestetik.ch\/de\/wp-json\/wp\/v2\/product_brand?post=52437"},{"taxonomy":"product_cat","embeddable":true,"href":"https:\/\/cndestetik.ch\/de\/wp-json\/wp\/v2\/product_cat?post=52437"},{"taxonomy":"product_tag","embeddable":true,"href":"https:\/\/cndestetik.ch\/de\/wp-json\/wp\/v2\/product_tag?post=52437"}],"curies":[{"name":"wp","href":"https:\/\/api.w.org\/{rel}","templated":true}]}}