{"id":52436,"date":"2020-10-15T11:38:37","date_gmt":"2020-10-15T09:38:37","guid":{"rendered":"https:\/\/cndestetik.ch\/prodotto\/spagyrische-salbe-couperose\/"},"modified":"2025-01-24T08:19:54","modified_gmt":"2025-01-24T07:19:54","slug":"oleolyt-spagyrik-couperose","status":"publish","type":"product","link":"https:\/\/cndestetik.ch\/de\/prodotto\/oleolyt-spagyrik-couperose\/","title":{"rendered":"Spagyrische Salbe Couperose"},"content":{"rendered":"<p><span data-sheets-value=\"{\"1\":2,\"2\":\"Con Oleoliti Spagirici di Achillea e Rosa Canina. Un olio preparato per migliorare lo stato dei capillari sottocutanei e lenire i rossori. Le piante scelte sostengono la microcircolazione periferica e agiscono come antiossidanti e protettori delle pareti dei capillari. Quest'olio agisce anche migliorando il nutrimento cutaneo per garantire una naturale protezione della pelle nei confronti degli agenti atmosferici.\\n\\nOgni Oleolito Spagirico Viso \u00e8 una preziosa miscela di Oleoliti Spagirici ed Oli Essenziali studiata con cura da esperti erboristi per offrire un prodotto specifico ed efficace per la pelle delicata del viso.\"}\" data-sheets-userformat=\"{\"2\":15297,\"3\":{\"1\":0},\"9\":0,\"10\":2,\"11\":0,\"12\":0,\"14\":{\"1\":2,\"2\":0},\"15\":\"Calibri\",\"16\":11}\">Mit spagyrischen Oleolithen aus Schafgarbe und Hagebutte. Ein \u00d6l, das zubereitet wird, um den Zustand der subkutanen Kapillaren zu verbessern und R\u00f6tungen zu lindern. Die ausgew\u00e4hlten Pflanzen unterst\u00fctzen die periphere Mikrozirkulation und wirken als Antioxidantien und Kapillarwandsch\u00fctzer. Dieses \u00d6l verbessert auch die N\u00e4hrstoffversorgung der Haut und bietet einen nat\u00fcrlichen Schutz gegen Witterungseinfl\u00fcsse.<\/span><\/p>\n<p>Jedes spagyrische Oleolith f\u00fcr das Gesicht ist eine wertvolle Mischung aus spagyrischen Oleolithen und \u00e4therischen \u00d6len, die von Kr\u00e4uterexperten sorgf\u00e4ltig zusammengestellt wurde, um ein spezifisches und wirksames Produkt f\u00fcr die empfindliche Gesichtshaut zu bieten.<\/p>\n<p>Gr\u00f6\u00dfe: 30ml<\/p>\n","protected":false},"excerpt":{"rendered":"<p>Spagyrisches \u00d6l Couperose, geeignet zur <span data-sheets-value=\"{\"1\":2,\"2\":\"Con Oleoliti Spagirici di Achillea e Rosa Canina. Un olio preparato per migliorare lo stato dei capillari sottocutanei e lenire i rossori. Le piante scelte sostengono la microcircolazione periferica e agiscono come antiossidanti e protettori delle pareti dei capillari. Quest'olio agisce anche migliorando il nutrimento cutaneo per garantire una naturale protezione della pelle nei confronti degli agenti atmosferici.\\n\\nOgni Oleolito Spagirico Viso \u00e8 una preziosa miscela di Oleoliti Spagirici ed Oli Essenziali studiata con cura da esperti erboristi per offrire un prodotto specifico ed efficace per la pelle delicata del viso.\"}\" data-sheets-userformat=\"{\"2\":15297,\"3\":{\"1\":0},\"9\":0,\"10\":2,\"11\":0,\"12\":0,\"14\":{\"1\":2,\"2\":0},\"15\":\"Calibri\",\"16\":11}\">Verbesserung des Zustands der subkutanen Kapillaren und zur Linderung von R\u00f6tungen<\/span>.<\/p>\n","protected":false},"featured_media":37645,"template":"","meta":{"_acf_changed":false},"product_brand":[],"product_cat":[12988,1495,12980],"product_tag":[2116,499,595,434,4823],"class_list":{"0":"post-52436","1":"product","2":"type-product","3":"status-publish","4":"has-post-thumbnail","6":"product_cat-gesicht","7":"product_cat-kosmetik","8":"product_cat-mikrokosmos","9":"product_tag-oleolith","10":"product_tag-salbei","11":"product_tag-schafgarbe","12":"product_tag-spagyrik","13":"product_tag-spagyrische","15":"first","16":"instock","17":"taxable","18":"shipping-taxable","19":"purchasable","20":"product-type-simple"},"acf":[],"jetpack_sharing_enabled":true,"_links":{"self":[{"href":"https:\/\/cndestetik.ch\/de\/wp-json\/wp\/v2\/product\/52436","targetHints":{"allow":["GET"]}}],"collection":[{"href":"https:\/\/cndestetik.ch\/de\/wp-json\/wp\/v2\/product"}],"about":[{"href":"https:\/\/cndestetik.ch\/de\/wp-json\/wp\/v2\/types\/product"}],"wp:featuredmedia":[{"embeddable":true,"href":"https:\/\/cndestetik.ch\/de\/wp-json\/wp\/v2\/media\/37645"}],"wp:attachment":[{"href":"https:\/\/cndestetik.ch\/de\/wp-json\/wp\/v2\/media?parent=52436"}],"wp:term":[{"taxonomy":"product_brand","embeddable":true,"href":"https:\/\/cndestetik.ch\/de\/wp-json\/wp\/v2\/product_brand?post=52436"},{"taxonomy":"product_cat","embeddable":true,"href":"https:\/\/cndestetik.ch\/de\/wp-json\/wp\/v2\/product_cat?post=52436"},{"taxonomy":"product_tag","embeddable":true,"href":"https:\/\/cndestetik.ch\/de\/wp-json\/wp\/v2\/product_tag?post=52436"}],"curies":[{"name":"wp","href":"https:\/\/api.w.org\/{rel}","templated":true}]}}