{"id":52406,"date":"2020-10-15T11:39:35","date_gmt":"2020-10-15T09:39:35","guid":{"rendered":"https:\/\/cndestetik.ch\/prodotto\/spagyrische-oeladern-und-kapillaren\/"},"modified":"2025-01-23T09:35:46","modified_gmt":"2025-01-23T08:35:46","slug":"oleolytisch-spagyrische-venen-und-kapillaren","status":"publish","type":"product","link":"https:\/\/cndestetik.ch\/de\/prodotto\/oleolytisch-spagyrische-venen-und-kapillaren\/","title":{"rendered":"Oleolithische spagyrische Venen und Kapillaren"},"content":{"rendered":"<p><span data-sheets-value=\"{\"1\":2,\"2\":\"Con oleoliti spagirici di Calendula e Achillea. Agisce in particolar modo proteggendo e rinforzando le pareti dei capillari pi\u00f9 deboli del microcircolo cutaneo. Stimola la circolazione periferica sanguigna atta a portare nutrimento alle cellule cutanee e la circolazione periferica linfatica che raccoglie le tossine e gli scarti metabolici per eliminarli. Previene la rottura di capillari, schiarisce quelli visibili, favorisce la diuresi.\\n\\nNell'oleolito spagirico la pianta \u00e8 stata utilizzata nella sua totalit\u00e0 e completezza, ivi compresi i suoi sali che hanno un'azione terapeutica estremamente potente e rilevante. La tecnica spagirica consente di ottenere oli che hanno la caratteristica di essere attivi e vitali sia sul piano cosmetico che curativo. Ogni Oleolito Spagirico Corpo \u00e8 una preziosa miscela di Oleoliti Spagirici e Oli Essenziali studiata con cura da esperti erboristi per offrire un prodotto specifico ed efficace per le esigenze del corpo\"}\" data-sheets-userformat=\"{\"2\":15297,\"3\":{\"1\":0},\"9\":0,\"10\":2,\"11\":0,\"12\":0,\"14\":{\"1\":2,\"2\":0},\"15\":\"Calibri\",\"16\":11}\">Mit spagyrischen Calendula- und Schafgarben-Oleolithen. Es wirkt vor allem durch den Schutz und die St\u00e4rkung der W\u00e4nde der schw\u00e4chsten Kapillaren im Mikrokreislauf der Haut. Sie stimuliert die periphere Blutzirkulation, die die Hautzellen mit N\u00e4hrstoffen versorgt, und die periphere Lymphzirkulation, die Giftstoffe und Stoffwechselabf\u00e4lle sammelt, um sie auszuscheiden. Beugt Kapillarbr\u00fcchen vor, kl\u00e4rt sichtbare Kapillaren, f\u00f6rdert die Diurese.<\/span><\/p>\n<p>In der spagyrischen Oleolyte wird die Pflanze in ihrer Gesamtheit und Vollst\u00e4ndigkeit verwendet, einschlie\u00dflich ihrer Salze, die eine \u00e4u\u00dferst starke und relevante therapeutische Wirkung haben. Die spagyrische Technik erm\u00f6glicht es, \u00d6le zu gewinnen, die sowohl auf kosmetischer als auch auf heilender Ebene aktiv und vital sind. Jedes spagyrische K\u00f6rper\u00f6l ist eine wertvolle Mischung aus spagyrischen Oleolithen und \u00e4therischen \u00d6len, die von Kr\u00e4uterexperten sorgf\u00e4ltig zusammengestellt wurde, um ein spezifisches und wirksames Produkt f\u00fcr die Bed\u00fcrfnisse des K\u00f6rpers zu bieten.<\/p>\n","protected":false},"excerpt":{"rendered":"<p><span data-sheets-value=\"{\"1\":2,\"2\":\"Con oleoliti spagirici di Calendula e Achillea. Agisce in particolar modo proteggendo e rinforzando le pareti dei capillari pi\u00f9 deboli del microcircolo cutaneo. Stimola la circolazione periferica sanguigna atta a portare nutrimento alle cellule cutanee e la circolazione periferica linfatica che raccoglie le tossine e gli scarti metabolici per eliminarli. Previene la rottura di capillari, schiarisce quelli visibili, favorisce la diuresi.\\n\\nNell'oleolito spagirico la pianta \u00e8 stata utilizzata nella sua totalit\u00e0 e completezza, ivi compresi i suoi sali che hanno un'azione terapeutica estremamente potente e rilevante. La tecnica spagirica consente di ottenere oli che hanno la caratteristica di essere attivi e vitali sia sul piano cosmetico che curativo. Ogni Oleolito Spagirico Corpo \u00e8 una preziosa miscela di Oleoliti Spagirici e Oli Essenziali studiata con cura da esperti erboristi per offrire un prodotto specifico ed efficace per le esigenze del corpo\"}\" data-sheets-userformat=\"{\"2\":15297,\"3\":{\"1\":0},\"9\":0,\"10\":2,\"11\":0,\"12\":0,\"14\":{\"1\":2,\"2\":0},\"15\":\"Calibri\",\"16\":11}\">Oleolith verhindert Kapillarbr\u00fcche, kl\u00e4rt sichtbare Kapillaren und f\u00f6rdert die Diurese.<\/span><\/p>\n","protected":false},"featured_media":37600,"template":"","meta":{"_acf_changed":false},"product_brand":[],"product_cat":[12985,1495,12980,11234],"product_tag":[2116,447,595,434,4823],"class_list":{"0":"post-52406","1":"product","2":"type-product","3":"status-publish","4":"has-post-thumbnail","6":"product_cat-body","7":"product_cat-kosmetik","8":"product_cat-mikrokosmos","9":"product_cat-physiotherapie-de","10":"product_tag-oleolith","11":"product_tag-ringelblume","12":"product_tag-schafgarbe","13":"product_tag-spagyrik","14":"product_tag-spagyrische","15":"pa_formato-100ml-de","16":"pa_formato-500ml-de","18":"first","19":"instock","20":"taxable","21":"shipping-taxable","22":"purchasable","23":"product-type-variable"},"acf":[],"jetpack_sharing_enabled":true,"_links":{"self":[{"href":"https:\/\/cndestetik.ch\/de\/wp-json\/wp\/v2\/product\/52406","targetHints":{"allow":["GET"]}}],"collection":[{"href":"https:\/\/cndestetik.ch\/de\/wp-json\/wp\/v2\/product"}],"about":[{"href":"https:\/\/cndestetik.ch\/de\/wp-json\/wp\/v2\/types\/product"}],"wp:featuredmedia":[{"embeddable":true,"href":"https:\/\/cndestetik.ch\/de\/wp-json\/wp\/v2\/media\/37600"}],"wp:attachment":[{"href":"https:\/\/cndestetik.ch\/de\/wp-json\/wp\/v2\/media?parent=52406"}],"wp:term":[{"taxonomy":"product_brand","embeddable":true,"href":"https:\/\/cndestetik.ch\/de\/wp-json\/wp\/v2\/product_brand?post=52406"},{"taxonomy":"product_cat","embeddable":true,"href":"https:\/\/cndestetik.ch\/de\/wp-json\/wp\/v2\/product_cat?post=52406"},{"taxonomy":"product_tag","embeddable":true,"href":"https:\/\/cndestetik.ch\/de\/wp-json\/wp\/v2\/product_tag?post=52406"}],"curies":[{"name":"wp","href":"https:\/\/api.w.org\/{rel}","templated":true}]}}