{"id":52399,"date":"2020-10-15T11:38:29","date_gmt":"2020-10-15T09:38:29","guid":{"rendered":"https:\/\/cndestetik.ch\/prodotto\/arganoel\/"},"modified":"2025-01-24T08:19:35","modified_gmt":"2025-01-24T07:19:35","slug":"ol-von-argan","status":"publish","type":"product","link":"https:\/\/cndestetik.ch\/de\/prodotto\/ol-von-argan\/","title":{"rendered":"Argan\u00f6l"},"content":{"rendered":"<p><span data-sheets-value=\"{\"1\":2,\"2\":\"L'Argania o Argan \u00e8 un albero dai rami spinosi, da questo il suo nome Argania spinosa. Cresce nel sud del Marocco e da sempre il suo olio viene utilizzato dalle donne berbere per la bellezza della loro pelle e dei loro capelli. Grazie all'alta percentuale di acido linoleico e oleico l'olio di Argan \u00e8 molto emolliente ed elasticizzante. Esso stimola fortemente il rinnovo cellulare. Recenti studi hanno evidenziato un alto contenuto di sostanze antiossidanti, come la vitamina E, che \u00e8 presente in doppia quantit\u00e0 rispetto all'olio di oliva. Questo rende l'olio di Argan ottimo nel trattamento antirughe e nel trattamento antismagliature. Ottimo anche per capelli secchi e sfibrati e per unghie fragili. Viene usato anche per massaggi decontratturanti e rigeneranti. L'olio di Argan stimola l'ossigenazione intracellulare e protegge i tessuti connettivi. La sua applicazione restaura lo stato idropilico cutaneo ed aumenta il nutrimento delle cellule cutanee. Per questo \u00e8 molto indicato anche per pelli secche, sciupate e opache. L'olio di Argan Microcosmo come tutti gli altri oli vegetali \u00e8 puro e pressato a freddo, in particolare quest'olio viene deodorizzato con metodi naturali per poter essere facilmente utilizzato nel centro estetico in qualsiasi trattamento e con qualsiasi profumazione. Da usare su tutti i tipi di pelle, in particolare pelli mature, secche e spente; cicatrici e smagliature; ottimo sulle unghie e sulle punte-lunghezze dei capelli. \"}\" data-sheets-userformat=\"{\"2\":15297,\"3\":{\"1\":0},\"9\":0,\"10\":2,\"11\":0,\"12\":0,\"14\":{\"1\":2,\"2\":0},\"15\":\"Calibri\",\"16\":11}\">Argania oder Argan ist ein Baum mit dornigen \u00c4sten, daher der Name Argania spinosa. Sie w\u00e4chst im S\u00fcden Marokkos und ihr \u00d6l wird seit jeher von den Berberfrauen f\u00fcr die Sch\u00f6nheit von Haut und Haar verwendet. Dank seines hohen Gehalts an Linol- und \u00d6ls\u00e4ure ist Argan\u00f6l sehr geschmeidig und elastisch. Es regt die Zellerneuerung stark an.  <\/span><\/p>\n<p><span data-sheets-value=\"{\"1\":2,\"2\":\"L'Argania o Argan \u00e8 un albero dai rami spinosi, da questo il suo nome Argania spinosa. Cresce nel sud del Marocco e da sempre il suo olio viene utilizzato dalle donne berbere per la bellezza della loro pelle e dei loro capelli. Grazie all'alta percentuale di acido linoleico e oleico l'olio di Argan \u00e8 molto emolliente ed elasticizzante. Esso stimola fortemente il rinnovo cellulare. Recenti studi hanno evidenziato un alto contenuto di sostanze antiossidanti, come la vitamina E, che \u00e8 presente in doppia quantit\u00e0 rispetto all'olio di oliva. Questo rende l'olio di Argan ottimo nel trattamento antirughe e nel trattamento antismagliature. Ottimo anche per capelli secchi e sfibrati e per unghie fragili. Viene usato anche per massaggi decontratturanti e rigeneranti. L'olio di Argan stimola l'ossigenazione intracellulare e protegge i tessuti connettivi. La sua applicazione restaura lo stato idropilico cutaneo ed aumenta il nutrimento delle cellule cutanee. Per questo \u00e8 molto indicato anche per pelli secche, sciupate e opache. L'olio di Argan Microcosmo come tutti gli altri oli vegetali \u00e8 puro e pressato a freddo, in particolare quest'olio viene deodorizzato con metodi naturali per poter essere facilmente utilizzato nel centro estetico in qualsiasi trattamento e con qualsiasi profumazione. Da usare su tutti i tipi di pelle, in particolare pelli mature, secche e spente; cicatrici e smagliature; ottimo sulle unghie e sulle punte-lunghezze dei capelli. \"}\" data-sheets-userformat=\"{\"2\":15297,\"3\":{\"1\":0},\"9\":0,\"10\":2,\"11\":0,\"12\":0,\"14\":{\"1\":2,\"2\":0},\"15\":\"Calibri\",\"16\":11}\">J\u00fcngste Studien haben einen hohen Gehalt an Antioxidantien, wie z. B. Vitamin E, nachgewiesen, das in einer doppelt so hohen Menge wie in Oliven\u00f6l enthalten ist. Daher eignet sich Argan\u00f6l hervorragend zur Behandlung von Falten und Schwangerschaftsstreifen. Auch gut f\u00fcr trockenes, spr\u00f6des Haar und br\u00fcchige N\u00e4gel. Sie wird auch f\u00fcr entstauende und regenerierende Massagen verwendet. Argan\u00f6l stimuliert die intrazellul\u00e4re Sauerstoffversorgung und sch\u00fctzt das Bindegewebe.  <\/span><\/p>\n<p><span data-sheets-value=\"{\"1\":2,\"2\":\"L'Argania o Argan \u00e8 un albero dai rami spinosi, da questo il suo nome Argania spinosa. Cresce nel sud del Marocco e da sempre il suo olio viene utilizzato dalle donne berbere per la bellezza della loro pelle e dei loro capelli. Grazie all'alta percentuale di acido linoleico e oleico l'olio di Argan \u00e8 molto emolliente ed elasticizzante. Esso stimola fortemente il rinnovo cellulare. Recenti studi hanno evidenziato un alto contenuto di sostanze antiossidanti, come la vitamina E, che \u00e8 presente in doppia quantit\u00e0 rispetto all'olio di oliva. Questo rende l'olio di Argan ottimo nel trattamento antirughe e nel trattamento antismagliature. Ottimo anche per capelli secchi e sfibrati e per unghie fragili. Viene usato anche per massaggi decontratturanti e rigeneranti. L'olio di Argan stimola l'ossigenazione intracellulare e protegge i tessuti connettivi. La sua applicazione restaura lo stato idropilico cutaneo ed aumenta il nutrimento delle cellule cutanee. Per questo \u00e8 molto indicato anche per pelli secche, sciupate e opache. L'olio di Argan Microcosmo come tutti gli altri oli vegetali \u00e8 puro e pressato a freddo, in particolare quest'olio viene deodorizzato con metodi naturali per poter essere facilmente utilizzato nel centro estetico in qualsiasi trattamento e con qualsiasi profumazione. Da usare su tutti i tipi di pelle, in particolare pelli mature, secche e spente; cicatrici e smagliature; ottimo sulle unghie e sulle punte-lunghezze dei capelli. \"}\" data-sheets-userformat=\"{\"2\":15297,\"3\":{\"1\":0},\"9\":0,\"10\":2,\"11\":0,\"12\":0,\"14\":{\"1\":2,\"2\":0},\"15\":\"Calibri\",\"16\":11}\">Seine Anwendung stellt den Feuchtigkeitsgehalt der Haut wieder her und erh\u00f6ht die N\u00e4hrstoffversorgung der Hautzellen. Deshalb ist sie auch sehr gut f\u00fcr trockene, schuppige und fahle Haut geeignet. Das Argan\u00f6l von Microcosmo ist wie alle anderen pflanzlichen \u00d6le rein und kaltgepresst und wird insbesondere mit nat\u00fcrlichen Methoden desodoriert, so dass es im Sch\u00f6nheitssalon problemlos f\u00fcr jede Behandlung und mit jedem Duft verwendet werden kann. F\u00fcr alle Hauttypen, insbesondere f\u00fcr reife, trockene und fahle Haut; Narben und Dehnungsstreifen; hervorragend f\u00fcr N\u00e4gel und Haarspitzen geeignet.  <\/span><\/p>\n","protected":false},"excerpt":{"rendered":"<p>Pflanzen\u00f6l Argan, erh\u00e4ltlich in zwei verschiedenen Formaten.<\/p>\n","protected":false},"featured_media":37651,"template":"","meta":{"_acf_changed":false},"product_brand":[],"product_cat":[12985,12988,1495,12980,9904],"product_tag":[558,8874,4732,2192,8875],"class_list":{"0":"post-52399","1":"product","2":"type-product","3":"status-publish","4":"has-post-thumbnail","6":"product_cat-body","7":"product_cat-gesicht","8":"product_cat-kosmetik","9":"product_cat-mikrokosmos","10":"product_cat-pink-bird","11":"product_tag-argan-de","12":"product_tag-arganol","13":"product_tag-gemuse","14":"product_tag-ol-de","15":"product_tag-pflanzenol","16":"pa_formato-100ml-de","17":"pa_formato-50ml-de","19":"first","20":"instock","21":"taxable","22":"shipping-taxable","23":"purchasable","24":"product-type-variable","25":"has-default-attributes"},"acf":[],"jetpack_sharing_enabled":true,"_links":{"self":[{"href":"https:\/\/cndestetik.ch\/de\/wp-json\/wp\/v2\/product\/52399","targetHints":{"allow":["GET"]}}],"collection":[{"href":"https:\/\/cndestetik.ch\/de\/wp-json\/wp\/v2\/product"}],"about":[{"href":"https:\/\/cndestetik.ch\/de\/wp-json\/wp\/v2\/types\/product"}],"wp:featuredmedia":[{"embeddable":true,"href":"https:\/\/cndestetik.ch\/de\/wp-json\/wp\/v2\/media\/37651"}],"wp:attachment":[{"href":"https:\/\/cndestetik.ch\/de\/wp-json\/wp\/v2\/media?parent=52399"}],"wp:term":[{"taxonomy":"product_brand","embeddable":true,"href":"https:\/\/cndestetik.ch\/de\/wp-json\/wp\/v2\/product_brand?post=52399"},{"taxonomy":"product_cat","embeddable":true,"href":"https:\/\/cndestetik.ch\/de\/wp-json\/wp\/v2\/product_cat?post=52399"},{"taxonomy":"product_tag","embeddable":true,"href":"https:\/\/cndestetik.ch\/de\/wp-json\/wp\/v2\/product_tag?post=52399"}],"curies":[{"name":"wp","href":"https:\/\/api.w.org\/{rel}","templated":true}]}}