{"id":52064,"date":"2022-08-25T11:50:36","date_gmt":"2022-08-25T09:50:36","guid":{"rendered":"https:\/\/cndestetik.ch\/prodotto\/sevilla-tunika\/"},"modified":"2023-12-08T00:00:23","modified_gmt":"2023-12-07T23:00:23","slug":"casaca-siviglia","status":"publish","type":"product","link":"https:\/\/cndestetik.ch\/de\/prodotto\/casaca-siviglia\/","title":{"rendered":"Sevilla-Tunika"},"content":{"rendered":"<p>Sevilla-Tunika, erh\u00e4ltlich in verschiedenen Farben und Gr\u00f6\u00dfen<\/p>\n","protected":false},"excerpt":{"rendered":"<p>Sevilla-Tunika, erh\u00e4ltlich in verschiedenen Farben und Gr\u00f6\u00dfen<\/p>\n","protected":false},"featured_media":53987,"template":"","meta":{"_acf_changed":false},"product_brand":[],"product_cat":[3303],"product_tag":[760,4912,4903,4906,4910,8766,8607,8767,4976,8663],"class_list":{"0":"post-52064","1":"product","2":"type-product","3":"status-publish","4":"has-post-thumbnail","6":"product_cat-abbigliamento-professionale","7":"product_tag-farbe","8":"product_tag-grose","9":"product_tag-l-de","10":"product_tag-m-de","11":"product_tag-s-de","12":"product_tag-sevilla","13":"product_tag-tunika","14":"product_tag-x-de","15":"product_tag-xl-de","16":"product_tag-xxl-de","17":"pa_casacca-siviglia-schwarz-l","18":"pa_casacca-siviglia-schwarz-m","19":"pa_casacca-siviglia-schwarz-s","20":"pa_casacca-siviglia-weis-l","21":"pa_casacca-siviglia-weis-m","22":"pa_casacca-siviglia-weis-s","24":"first","25":"instock","26":"taxable","27":"shipping-taxable","28":"purchasable","29":"product-type-variable"},"acf":[],"jetpack_sharing_enabled":true,"_links":{"self":[{"href":"https:\/\/cndestetik.ch\/de\/wp-json\/wp\/v2\/product\/52064","targetHints":{"allow":["GET"]}}],"collection":[{"href":"https:\/\/cndestetik.ch\/de\/wp-json\/wp\/v2\/product"}],"about":[{"href":"https:\/\/cndestetik.ch\/de\/wp-json\/wp\/v2\/types\/product"}],"wp:featuredmedia":[{"embeddable":true,"href":"https:\/\/cndestetik.ch\/de\/wp-json\/wp\/v2\/media\/53987"}],"wp:attachment":[{"href":"https:\/\/cndestetik.ch\/de\/wp-json\/wp\/v2\/media?parent=52064"}],"wp:term":[{"taxonomy":"product_brand","embeddable":true,"href":"https:\/\/cndestetik.ch\/de\/wp-json\/wp\/v2\/product_brand?post=52064"},{"taxonomy":"product_cat","embeddable":true,"href":"https:\/\/cndestetik.ch\/de\/wp-json\/wp\/v2\/product_cat?post=52064"},{"taxonomy":"product_tag","embeddable":true,"href":"https:\/\/cndestetik.ch\/de\/wp-json\/wp\/v2\/product_tag?post=52064"}],"curies":[{"name":"wp","href":"https:\/\/api.w.org\/{rel}","templated":true}]}}