{"id":52025,"date":"2022-08-25T11:36:33","date_gmt":"2022-08-25T09:36:33","guid":{"rendered":"https:\/\/cndestetik.ch\/prodotto\/hibiskus-tunika\/"},"modified":"2023-12-08T00:00:23","modified_gmt":"2023-12-07T23:00:23","slug":"casque-hibiscus","status":"publish","type":"product","link":"https:\/\/cndestetik.ch\/de\/prodotto\/casque-hibiscus\/","title":{"rendered":"Hibiskus-Tunika"},"content":{"rendered":"<p>Hibiskus-Tunika, erh\u00e4ltlich in verschiedenen Farben und Gr\u00f6\u00dfen<\/p>\n","protected":false},"excerpt":{"rendered":"<p>Hibiskus-Tunika, erh\u00e4ltlich in verschiedenen Farben und Gr\u00f6\u00dfen<\/p>\n","protected":false},"featured_media":53983,"template":"","meta":{"_acf_changed":false},"product_brand":[],"product_cat":[3303],"product_tag":[8860,760,8861,4903,8699,8700,4906,4910,8273,4976,8663],"class_list":{"0":"post-52025","1":"product","2":"type-product","3":"status-publish","4":"has-post-thumbnail","6":"product_cat-abbigliamento-professionale","7":"product_tag-casaca-de","8":"product_tag-farbe","9":"product_tag-hibiskus","10":"product_tag-l-de","11":"product_tag-laurex-de","12":"product_tag-lurex-de","13":"product_tag-m-de","14":"product_tag-s-de","15":"product_tag-schwarz-de","16":"product_tag-xl-de","17":"product_tag-xxl-de","18":"pa_casacca-hibiscus-boheme-schwarz-laurex-l","19":"pa_casacca-hibiscus-boheme-schwarz-laurex-xl","21":"first","22":"instock","23":"taxable","24":"shipping-taxable","25":"purchasable","26":"product-type-variable"},"acf":[],"jetpack_sharing_enabled":true,"_links":{"self":[{"href":"https:\/\/cndestetik.ch\/de\/wp-json\/wp\/v2\/product\/52025","targetHints":{"allow":["GET"]}}],"collection":[{"href":"https:\/\/cndestetik.ch\/de\/wp-json\/wp\/v2\/product"}],"about":[{"href":"https:\/\/cndestetik.ch\/de\/wp-json\/wp\/v2\/types\/product"}],"wp:featuredmedia":[{"embeddable":true,"href":"https:\/\/cndestetik.ch\/de\/wp-json\/wp\/v2\/media\/53983"}],"wp:attachment":[{"href":"https:\/\/cndestetik.ch\/de\/wp-json\/wp\/v2\/media?parent=52025"}],"wp:term":[{"taxonomy":"product_brand","embeddable":true,"href":"https:\/\/cndestetik.ch\/de\/wp-json\/wp\/v2\/product_brand?post=52025"},{"taxonomy":"product_cat","embeddable":true,"href":"https:\/\/cndestetik.ch\/de\/wp-json\/wp\/v2\/product_cat?post=52025"},{"taxonomy":"product_tag","embeddable":true,"href":"https:\/\/cndestetik.ch\/de\/wp-json\/wp\/v2\/product_tag?post=52025"}],"curies":[{"name":"wp","href":"https:\/\/api.w.org\/{rel}","templated":true}]}}