{"id":51834,"date":"2022-08-24T16:47:32","date_gmt":"2022-08-24T14:47:32","guid":{"rendered":"https:\/\/cndestetik.ch\/prodotto\/tunika-sion\/"},"modified":"2023-12-08T00:00:25","modified_gmt":"2023-12-07T23:00:25","slug":"kathodenhaus-sion","status":"publish","type":"product","link":"https:\/\/cndestetik.ch\/de\/prodotto\/kathodenhaus-sion\/","title":{"rendered":"Tunika Sion"},"content":{"rendered":"<p>Sion-Tunika in verschiedenen Gr\u00f6\u00dfen und Farben<\/p>\n","protected":false},"excerpt":{"rendered":"<p>Arbeitsm\u00e4ntel in verschiedenen Farben und Gr\u00f6\u00dfen<\/p>\n","protected":false},"featured_media":51793,"template":"","meta":{"_acf_changed":false},"product_brand":[],"product_cat":[3303],"product_tag":[8606,6470,8608,8609,8610,8607],"class_list":{"0":"post-51834","1":"product","2":"type-product","3":"status-publish","4":"has-post-thumbnail","6":"product_cat-abbigliamento-professionale","7":"product_tag-blau-de","8":"product_tag-burgunderrot","9":"product_tag-china-de","10":"product_tag-fuchsia-de-2","11":"product_tag-sion-de","12":"product_tag-tunika","13":"pa_casacca-sion-blau-m","14":"pa_casacca-sion-blau-s","15":"pa_casacca-sion-bordeaux-l-de","16":"pa_casacca-sion-bordeaux-m-de","17":"pa_casacca-sion-bordeaux-s-de","18":"pa_casacca-sion-china-blau-l","19":"pa_casacca-sion-china-blau-m","20":"pa_casacca-sion-china-blau-s","21":"pa_casacca-sion-fuxia-l-de","22":"pa_casacca-sion-fuxia-m-de","23":"pa_casacca-sion-fuxia-s-de","25":"first","26":"instock","27":"taxable","28":"shipping-taxable","29":"purchasable","30":"product-type-variable"},"acf":[],"jetpack_sharing_enabled":true,"_links":{"self":[{"href":"https:\/\/cndestetik.ch\/de\/wp-json\/wp\/v2\/product\/51834","targetHints":{"allow":["GET"]}}],"collection":[{"href":"https:\/\/cndestetik.ch\/de\/wp-json\/wp\/v2\/product"}],"about":[{"href":"https:\/\/cndestetik.ch\/de\/wp-json\/wp\/v2\/types\/product"}],"wp:featuredmedia":[{"embeddable":true,"href":"https:\/\/cndestetik.ch\/de\/wp-json\/wp\/v2\/media\/51793"}],"wp:attachment":[{"href":"https:\/\/cndestetik.ch\/de\/wp-json\/wp\/v2\/media?parent=51834"}],"wp:term":[{"taxonomy":"product_brand","embeddable":true,"href":"https:\/\/cndestetik.ch\/de\/wp-json\/wp\/v2\/product_brand?post=51834"},{"taxonomy":"product_cat","embeddable":true,"href":"https:\/\/cndestetik.ch\/de\/wp-json\/wp\/v2\/product_cat?post=51834"},{"taxonomy":"product_tag","embeddable":true,"href":"https:\/\/cndestetik.ch\/de\/wp-json\/wp\/v2\/product_tag?post=51834"}],"curies":[{"name":"wp","href":"https:\/\/api.w.org\/{rel}","templated":true}]}}