{"id":51775,"date":"2022-08-24T11:52:15","date_gmt":"2022-08-24T09:52:15","guid":{"rendered":"https:\/\/cndestetik.ch\/prodotto\/pedikuere-spa-behandlung\/"},"modified":"2023-02-08T11:20:06","modified_gmt":"2023-02-08T10:20:06","slug":"behandlung-pedikure-spa","status":"publish","type":"product","link":"https:\/\/cndestetik.ch\/de\/prodotto\/behandlung-pedikure-spa\/","title":{"rendered":"PEDIK\u00dcRE-SPA-BEHANDLUNG"},"content":{"rendered":"<p><span style=\"font-family: arial, sans-serif\">Die Spa-Pedik\u00fcre ist aufgrund ihrer vielen Vorteile eine beliebte Behandlung. Sie geht \u00fcber den rein \u00e4sthetischen Zweck hinaus und umfasst auch physiologische Zwecke f\u00fcr das Wohlbefinden des K\u00f6rpers. In der Tat ist der Fu\u00df die St\u00fctze des Menschen und seine Pflege von grundlegender Bedeutung.<\/span><\/p>\n<p>Wir haben f\u00fcr Sie ein komplettes Protokoll f\u00fcr ein nat\u00fcrliches und effektives Pedik\u00fcre-Spa entwickelt, das die Haut weich und gereinigt macht und gleichzeitig Wohlbefinden f\u00fcr den gesamten Fu\u00df bringt.<\/p>\n<p>&nbsp;<\/p>\n<p><span style=\"font-family: arial, sans-serif\">Die Schritte in unserem Protokoll umfassen:<\/span><\/p>\n<p><span style=\"font-family: arial, sans-serif\">&#8211; Entschlackung des Fu\u00dfes durch D\u00e4mpfen<\/span><\/p>\n<p><span style=\"font-family: arial, sans-serif\">&#8211; Entgiftendes Fu\u00dfbad, das Leichtigkeit bringt<\/span><\/p>\n<p><span style=\"font-family: arial, sans-serif\">&#8211; Mechanisches Peeling in zwei Schritten<\/span><\/p>\n<p><span style=\"font-family: arial, sans-serif\">&#8211; Pflegende und st\u00e4rkende Packung<\/span><\/p>\n<p><span style=\"font-family: arial, sans-serif\">&#8211; Heilung Detail<\/span><\/p>\n<p><span style=\"font-family: arial, sans-serif\">&#8211; Letzte Umarmung<\/span><\/p>\n<p><strong>Zutaten<\/strong>:<\/p>\n<p><strong>Thymianhydrolat<\/strong>: wird durch Wasserdampfdestillation seines \u00e4therischen \u00d6ls gewonnen und ist zur Reinigung der Haut vor Beginn der Behandlung erforderlich.<\/p>\n<p><strong>Bittersalz<\/strong>: Mit seiner stark entgiftenden und entw\u00e4ssernden Wirkung ist es f\u00fcr Fu\u00dfb\u00e4der geeignet,<\/p>\n<p>Peelings und Packungen. Mit diesem Thermalsalz k\u00f6nnen gro\u00dfartige Ergebnisse erzielt werden.<\/p>\n<p><strong>\u00c4therische \u00d6le<\/strong>: Teebaum, Salbei, Wacholder<\/p>\n<p><strong>Aloe-Gel<\/strong>: St\u00e4rkend, n\u00fctzlich f\u00fcr Kompressen, als Tr\u00e4ger von Wirkstoffen<\/p>\n<p><strong>Spagyrische Oleolithe<\/strong> aus Efeu (entw\u00e4ssernd) und Salbei (ausgleichend)<\/p>\n<p><strong>Monoi-Butter<\/strong>, vor allem in kalten Jahreszeiten,<\/p>\n<p>ist stark feuchtigkeitsspendend und r\u00fcckfettend, macht die Haut weich und duftend<\/p>\n<p><strong>Cuticle Away<\/strong>: das Keratolytikum, das uns bei der schnellen Entfernung der Nagelhaut hilft<\/p>\n<p>Nagelhaut ohne das Risiko eines Traumas.<\/p>\n<p><strong>Heilsalbe<\/strong>: die schnell wirkende L\u00f6sung f\u00fcr Risse oder schwierige Schnitte<\/p>\n<p><strong>Mykose-Kit<\/strong>: f\u00fcr den Fall, dass eine Mykose vorliegt,<\/p>\n<p>f\u00fcr den Hausgebrauch empfehlen<\/p>\n<p><strong>Gel f\u00fcr eingewachsene N\u00e4gel<\/strong>: bet\u00e4ubend, reinigend, n\u00fctzlich f\u00fcr die Reinigung des Bereichs,<\/p>\n<p>zu behandeln und zu heilen; f\u00fcr den Hausgebrauch zu empfehlen<\/p>\n<p><strong>Fu\u00dfcreme<\/strong>: Rosskastanie und Salbei, um das richtige Gleichgewicht zwischen Leichtigkeit und Transpiration zu erhalten. Eine leichte, aber n\u00e4hrende Creme.<\/p>\n<p><strong>Erfrischendes Anti-M\u00fcdigkeits-Gel<\/strong>: k\u00fchlend, ideal bei hei\u00dfem Wetter, aber auch im Winter f\u00fcr alle, die ihre F\u00fc\u00dfe viel benutzen&#8221; oder an Kreislaufstauungen leiden.<\/p>\n<p><strong>Raspel<\/strong>:<strong> zum<\/strong> Gl\u00e4tten und Glattmachen der F\u00fc\u00dfe.<\/p>\n<p><strong>Fu\u00dfs\u00e4cke<\/strong>: Paraffinbehandlung.<\/p>\n","protected":false},"excerpt":{"rendered":"<p>Vollst\u00e4ndiges Protokoll f\u00fcr eine nat\u00fcrliche und wirksame Pedik\u00fcre<\/p>\n","protected":false},"featured_media":51770,"template":"","meta":{"_acf_changed":false},"product_brand":[],"product_cat":[15],"product_tag":[552,508,389,1030,3836,7276,4786,409,1455,1279,8539,5160,1357,2192,4261,2116,1329,8976,434,8936,2319,4265],"class_list":{"0":"post-51775","1":"product","2":"type-product","3":"status-publish","4":"has-post-thumbnail","6":"product_cat-07-cosmetica","7":"product_tag-aloe-de","8":"product_tag-atherische-ole","9":"product_tag-bausatz","10":"product_tag-behandlung","11":"product_tag-creme-de","12":"product_tag-eingewachsen","13":"product_tag-erfrischend","14":"product_tag-essenzen","15":"product_tag-fuse","16":"product_tag-gel-de","17":"product_tag-heilbad","18":"product_tag-nagel-de-4","19":"product_tag-nagel-de-2","20":"product_tag-ol-de","21":"product_tag-ole","22":"product_tag-oleolith","23":"product_tag-pedikure","24":"product_tag-smicosis","25":"product_tag-spagyrik","26":"product_tag-verunsichernd","27":"product_tag-wesentlich","28":"product_tag-wesentliches","30":"first","31":"instock","32":"taxable","33":"shipping-taxable","34":"purchasable","35":"product-type-simple"},"acf":[],"jetpack_sharing_enabled":true,"_links":{"self":[{"href":"https:\/\/cndestetik.ch\/de\/wp-json\/wp\/v2\/product\/51775","targetHints":{"allow":["GET"]}}],"collection":[{"href":"https:\/\/cndestetik.ch\/de\/wp-json\/wp\/v2\/product"}],"about":[{"href":"https:\/\/cndestetik.ch\/de\/wp-json\/wp\/v2\/types\/product"}],"wp:featuredmedia":[{"embeddable":true,"href":"https:\/\/cndestetik.ch\/de\/wp-json\/wp\/v2\/media\/51770"}],"wp:attachment":[{"href":"https:\/\/cndestetik.ch\/de\/wp-json\/wp\/v2\/media?parent=51775"}],"wp:term":[{"taxonomy":"product_brand","embeddable":true,"href":"https:\/\/cndestetik.ch\/de\/wp-json\/wp\/v2\/product_brand?post=51775"},{"taxonomy":"product_cat","embeddable":true,"href":"https:\/\/cndestetik.ch\/de\/wp-json\/wp\/v2\/product_cat?post=51775"},{"taxonomy":"product_tag","embeddable":true,"href":"https:\/\/cndestetik.ch\/de\/wp-json\/wp\/v2\/product_tag?post=51775"}],"curies":[{"name":"wp","href":"https:\/\/api.w.org\/{rel}","templated":true}]}}