{"id":51754,"date":"2022-08-23T11:46:45","date_gmt":"2022-08-23T09:46:45","guid":{"rendered":"https:\/\/cndestetik.ch\/prodotto\/cnd-in-fall-bloom-kollektion\/"},"modified":"2022-08-23T11:46:45","modified_gmt":"2022-08-23T09:46:45","slug":"kollektion-cnd-in-fall-bloom","status":"publish","type":"product","link":"https:\/\/cndestetik.ch\/de\/prodotto\/kollektion-cnd-in-fall-bloom\/","title":{"rendered":"CND &#8216;In Fall Bloom&#8217; Kollektion"},"content":{"rendered":"<p>Buchen Sie die neue CND-Kollektion &#8220;In Fall Bloom&#8221; f\u00fcr eine perfekte Manik\u00fcre und Pedik\u00fcre. 6 verschiedene, vom Herbst inspirierte Farbt\u00f6ne:<\/p>\n<ul>\n<li>Orchidee Baldachin<\/li>\n<li>Morgentau<\/li>\n<li>Weidengespr\u00e4ch<\/li>\n<li>Springende Steine<\/li>\n<li>Absolut radikal<\/li>\n<li>Teal Time<\/li>\n<\/ul>\n<p><span style=\"text-decoration: underline\"><b>DIESE KOLLEKTION IST AB ANFANG SEPTEMBER ERH\u00c4LTLICH, DAHER ERFOLGT DIE LIEFERUNG NACH DEM KAUF DIESES ARTIKELS ERST, WENN ER VERF\u00dcGBAR IST<\/b><\/span><\/p>\n","protected":false},"excerpt":{"rendered":"<p>Neue CND-Farbkollektion<\/p>\n","protected":false},"featured_media":51745,"template":"","meta":{"_acf_changed":false},"product_brand":[],"product_cat":[1504],"product_tag":[8497,4081,1976,760,8032,8504,8508,8500,1955,8507,1977],"class_list":{"0":"post-51754","1":"product","2":"type-product","3":"status-publish","4":"has-post-thumbnail","6":"product_cat-nails-manikure-pedikure","7":"product_tag-blute","8":"product_tag-cnd-de","9":"product_tag-emaille","10":"product_tag-farbe","11":"product_tag-farben-de","12":"product_tag-herbst","13":"product_tag-in-herbstblute","14":"product_tag-sammlung","15":"product_tag-schellack","16":"product_tag-unter-de-2","17":"product_tag-vinylux-de","18":"pa_colori-cnd-schellack","19":"pa_colori-cnd-vinylux-de","21":"first","22":"instock","23":"taxable","24":"shipping-taxable","25":"purchasable","26":"product-type-variable"},"acf":[],"jetpack_sharing_enabled":true,"_links":{"self":[{"href":"https:\/\/cndestetik.ch\/de\/wp-json\/wp\/v2\/product\/51754","targetHints":{"allow":["GET"]}}],"collection":[{"href":"https:\/\/cndestetik.ch\/de\/wp-json\/wp\/v2\/product"}],"about":[{"href":"https:\/\/cndestetik.ch\/de\/wp-json\/wp\/v2\/types\/product"}],"wp:featuredmedia":[{"embeddable":true,"href":"https:\/\/cndestetik.ch\/de\/wp-json\/wp\/v2\/media\/51745"}],"wp:attachment":[{"href":"https:\/\/cndestetik.ch\/de\/wp-json\/wp\/v2\/media?parent=51754"}],"wp:term":[{"taxonomy":"product_brand","embeddable":true,"href":"https:\/\/cndestetik.ch\/de\/wp-json\/wp\/v2\/product_brand?post=51754"},{"taxonomy":"product_cat","embeddable":true,"href":"https:\/\/cndestetik.ch\/de\/wp-json\/wp\/v2\/product_cat?post=51754"},{"taxonomy":"product_tag","embeddable":true,"href":"https:\/\/cndestetik.ch\/de\/wp-json\/wp\/v2\/product_tag?post=51754"}],"curies":[{"name":"wp","href":"https:\/\/api.w.org\/{rel}","templated":true}]}}