{"id":51145,"date":"2020-10-15T11:39:44","date_gmt":"2020-10-15T09:39:44","guid":{"rendered":"https:\/\/cndestetik.ch\/prodotto\/entspannendes-spagyrisches-oel\/"},"modified":"2025-01-23T09:36:40","modified_gmt":"2025-01-23T08:36:40","slug":"oleolytisch-spagyrisch-relaxierend","status":"publish","type":"product","link":"https:\/\/cndestetik.ch\/de\/prodotto\/oleolytisch-spagyrisch-relaxierend\/","title":{"rendered":"Entspannendes spagyrisches \u00d6l"},"content":{"rendered":"<p><span data-sheets-value=\"{\"1\":2,\"2\":\"Con oleoliti spagirici di Iperico e Lavanda. E' particolarmente adatto nei massaggi rilassanti e decontratturanti, aiuta a rilassare e a disinfiammare la muscolatura. Grazie all'attivit\u00e0 aromaterapeutica che agisce anche a livello del sistema nervoso, \u00e8 ottimo nei casi di stress fisico e mentale, riequilibra il ciclo sonno-veglia.\\n\\nNell'oleolito spagirico la pianta \u00e8 stata utilizzata nella sua totalit\u00e0 e completezza, ivi compresi i suoi sali che hanno un'azione terapeutica estremamente potente e rilevante. La tecnica spagirica consente di ottenere oli che hanno la caratteristica di essere attivi e vitali sia sul piano cosmetico che curativo. Ogni Oleolito Spagirico Corpo \u00e8 una preziosa miscela di Oleoliti Spagirici e Oli Essenziali studiata con cura da esperti erboristi per offrire un prodotto specifico ed efficace per le esigenze del corpo\"}\" data-sheets-userformat=\"{\"2\":15297,\"3\":{\"1\":0},\"9\":0,\"10\":2,\"11\":0,\"12\":0,\"14\":{\"1\":2,\"2\":0},\"15\":\"Calibri\",\"16\":11}\">Mit spagyrischen Oleolithen von Hypericum und Lavendel. Sie eignet sich besonders f\u00fcr entspannende und entkrampfende Massagen und hilft, die Muskeln zu entspannen und zu entflammen. Dank seiner aromatherapeutischen Wirkung, die auch auf das Nervensystem einwirkt, eignet er sich hervorragend bei k\u00f6rperlichem und geistigem Stress und gleicht den Schlaf-Wach-Rhythmus aus.<\/span><\/p>\n<p>In der spagyrischen Oleolyte wird die Pflanze in ihrer Gesamtheit und Vollst\u00e4ndigkeit verwendet, einschlie\u00dflich ihrer Salze, die eine \u00e4u\u00dferst starke und relevante therapeutische Wirkung haben. Die spagyrische Technik erm\u00f6glicht es, \u00d6le zu gewinnen, die sowohl auf kosmetischer als auch auf heilender Ebene aktiv und vital sind. Jedes spagyrische K\u00f6rper\u00f6l ist eine wertvolle Mischung aus spagyrischen Oleolithen und \u00e4therischen \u00d6len, die von erfahrenen Kr\u00e4uterexperten sorgf\u00e4ltig zusammengestellt wurde, um ein spezifisches und wirksames Produkt f\u00fcr die Bed\u00fcrfnisse des K\u00f6rpers zu bieten<\/p>\n","protected":false},"excerpt":{"rendered":"<p>Ein beruhigendes \u00d6l, das bei k\u00f6rperlichem und geistigem Stress wirkt. Auch f\u00fcr wohltuende Massagen geeignet.<\/p>\n","protected":false},"featured_media":37594,"template":"","meta":{"_acf_changed":false},"product_brand":[],"product_cat":[12985,1495,12980,11234],"product_tag":[4126,4131,1882,515,7385,8389,2116,434,4823,8391,8388],"class_list":{"0":"post-51145","1":"product","2":"type-product","3":"status-publish","4":"has-post-thumbnail","6":"product_cat-body","7":"product_cat-kosmetik","8":"product_cat-mikrokosmos","9":"product_cat-physiotherapie-de","10":"product_tag-beruhigend-de","11":"product_tag-beruhigend-de-2","12":"product_tag-johanniskraut","13":"product_tag-lavendel","14":"product_tag-massage-de","15":"product_tag-massagen","16":"product_tag-oleolith","17":"product_tag-spagyrik","18":"product_tag-spagyrische","19":"product_tag-stress-de","20":"product_tag-stressabbau","21":"pa_formato-100ml-de","22":"pa_formato-500ml-de","24":"first","25":"instock","26":"taxable","27":"shipping-taxable","28":"purchasable","29":"product-type-variable"},"acf":[],"jetpack_sharing_enabled":true,"_links":{"self":[{"href":"https:\/\/cndestetik.ch\/de\/wp-json\/wp\/v2\/product\/51145","targetHints":{"allow":["GET"]}}],"collection":[{"href":"https:\/\/cndestetik.ch\/de\/wp-json\/wp\/v2\/product"}],"about":[{"href":"https:\/\/cndestetik.ch\/de\/wp-json\/wp\/v2\/types\/product"}],"wp:featuredmedia":[{"embeddable":true,"href":"https:\/\/cndestetik.ch\/de\/wp-json\/wp\/v2\/media\/37594"}],"wp:attachment":[{"href":"https:\/\/cndestetik.ch\/de\/wp-json\/wp\/v2\/media?parent=51145"}],"wp:term":[{"taxonomy":"product_brand","embeddable":true,"href":"https:\/\/cndestetik.ch\/de\/wp-json\/wp\/v2\/product_brand?post=51145"},{"taxonomy":"product_cat","embeddable":true,"href":"https:\/\/cndestetik.ch\/de\/wp-json\/wp\/v2\/product_cat?post=51145"},{"taxonomy":"product_tag","embeddable":true,"href":"https:\/\/cndestetik.ch\/de\/wp-json\/wp\/v2\/product_tag?post=51145"}],"curies":[{"name":"wp","href":"https:\/\/api.w.org\/{rel}","templated":true}]}}