{"id":51117,"date":"2020-10-15T11:49:15","date_gmt":"2020-10-15T09:49:15","guid":{"rendered":"https:\/\/cndestetik.ch\/prodotto\/regenerierendes-spagyrisches-oleolith-aufhellend\/"},"modified":"2025-01-24T13:05:27","modified_gmt":"2025-01-24T12:05:27","slug":"oleolytisch-spagyrisch-regenerierend-erhellend","status":"publish","type":"product","link":"https:\/\/cndestetik.ch\/de\/prodotto\/oleolytisch-spagyrisch-regenerierend-erhellend\/","title":{"rendered":"Regenerierendes spagyrisches Oleolith (aufhellend)"},"content":{"rendered":"<p><span data-sheets-value=\"{\"1\":2,\"2\":\"Con oleoliti spagirici di Rosa Canina e Calendula. Questa miscela \u00e8 stata messa a punto al fine di: -Mantenere in buono stato il microcircolo e permettere un ottimale apporto di nutrimento a livello cellulare.-Avere un'azione antinfiammatoria, lenitiva e antibatterica per preservare il benessere ed il buono stato della cute. - Svolgere una significativa azione antiradicalica per rallentare i processi di invecchiamento cutaneo.\\n\\nOgni Oleolito Spagirico Viso \u00e8 una preziosa miscela di Oleoliti Spagirici ed Oli Essenziali studiata con cura da esperti erboristi per offrire un prodotto specifico ed efficace per la pelle delicata del viso.\"}\" data-sheets-userformat=\"{\"2\":15297,\"3\":{\"1\":0},\"9\":0,\"10\":2,\"11\":0,\"12\":0,\"14\":{\"1\":2,\"2\":0},\"15\":\"Calibri\",\"16\":11}\">Mit spagyrischen Oleolithen aus Hagebutte und Calendula. Diese Mischung wurde entwickelt, um:  <\/span><\/p>\n<p><span data-sheets-value=\"{\"1\":2,\"2\":\"Con oleoliti spagirici di Rosa Canina e Calendula. Questa miscela \u00e8 stata messa a punto al fine di: -Mantenere in buono stato il microcircolo e permettere un ottimale apporto di nutrimento a livello cellulare.-Avere un'azione antinfiammatoria, lenitiva e antibatterica per preservare il benessere ed il buono stato della cute. - Svolgere una significativa azione antiradicalica per rallentare i processi di invecchiamento cutaneo.\\n\\nOgni Oleolito Spagirico Viso \u00e8 una preziosa miscela di Oleoliti Spagirici ed Oli Essenziali studiata con cura da esperti erboristi per offrire un prodotto specifico ed efficace per la pelle delicata del viso.\"}\" data-sheets-userformat=\"{\"2\":15297,\"3\":{\"1\":0},\"9\":0,\"10\":2,\"11\":0,\"12\":0,\"14\":{\"1\":2,\"2\":0},\"15\":\"Calibri\",\"16\":11}\">&#8211; Sie sorgen f\u00fcr eine gute Mikrozirkulation und erm\u00f6glichen eine optimale N\u00e4hrstoffversorgung auf Zellebene.<\/span><\/p>\n<p><span data-sheets-value=\"{\"1\":2,\"2\":\"Con oleoliti spagirici di Rosa Canina e Calendula. Questa miscela \u00e8 stata messa a punto al fine di: -Mantenere in buono stato il microcircolo e permettere un ottimale apporto di nutrimento a livello cellulare.-Avere un'azione antinfiammatoria, lenitiva e antibatterica per preservare il benessere ed il buono stato della cute. - Svolgere una significativa azione antiradicalica per rallentare i processi di invecchiamento cutaneo.\\n\\nOgni Oleolito Spagirico Viso \u00e8 una preziosa miscela di Oleoliti Spagirici ed Oli Essenziali studiata con cura da esperti erboristi per offrire un prodotto specifico ed efficace per la pelle delicata del viso.\"}\" data-sheets-userformat=\"{\"2\":15297,\"3\":{\"1\":0},\"9\":0,\"10\":2,\"11\":0,\"12\":0,\"14\":{\"1\":2,\"2\":0},\"15\":\"Calibri\",\"16\":11}\">&#8211; Sie haben eine entz\u00fcndungshemmende, beruhigende und antibakterielle Wirkung, um das Wohlbefinden und den guten Zustand der Haut zu erhalten.  <\/span><\/p>\n<p><span data-sheets-value=\"{\"1\":2,\"2\":\"Con oleoliti spagirici di Rosa Canina e Calendula. Questa miscela \u00e8 stata messa a punto al fine di: -Mantenere in buono stato il microcircolo e permettere un ottimale apporto di nutrimento a livello cellulare.-Avere un'azione antinfiammatoria, lenitiva e antibatterica per preservare il benessere ed il buono stato della cute. - Svolgere una significativa azione antiradicalica per rallentare i processi di invecchiamento cutaneo.\\n\\nOgni Oleolito Spagirico Viso \u00e8 una preziosa miscela di Oleoliti Spagirici ed Oli Essenziali studiata con cura da esperti erboristi per offrire un prodotto specifico ed efficace per la pelle delicata del viso.\"}\" data-sheets-userformat=\"{\"2\":15297,\"3\":{\"1\":0},\"9\":0,\"10\":2,\"11\":0,\"12\":0,\"14\":{\"1\":2,\"2\":0},\"15\":\"Calibri\",\"16\":11}\">&#8211; Sie hat eine signifikante Anti-Radikalen-Wirkung und verlangsamt die Prozesse der Hautalterung.<\/span><\/p>\n<p>Jedes spagyrische Oleolith f\u00fcr das Gesicht ist eine wertvolle Mischung aus spagyrischen Oleolithen und \u00e4therischen \u00d6len, die von Kr\u00e4uterexperten sorgf\u00e4ltig zusammengestellt wurde, um ein spezifisches und wirksames Produkt f\u00fcr die empfindliche Gesichtshaut zu bieten.<\/p>\n<p>Gr\u00f6\u00dfe: 30ml<\/p>\n","protected":false},"excerpt":{"rendered":"<p>Regenerierendes Gesichts\u00f6l 30ml<\/p>\n","protected":false},"featured_media":36921,"template":"","meta":{"_acf_changed":false},"product_brand":[],"product_cat":[12988,1495,12980],"product_tag":[741,757,8347,8348,8346,2116,456,447,548,434,4823],"class_list":{"0":"post-51117","1":"product","2":"type-product","3":"status-publish","4":"has-post-thumbnail","6":"product_cat-gesicht","7":"product_cat-kosmetik","8":"product_cat-mikrokosmos","9":"product_tag-erhellend","10":"product_tag-gesicht","11":"product_tag-gesichtsol","12":"product_tag-hagebutte-de","13":"product_tag-kynologisch","14":"product_tag-oleolith","15":"product_tag-regenerierend","16":"product_tag-ringelblume","17":"product_tag-rose-de","18":"product_tag-spagyrik","19":"product_tag-spagyrische","21":"first","22":"instock","23":"taxable","24":"shipping-taxable","25":"purchasable","26":"product-type-simple"},"acf":[],"jetpack_sharing_enabled":true,"_links":{"self":[{"href":"https:\/\/cndestetik.ch\/de\/wp-json\/wp\/v2\/product\/51117","targetHints":{"allow":["GET"]}}],"collection":[{"href":"https:\/\/cndestetik.ch\/de\/wp-json\/wp\/v2\/product"}],"about":[{"href":"https:\/\/cndestetik.ch\/de\/wp-json\/wp\/v2\/types\/product"}],"wp:featuredmedia":[{"embeddable":true,"href":"https:\/\/cndestetik.ch\/de\/wp-json\/wp\/v2\/media\/36921"}],"wp:attachment":[{"href":"https:\/\/cndestetik.ch\/de\/wp-json\/wp\/v2\/media?parent=51117"}],"wp:term":[{"taxonomy":"product_brand","embeddable":true,"href":"https:\/\/cndestetik.ch\/de\/wp-json\/wp\/v2\/product_brand?post=51117"},{"taxonomy":"product_cat","embeddable":true,"href":"https:\/\/cndestetik.ch\/de\/wp-json\/wp\/v2\/product_cat?post=51117"},{"taxonomy":"product_tag","embeddable":true,"href":"https:\/\/cndestetik.ch\/de\/wp-json\/wp\/v2\/product_tag?post=51117"}],"curies":[{"name":"wp","href":"https:\/\/api.w.org\/{rel}","templated":true}]}}