{"id":51081,"date":"2022-07-18T11:49:11","date_gmt":"2022-07-18T09:49:11","guid":{"rendered":"https:\/\/cndestetik.ch\/prodotto\/einweg-unterwaeschesaecke\/"},"modified":"2023-02-09T16:00:53","modified_gmt":"2023-02-09T15:00:53","slug":"einwegbeutel-fur-unterwasche","status":"publish","type":"product","link":"https:\/\/cndestetik.ch\/de\/prodotto\/einwegbeutel-fur-unterwasche\/","title":{"rendered":"Einweg-Unterw\u00e4sches\u00e4cke"},"content":{"rendered":"<p>Einwegtaschen f\u00fcr Unterw\u00e4sche. Sie k\u00f6nnen die Unterw\u00e4sche Ihres Kunden f\u00fcr die Dauer der Behandlung darin aufbewahren. Am Ende k\u00f6nnen Sie das benutzte Einwegprodukt einlegen und entsorgen, um die Hygiene in Ihrem Zentrum zu optimieren.<\/p>\n","protected":false},"excerpt":{"rendered":"<p>Einwegtaschen f\u00fcr Unterw\u00e4sche.<\/p>\n","protected":false},"featured_media":57886,"template":"","meta":{"_acf_changed":false},"product_brand":[],"product_cat":[942,1213],"product_tag":[1030,2361,10976,10977,8803,10978,971,10975,4917],"class_list":{"0":"post-51081","1":"product","2":"type-product","3":"status-publish","4":"has-post-thumbnail","6":"product_cat-einzelbenutzung","7":"product_cat-hygiene-und-sicherheit","8":"product_tag-behandlung","9":"product_tag-einwegartikel","10":"product_tag-hygiene-de","11":"product_tag-hygienisch-de","12":"product_tag-intime-de","13":"product_tag-leinen-de","14":"product_tag-sicherheit","15":"product_tag-tasche","16":"product_tag-taschen","18":"first","19":"instock","20":"taxable","21":"shipping-taxable","22":"purchasable","23":"product-type-simple"},"acf":[],"jetpack_sharing_enabled":true,"_links":{"self":[{"href":"https:\/\/cndestetik.ch\/de\/wp-json\/wp\/v2\/product\/51081","targetHints":{"allow":["GET"]}}],"collection":[{"href":"https:\/\/cndestetik.ch\/de\/wp-json\/wp\/v2\/product"}],"about":[{"href":"https:\/\/cndestetik.ch\/de\/wp-json\/wp\/v2\/types\/product"}],"wp:featuredmedia":[{"embeddable":true,"href":"https:\/\/cndestetik.ch\/de\/wp-json\/wp\/v2\/media\/57886"}],"wp:attachment":[{"href":"https:\/\/cndestetik.ch\/de\/wp-json\/wp\/v2\/media?parent=51081"}],"wp:term":[{"taxonomy":"product_brand","embeddable":true,"href":"https:\/\/cndestetik.ch\/de\/wp-json\/wp\/v2\/product_brand?post=51081"},{"taxonomy":"product_cat","embeddable":true,"href":"https:\/\/cndestetik.ch\/de\/wp-json\/wp\/v2\/product_cat?post=51081"},{"taxonomy":"product_tag","embeddable":true,"href":"https:\/\/cndestetik.ch\/de\/wp-json\/wp\/v2\/product_tag?post=51081"}],"curies":[{"name":"wp","href":"https:\/\/api.w.org\/{rel}","templated":true}]}}