{"id":50860,"date":"2022-07-08T14:19:08","date_gmt":"2022-07-08T12:19:08","guid":{"rendered":"https:\/\/cndestetik.ch\/prodotto\/elektrischer-handtuchwaermer-fuer-kosmetikerinnen\/"},"modified":"2022-11-15T17:19:57","modified_gmt":"2022-11-15T16:19:57","slug":"handtuchwarmer-elektrisch-fur-kosmetikerin","status":"publish","type":"product","link":"https:\/\/cndestetik.ch\/de\/prodotto\/handtuchwarmer-elektrisch-fur-kosmetikerin\/","title":{"rendered":"Elektrischer Handtuchw\u00e4rmer f\u00fcr Kosmetikerinnen"},"content":{"rendered":"<p><span data-sheets-value=\"{\"1\":2,\"2\":\"Scaldasalviette elettrico per estetista con cestino per asciugamani caldi e vassoio di raccolta acqua.\\nIl volume interno del serbatoio \u00e8 di 16 litri.\\nTemperatura interna del serbatoio in alluminio: 80\u00b0 \u00b1 10\u00b0C\\nTensione: 220-240 V\\nFrequenza 50 Hz\\nPotenza 200 W\\nDimensioni: cm 45,5x34,5x30,5 h\\nPeso: 6 Kg\\n\\n\"}\" data-sheets-userformat=\"{\"2\":15299,\"3\":{\"1\":0},\"4\":{\"1\":2,\"2\":16777215},\"9\":0,\"10\":2,\"11\":0,\"12\":0,\"14\":{\"1\":2,\"2\":0},\"15\":\"Calibri\",\"16\":11}\">Elektrischer Handtuchw\u00e4rmer f\u00fcr Kosmetikerinnen mit Korb f\u00fcr warme Handt\u00fccher und Wasserauffangschale.<br \/>\nDas Innenvolumen des Tanks betr\u00e4gt 16 Liter.<br \/>\nInnentemperatur des Aluminiumtanks: 80\u00b0 \u00b1 10\u00b0C<br \/>\nSpannung: 220-240 V<br \/>\nFrequenz 50 Hz<br \/>\nLeistung 200 W<br \/>\nAbmessungen: 45,5&#215;34,5&#215;30,5 h cm<br \/>\nGewicht: 6 kg<\/span><\/p>\n<p>&nbsp;<\/p>\n","protected":false},"excerpt":{"rendered":"<p>Elektrischer Handtuchw\u00e4rmer f\u00fcr Kosmetikerinnen mit Korb f\u00fcr warme Handt\u00fccher und Wasserauffangschale.<\/p>\n","protected":false},"featured_media":50857,"template":"","meta":{"_acf_changed":false},"product_brand":[],"product_cat":[1495],"product_tag":[8247,8249,8248,2293],"class_list":{"0":"post-50860","1":"product","2":"type-product","3":"status-publish","4":"has-post-thumbnail","6":"product_cat-kosmetik","7":"product_tag-elektrisch-de","8":"product_tag-handtuchwarmer","9":"product_tag-warmer-de","10":"product_tag-wischt","12":"first","13":"instock","14":"taxable","15":"shipping-taxable","16":"purchasable","17":"product-type-simple"},"acf":[],"jetpack_sharing_enabled":true,"_links":{"self":[{"href":"https:\/\/cndestetik.ch\/de\/wp-json\/wp\/v2\/product\/50860","targetHints":{"allow":["GET"]}}],"collection":[{"href":"https:\/\/cndestetik.ch\/de\/wp-json\/wp\/v2\/product"}],"about":[{"href":"https:\/\/cndestetik.ch\/de\/wp-json\/wp\/v2\/types\/product"}],"wp:featuredmedia":[{"embeddable":true,"href":"https:\/\/cndestetik.ch\/de\/wp-json\/wp\/v2\/media\/50857"}],"wp:attachment":[{"href":"https:\/\/cndestetik.ch\/de\/wp-json\/wp\/v2\/media?parent=50860"}],"wp:term":[{"taxonomy":"product_brand","embeddable":true,"href":"https:\/\/cndestetik.ch\/de\/wp-json\/wp\/v2\/product_brand?post=50860"},{"taxonomy":"product_cat","embeddable":true,"href":"https:\/\/cndestetik.ch\/de\/wp-json\/wp\/v2\/product_cat?post=50860"},{"taxonomy":"product_tag","embeddable":true,"href":"https:\/\/cndestetik.ch\/de\/wp-json\/wp\/v2\/product_tag?post=50860"}],"curies":[{"name":"wp","href":"https:\/\/api.w.org\/{rel}","templated":true}]}}