{"id":50801,"date":"2020-11-03T16:25:33","date_gmt":"2020-11-03T15:25:33","guid":{"rendered":"https:\/\/cndestetik.ch\/prodotto\/oleolito-spagirico-archeo-spirito-vitale\/"},"modified":"2022-11-15T17:29:32","modified_gmt":"2022-11-15T16:29:32","slug":"oleolyt-pagyrisches-archeum-geist-vital","status":"publish","type":"product","link":"https:\/\/cndestetik.ch\/de\/prodotto\/oleolyt-pagyrisches-archeum-geist-vital\/","title":{"rendered":"Oleolito Spagirico Archeo Spirito Vitale"},"content":{"rendered":"<p>Ein spagyrischer Oleolith wie ein Wintergedicht, geschrieben mit Zimt und Bitterorangenschalen.<\/p>\n<p>Dieser zun\u00e4chst frische K\u00f6rperduft erw\u00e4rmt sich mit den w\u00fcrzigen, umh\u00fcllenden Noten von Zimt und spendet pure Energie und ultrahydratisierende Wirkung. Archeo Oleolite n\u00e4hrt intensiv und bringt Ruhe und Harmonie in Ihren Geist zur\u00fcck. Die Haut f\u00fchlt sich glatt, weich und wohlriechend an!<\/p>\n","protected":false},"excerpt":{"rendered":"<p>Archeo Oleolite n\u00e4hrt intensiv und bringt Ruhe und Harmonie in Ihren Geist zur\u00fcck.<\/p>\n","protected":false},"featured_media":54364,"template":"","meta":{"_acf_changed":false},"product_brand":[],"product_cat":[8511],"product_tag":[10228,594,10229,2116,4823,10230],"class_list":{"0":"post-50801","1":"product","2":"type-product","3":"status-publish","4":"has-post-thumbnail","6":"product_cat-letzte-stucke","7":"product_tag-archao","8":"product_tag-feuchtigkeitscreme","9":"product_tag-geist","10":"product_tag-oleolith","11":"product_tag-spagyrische","12":"product_tag-vital-de","14":"first","15":"instock","16":"sale","17":"taxable","18":"shipping-taxable","19":"purchasable","20":"product-type-simple"},"acf":[],"jetpack_sharing_enabled":true,"_links":{"self":[{"href":"https:\/\/cndestetik.ch\/de\/wp-json\/wp\/v2\/product\/50801","targetHints":{"allow":["GET"]}}],"collection":[{"href":"https:\/\/cndestetik.ch\/de\/wp-json\/wp\/v2\/product"}],"about":[{"href":"https:\/\/cndestetik.ch\/de\/wp-json\/wp\/v2\/types\/product"}],"wp:featuredmedia":[{"embeddable":true,"href":"https:\/\/cndestetik.ch\/de\/wp-json\/wp\/v2\/media\/54364"}],"wp:attachment":[{"href":"https:\/\/cndestetik.ch\/de\/wp-json\/wp\/v2\/media?parent=50801"}],"wp:term":[{"taxonomy":"product_brand","embeddable":true,"href":"https:\/\/cndestetik.ch\/de\/wp-json\/wp\/v2\/product_brand?post=50801"},{"taxonomy":"product_cat","embeddable":true,"href":"https:\/\/cndestetik.ch\/de\/wp-json\/wp\/v2\/product_cat?post=50801"},{"taxonomy":"product_tag","embeddable":true,"href":"https:\/\/cndestetik.ch\/de\/wp-json\/wp\/v2\/product_tag?post=50801"}],"curies":[{"name":"wp","href":"https:\/\/api.w.org\/{rel}","templated":true}]}}