{"id":50744,"date":"2022-07-07T13:34:16","date_gmt":"2022-07-07T11:34:16","guid":{"rendered":"https:\/\/cndestetik.ch\/prodotto\/sonnencreme-gesicht-und-dekollete\/"},"modified":"2025-02-11T08:49:53","modified_gmt":"2025-02-11T07:49:53","slug":"cremefarben-solargesichtig-und-dekolletiert","status":"publish","type":"product","link":"https:\/\/cndestetik.ch\/de\/prodotto\/cremefarben-solargesichtig-und-dekolletiert\/","title":{"rendered":"Sonnencreme Gesicht und Dekollet\u00e9"},"content":{"rendered":"<p>Hochgradig feuchtigkeitsspendende Creme f\u00fcr Gesicht und Dekollet\u00e9 mit Schutzfaktor 25. Ideal f\u00fcr den Abschluss Ihrer Behandlungen in der Kabine das ganze Jahr \u00fcber, insbesondere wenn Sie lichtempfindliche Inhaltsstoffe verwenden. Wir empfehlen, die Creme das ganze Jahr \u00fcber t\u00e4glich zu verwenden, um Ihre Haut vor den Auswirkungen der UV-Strahlen zu sch\u00fctzen und Hautunreinheiten und vorzeitiger Hautalterung vorzubeugen. Unser Tipp: F\u00fcr eine vollst\u00e4ndige Abdeckung das ganze Jahr \u00fcber empfehlen wir die Creme in Kombination mit der Loose Mineral Foundation Inika Organic ebenfalls mit SPF25!<\/p>\n","protected":false},"excerpt":{"rendered":"<p>Schutz der Haut vor den Auswirkungen der UV-Strahlung<\/p>\n","protected":false},"featured_media":59436,"template":"","meta":{"_acf_changed":false},"product_brand":[],"product_cat":[12988,1495,12980,3300],"product_tag":[3836,8232,1893,757,4065,4111,4112],"class_list":{"0":"post-50744","1":"product","2":"type-product","3":"status-publish","4":"has-post-thumbnail","6":"product_cat-gesicht","7":"product_cat-kosmetik","8":"product_cat-mikrokosmos","9":"product_cat-04-solari-de","10":"product_tag-creme-de","11":"product_tag-dekolte","12":"product_tag-emulsion-de","13":"product_tag-gesicht","14":"product_tag-schutz","15":"product_tag-solar-de","16":"product_tag-solari-de","18":"first","19":"instock","20":"taxable","21":"shipping-taxable","22":"purchasable","23":"product-type-simple"},"acf":[],"jetpack_sharing_enabled":true,"_links":{"self":[{"href":"https:\/\/cndestetik.ch\/de\/wp-json\/wp\/v2\/product\/50744","targetHints":{"allow":["GET"]}}],"collection":[{"href":"https:\/\/cndestetik.ch\/de\/wp-json\/wp\/v2\/product"}],"about":[{"href":"https:\/\/cndestetik.ch\/de\/wp-json\/wp\/v2\/types\/product"}],"wp:featuredmedia":[{"embeddable":true,"href":"https:\/\/cndestetik.ch\/de\/wp-json\/wp\/v2\/media\/59436"}],"wp:attachment":[{"href":"https:\/\/cndestetik.ch\/de\/wp-json\/wp\/v2\/media?parent=50744"}],"wp:term":[{"taxonomy":"product_brand","embeddable":true,"href":"https:\/\/cndestetik.ch\/de\/wp-json\/wp\/v2\/product_brand?post=50744"},{"taxonomy":"product_cat","embeddable":true,"href":"https:\/\/cndestetik.ch\/de\/wp-json\/wp\/v2\/product_cat?post=50744"},{"taxonomy":"product_tag","embeddable":true,"href":"https:\/\/cndestetik.ch\/de\/wp-json\/wp\/v2\/product_tag?post=50744"}],"curies":[{"name":"wp","href":"https:\/\/api.w.org\/{rel}","templated":true}]}}