{"id":50571,"date":"2022-07-06T14:43:54","date_gmt":"2022-07-06T12:43:54","guid":{"rendered":"https:\/\/cndestetik.ch\/prodotto\/cnd-mango-kokosnuss-lotion\/"},"modified":"2022-11-15T17:17:36","modified_gmt":"2022-11-15T16:17:36","slug":"cnd-mango-kokosnuss-lotion","status":"publish","type":"product","link":"https:\/\/cndestetik.ch\/de\/prodotto\/cnd-mango-kokosnuss-lotion\/","title":{"rendered":"CND-Mango &amp; Kokosnuss Lotion"},"content":{"rendered":"<p><span data-sheets-value=\"{\"1\":2,\"2\":\"Lozione per mani aromaterapiche che deliziano le mani e stupiscono i sensi. Idratano e nutrono a fondo, assorbono velocemente e lasciano la pelle incredibilmente profumata. Mango e cocco da 245 ml.\"}\" data-sheets-userformat=\"{\"2\":15299,\"3\":{\"1\":0},\"4\":{\"1\":2,\"2\":65280},\"9\":0,\"10\":2,\"11\":0,\"12\":0,\"14\":{\"1\":2,\"2\":0},\"15\":\"Calibri\",\"16\":11}\">Aromatherapeutische Handlotion, die die H\u00e4nde verw\u00f6hnt und die Sinne verbl\u00fcfft. Sie versorgen die Haut mit Feuchtigkeit und N\u00e4hrstoffen, ziehen schnell ein und hinterlassen einen angenehmen Duft auf der Haut.<\/span><\/p>\n<p><span data-sheets-value=\"{\"1\":2,\"2\":\"Lozione per mani aromaterapiche che deliziano le mani e stupiscono i sensi. Idratano e nutrono a fondo, assorbono velocemente e lasciano la pelle incredibilmente profumata. Mango e cocco da 245 ml.\"}\" data-sheets-userformat=\"{\"2\":15299,\"3\":{\"1\":0},\"4\":{\"1\":2,\"2\":65280},\"9\":0,\"10\":2,\"11\":0,\"12\":0,\"14\":{\"1\":2,\"2\":0},\"15\":\"Calibri\",\"16\":11}\">Gr\u00f6\u00dfe: 245ml.<\/span><\/p>\n","protected":false},"excerpt":{"rendered":"<p>Aromatherapie-Handlotion<\/p>\n","protected":false},"featured_media":50569,"template":"","meta":{"_acf_changed":false},"product_brand":[],"product_cat":[1504],"product_tag":[4081,594,8094,2051,8095,471],"class_list":{"0":"post-50571","1":"product","2":"type-product","3":"status-publish","4":"has-post-thumbnail","6":"product_cat-nails-manikure-pedikure","7":"product_tag-cnd-de","8":"product_tag-feuchtigkeitscreme","9":"product_tag-kokosnuss-de","10":"product_tag-lotion-de","11":"product_tag-mango-de","12":"product_tag-nahrhaft","14":"first","15":"outofstock","16":"taxable","17":"shipping-taxable","18":"purchasable","19":"product-type-simple"},"acf":[],"jetpack_sharing_enabled":true,"_links":{"self":[{"href":"https:\/\/cndestetik.ch\/de\/wp-json\/wp\/v2\/product\/50571","targetHints":{"allow":["GET"]}}],"collection":[{"href":"https:\/\/cndestetik.ch\/de\/wp-json\/wp\/v2\/product"}],"about":[{"href":"https:\/\/cndestetik.ch\/de\/wp-json\/wp\/v2\/types\/product"}],"wp:featuredmedia":[{"embeddable":true,"href":"https:\/\/cndestetik.ch\/de\/wp-json\/wp\/v2\/media\/50569"}],"wp:attachment":[{"href":"https:\/\/cndestetik.ch\/de\/wp-json\/wp\/v2\/media?parent=50571"}],"wp:term":[{"taxonomy":"product_brand","embeddable":true,"href":"https:\/\/cndestetik.ch\/de\/wp-json\/wp\/v2\/product_brand?post=50571"},{"taxonomy":"product_cat","embeddable":true,"href":"https:\/\/cndestetik.ch\/de\/wp-json\/wp\/v2\/product_cat?post=50571"},{"taxonomy":"product_tag","embeddable":true,"href":"https:\/\/cndestetik.ch\/de\/wp-json\/wp\/v2\/product_tag?post=50571"}],"curies":[{"name":"wp","href":"https:\/\/api.w.org\/{rel}","templated":true}]}}