{"id":50525,"date":"2022-07-06T13:58:00","date_gmt":"2022-07-06T11:58:00","guid":{"rendered":"https:\/\/cndestetik.ch\/prodotto\/ridgefx\/"},"modified":"2022-11-15T17:17:35","modified_gmt":"2022-11-15T16:17:35","slug":"ridgefx","status":"publish","type":"product","link":"https:\/\/cndestetik.ch\/de\/prodotto\/ridgefx\/","title":{"rendered":"RidgeFx"},"content":{"rendered":"<p><span data-sheets-value=\"{\"1\":2,\"2\":\"RIDGEFX\u2122 \u00e8 un esaltatore di superficie dell'unghia e riempitivo di cresta che perfeziona l'aspetto dell'unghia naturale. Dotato di OPTIFIL TECHNOLOGY\u2122, RIDGEFX\u2122 leviga le creste e maschera le imperfezioni per una bella applicazione del colore e un'usura resistente alle scheggiature. CL.\"}\" data-sheets-userformat=\"{\"2\":15297,\"3\":{\"1\":0},\"9\":0,\"10\":2,\"11\":0,\"12\":0,\"14\":{\"1\":2,\"2\":0},\"15\":\"Calibri\",\"16\":11}\">RIDGEFX\u2122 ist ein Nageloberfl\u00e4chenverbesserer und Ridge Filler, der das Aussehen des Naturnagels perfektioniert. Ausgestattet mit der OPTIFIL TECHNOLOGY\u2122, gl\u00e4ttet RIDGEFX\u2122 Rillen und kaschiert Unebenheiten f\u00fcr einen sch\u00f6nen Farbauftrag und eine widerstandsf\u00e4hige Abnutzung.<\/span><\/p>\n<p><span data-sheets-value=\"{\"1\":2,\"2\":\"RidgeFx 15 ml.\"}\" data-sheets-userformat=\"{\"2\":14785,\"3\":{\"1\":0,\"3\":1},\"9\":0,\"10\":2,\"11\":0,\"14\":{\"1\":2,\"2\":0},\"15\":\"Calibri\",\"16\":11}\">Gr\u00f6\u00dfe: 15ml.<\/span><\/p>\n","protected":false},"excerpt":{"rendered":"<p>Eine Verbesserung der Nageloberfl\u00e4che<\/p>\n","protected":false},"featured_media":50523,"template":"","meta":{"_acf_changed":false},"product_brand":[],"product_cat":[1504],"product_tag":[4081,9758,8062,1356,1357,8064,9757],"class_list":{"0":"post-50525","1":"product","2":"type-product","3":"status-publish","4":"has-post-thumbnail","6":"product_cat-nails-manikure-pedikure","7":"product_tag-cnd-de","8":"product_tag-fullstoff","9":"product_tag-kamm","10":"product_tag-nagel-de","11":"product_tag-nagel-de-2","12":"product_tag-ridgefx-de","13":"product_tag-verstarker","15":"first","16":"instock","17":"taxable","18":"shipping-taxable","19":"purchasable","20":"product-type-simple"},"acf":[],"jetpack_sharing_enabled":true,"_links":{"self":[{"href":"https:\/\/cndestetik.ch\/de\/wp-json\/wp\/v2\/product\/50525","targetHints":{"allow":["GET"]}}],"collection":[{"href":"https:\/\/cndestetik.ch\/de\/wp-json\/wp\/v2\/product"}],"about":[{"href":"https:\/\/cndestetik.ch\/de\/wp-json\/wp\/v2\/types\/product"}],"wp:featuredmedia":[{"embeddable":true,"href":"https:\/\/cndestetik.ch\/de\/wp-json\/wp\/v2\/media\/50523"}],"wp:attachment":[{"href":"https:\/\/cndestetik.ch\/de\/wp-json\/wp\/v2\/media?parent=50525"}],"wp:term":[{"taxonomy":"product_brand","embeddable":true,"href":"https:\/\/cndestetik.ch\/de\/wp-json\/wp\/v2\/product_brand?post=50525"},{"taxonomy":"product_cat","embeddable":true,"href":"https:\/\/cndestetik.ch\/de\/wp-json\/wp\/v2\/product_cat?post=50525"},{"taxonomy":"product_tag","embeddable":true,"href":"https:\/\/cndestetik.ch\/de\/wp-json\/wp\/v2\/product_tag?post=50525"}],"curies":[{"name":"wp","href":"https:\/\/api.w.org\/{rel}","templated":true}]}}