{"id":50399,"date":"2022-07-05T16:12:56","date_gmt":"2022-07-05T14:12:56","guid":{"rendered":"https:\/\/cndestetik.ch\/?post_type=product&#038;p=50399"},"modified":"2022-11-15T17:17:33","modified_gmt":"2022-11-15T16:17:33","slug":"cnd-solarol","status":"publish","type":"product","link":"https:\/\/cndestetik.ch\/de\/prodotto\/cnd-solarol\/","title":{"rendered":"CND Solar\u00f6l"},"content":{"rendered":"<p><span data-sheets-value=\"{\"1\":2,\"2\":\"Solaroil \u00e8 il pluripremiato trattamento per le cuticole che garantisce massima idratazione a unghie e cuticole. Ricca miscela di olio di jojoba, olio di mandorle e Vitamine E. Penetra in profondit\u00e0, idrata e protegge unghie e cuticole. 15 ml\"}\" data-sheets-userformat=\"{\"2\":15297,\"3\":{\"1\":0},\"9\":0,\"10\":2,\"11\":0,\"12\":0,\"14\":{\"1\":2,\"2\":0},\"15\":\"Calibri\",\"16\":11}\">Solaroil ist die preisgekr\u00f6nte Behandlung, die N\u00e4gel und Nagelhaut mit maximaler Feuchtigkeit versorgt. Reichhaltige Mischung aus Jojoba\u00f6l, Mandel\u00f6l und Vitamin E.  <\/span><\/p>\n<p><span data-sheets-value=\"{\"1\":2,\"2\":\"Solaroil \u00e8 il pluripremiato trattamento per le cuticole che garantisce massima idratazione a unghie e cuticole. Ricca miscela di olio di jojoba, olio di mandorle e Vitamine E. Penetra in profondit\u00e0, idrata e protegge unghie e cuticole. 15 ml\"}\" data-sheets-userformat=\"{\"2\":15297,\"3\":{\"1\":0},\"9\":0,\"10\":2,\"11\":0,\"12\":0,\"14\":{\"1\":2,\"2\":0},\"15\":\"Calibri\",\"16\":11}\">Es dringt tief ein, spendet Feuchtigkeit und sch\u00fctzt N\u00e4gel und Nagelhaut.<\/span><\/p>\n","protected":false},"excerpt":{"rendered":"<p><span data-sheets-value=\"{\"1\":2,\"2\":\"Solaroil \u00e8 il pluripremiato trattamento per le cuticole che garantisce massima idratazione a unghie e cuticole. Ricca miscela di olio di jojoba, olio di mandorle e Vitamine E. Penetra in profondit\u00e0, idrata e protegge unghie e cuticole. 15 ml\"}\" data-sheets-userformat=\"{\"2\":15297,\"3\":{\"1\":0},\"9\":0,\"10\":2,\"11\":0,\"12\":0,\"14\":{\"1\":2,\"2\":0},\"15\":\"Calibri\",\"16\":11}\">Es dringt tief ein, spendet Feuchtigkeit und sch\u00fctzt N\u00e4gel und Nagelhaut.<\/span><\/p>\n","protected":false},"featured_media":50417,"template":"","meta":{"_acf_changed":false},"product_brand":[],"product_cat":[1504],"product_tag":[4081,4104,1279,1356,1357,1336,2191,7885,8013],"class_list":{"0":"post-50399","1":"product","2":"type-product","3":"status-publish","4":"has-post-thumbnail","6":"product_cat-nails-manikure-pedikure","7":"product_tag-cnd-de","8":"product_tag-flussigkeitszufuhr","9":"product_tag-gel-de","10":"product_tag-nagel-de","11":"product_tag-nagel-de-2","12":"product_tag-nagelhaut","13":"product_tag-ol","14":"product_tag-solar-de-2","15":"product_tag-solarol","16":"pa_quantita-10-stuck","17":"pa_quantita-15ml-de","18":"pa_quantita-20-stuck","19":"pa_quantita-40-stuck","21":"first","22":"instock","23":"taxable","24":"shipping-taxable","25":"purchasable","26":"product-type-variable"},"acf":[],"jetpack_sharing_enabled":true,"_links":{"self":[{"href":"https:\/\/cndestetik.ch\/de\/wp-json\/wp\/v2\/product\/50399","targetHints":{"allow":["GET"]}}],"collection":[{"href":"https:\/\/cndestetik.ch\/de\/wp-json\/wp\/v2\/product"}],"about":[{"href":"https:\/\/cndestetik.ch\/de\/wp-json\/wp\/v2\/types\/product"}],"wp:featuredmedia":[{"embeddable":true,"href":"https:\/\/cndestetik.ch\/de\/wp-json\/wp\/v2\/media\/50417"}],"wp:attachment":[{"href":"https:\/\/cndestetik.ch\/de\/wp-json\/wp\/v2\/media?parent=50399"}],"wp:term":[{"taxonomy":"product_brand","embeddable":true,"href":"https:\/\/cndestetik.ch\/de\/wp-json\/wp\/v2\/product_brand?post=50399"},{"taxonomy":"product_cat","embeddable":true,"href":"https:\/\/cndestetik.ch\/de\/wp-json\/wp\/v2\/product_cat?post=50399"},{"taxonomy":"product_tag","embeddable":true,"href":"https:\/\/cndestetik.ch\/de\/wp-json\/wp\/v2\/product_tag?post=50399"}],"curies":[{"name":"wp","href":"https:\/\/api.w.org\/{rel}","templated":true}]}}