{"id":50393,"date":"2022-07-05T16:10:07","date_gmt":"2022-07-05T14:10:07","guid":{"rendered":"https:\/\/cndestetik.ch\/prodotto\/cnd-stickey-basislack\/"},"modified":"2023-02-09T15:04:55","modified_gmt":"2023-02-09T14:04:55","slug":"cnd-stickey-base-coat","status":"publish","type":"product","link":"https:\/\/cndestetik.ch\/de\/prodotto\/cnd-stickey-base-coat\/","title":{"rendered":"CND-Stickey Basislack"},"content":{"rendered":"<p><span data-sheets-value=\"{\"1\":2,\"2\":\"La base appiccicosa crea uno strato morbido e appiccicoso che fissa il colore dell'unghia all'unghia e migliora la vestibilit\u00e0.\\n\\nUna base morbida e appiccicosa per unghie sane\\nAncora lo smalto all'unghia per aiutare a prevenire la desquamazione e la scheggiatura\\nMigliora la vestibilit\u00e0 dello smalto\\nAiuta a prevenire la colorazione della superficie delle unghie naturali \"}\" data-sheets-userformat=\"{\"2\":15297,\"3\":{\"1\":0},\"9\":0,\"10\":2,\"11\":0,\"12\":0,\"14\":{\"1\":2,\"2\":0},\"15\":\"Calibri\",\"16\":11}\">Die klebrige Basis bildet eine weiche, klebrige Schicht, die die Farbe auf dem Nagel fixiert und die Passform verbessert.<\/span><\/p>\n<p>Eine weiche, klebrige Basis f\u00fcr gesunde N\u00e4gel<br \/>\nNagellack zur Vorbeugung gegen Abbl\u00e4ttern und Absplittern<br \/>\nVerbessert den Sitz des Zahnschmelzes<br \/>\nHilft, die Verf\u00e4rbung der Oberfl\u00e4che von Naturn\u00e4geln zu verhindern<\/p>\n<p>Gr\u00f6\u00dfe: 15ml<\/p>\n","protected":false},"excerpt":{"rendered":"<p><span data-sheets-value=\"{\"1\":2,\"2\":\"La base appiccicosa crea uno strato morbido e appiccicoso che fissa il colore dell'unghia all'unghia e migliora la vestibilit\u00e0.\\n\\nUna base morbida e appiccicosa per unghie sane\\nAncora lo smalto all'unghia per aiutare a prevenire la desquamazione e la scheggiatura\\nMigliora la vestibilit\u00e0 dello smalto\\nAiuta a prevenire la colorazione della superficie delle unghie naturali \"}\" data-sheets-userformat=\"{\"2\":15297,\"3\":{\"1\":0},\"9\":0,\"10\":2,\"11\":0,\"12\":0,\"14\":{\"1\":2,\"2\":0},\"15\":\"Calibri\",\"16\":11}\">Nagellack zur Vorbeugung gegen Abbl\u00e4ttern und Absplittern<\/span><\/p>\n","protected":false},"featured_media":58590,"template":"","meta":{"_acf_changed":false},"product_brand":[],"product_cat":[1504],"product_tag":[6698,9762,1954,1356,1357,8011],"class_list":{"0":"post-50393","1":"product","2":"type-product","3":"status-publish","4":"has-post-thumbnail","6":"product_cat-nails-manikure-pedikure","7":"product_tag-basis","8":"product_tag-klebrig","9":"product_tag-mantel","10":"product_tag-nagel-de","11":"product_tag-nagel-de-2","12":"product_tag-stickey-de","14":"first","15":"instock","16":"taxable","17":"shipping-taxable","18":"purchasable","19":"product-type-simple"},"acf":[],"jetpack_sharing_enabled":true,"_links":{"self":[{"href":"https:\/\/cndestetik.ch\/de\/wp-json\/wp\/v2\/product\/50393","targetHints":{"allow":["GET"]}}],"collection":[{"href":"https:\/\/cndestetik.ch\/de\/wp-json\/wp\/v2\/product"}],"about":[{"href":"https:\/\/cndestetik.ch\/de\/wp-json\/wp\/v2\/types\/product"}],"wp:featuredmedia":[{"embeddable":true,"href":"https:\/\/cndestetik.ch\/de\/wp-json\/wp\/v2\/media\/58590"}],"wp:attachment":[{"href":"https:\/\/cndestetik.ch\/de\/wp-json\/wp\/v2\/media?parent=50393"}],"wp:term":[{"taxonomy":"product_brand","embeddable":true,"href":"https:\/\/cndestetik.ch\/de\/wp-json\/wp\/v2\/product_brand?post=50393"},{"taxonomy":"product_cat","embeddable":true,"href":"https:\/\/cndestetik.ch\/de\/wp-json\/wp\/v2\/product_cat?post=50393"},{"taxonomy":"product_tag","embeddable":true,"href":"https:\/\/cndestetik.ch\/de\/wp-json\/wp\/v2\/product_tag?post=50393"}],"curies":[{"name":"wp","href":"https:\/\/api.w.org\/{rel}","templated":true}]}}