{"id":50311,"date":"2022-07-05T15:09:47","date_gmt":"2022-07-05T13:09:47","guid":{"rendered":"https:\/\/cndestetik.ch\/prodotto\/cnd-nailfresh\/"},"modified":"2022-11-15T17:18:45","modified_gmt":"2022-11-15T16:18:45","slug":"cnd-nailfresh","status":"publish","type":"product","link":"https:\/\/cndestetik.ch\/de\/prodotto\/cnd-nailfresh\/","title":{"rendered":"CND Nailfresh"},"content":{"rendered":"<p><span data-sheets-value=\"{\"1\":2,\"2\":\"Preparatore deidratante per unghie. Deidratante temporaneo per l'unghia naturale, permette alla ricostruzione di aderire al meglio 29 ml.\"}\" data-sheets-userformat=\"{\"2\":15297,\"3\":{\"1\":0},\"9\":0,\"10\":2,\"11\":0,\"12\":0,\"14\":{\"1\":2,\"2\":0},\"15\":\"Calibri\",\"16\":11}\">Nagelvorbereitung zum Austrocknen. Tempor\u00e4rer Dehydrator f\u00fcr den Naturnagel, l\u00e4sst die Rekonstruktion besser haften  <\/span><\/p>\n<p><span data-sheets-value=\"{\"1\":2,\"2\":\"Preparatore deidratante per unghie. Deidratante temporaneo per l'unghia naturale, permette alla ricostruzione di aderire al meglio 29 ml.\"}\" data-sheets-userformat=\"{\"2\":15297,\"3\":{\"1\":0},\"9\":0,\"10\":2,\"11\":0,\"12\":0,\"14\":{\"1\":2,\"2\":0},\"15\":\"Calibri\",\"16\":11}\">Gr\u00f6\u00dfe: 29ml<\/span><\/p>\n","protected":false},"excerpt":{"rendered":"<p><span data-sheets-value=\"{\"1\":2,\"2\":\"Preparatore deidratante per unghie. Deidratante temporaneo per l'unghia naturale, permette alla ricostruzione di aderire al meglio 29 ml.\"}\" data-sheets-userformat=\"{\"2\":15297,\"3\":{\"1\":0},\"9\":0,\"10\":2,\"11\":0,\"12\":0,\"14\":{\"1\":2,\"2\":0},\"15\":\"Calibri\",\"16\":11}\">Tempor\u00e4rer Dehydrator f\u00fcr den Naturnagel<\/span><\/p>\n","protected":false},"featured_media":50308,"template":"","meta":{"_acf_changed":false},"product_brand":[],"product_cat":[1504],"product_tag":[2072,1134,5160,1357,9074,9075,7971,1526],"class_list":{"0":"post-50311","1":"product","2":"type-product","3":"status-publish","4":"has-post-thumbnail","6":"product_cat-nails-manikure-pedikure","7":"product_tag-frisch-de","8":"product_tag-nagel","9":"product_tag-nagel-de-4","10":"product_tag-nagel-de-2","11":"product_tag-nailfresh-de","12":"product_tag-perparator","13":"product_tag-praparativ","14":"product_tag-wiederaufbau","16":"first","17":"instock","18":"taxable","19":"shipping-taxable","20":"purchasable","21":"product-type-simple"},"acf":[],"jetpack_sharing_enabled":true,"_links":{"self":[{"href":"https:\/\/cndestetik.ch\/de\/wp-json\/wp\/v2\/product\/50311","targetHints":{"allow":["GET"]}}],"collection":[{"href":"https:\/\/cndestetik.ch\/de\/wp-json\/wp\/v2\/product"}],"about":[{"href":"https:\/\/cndestetik.ch\/de\/wp-json\/wp\/v2\/types\/product"}],"wp:featuredmedia":[{"embeddable":true,"href":"https:\/\/cndestetik.ch\/de\/wp-json\/wp\/v2\/media\/50308"}],"wp:attachment":[{"href":"https:\/\/cndestetik.ch\/de\/wp-json\/wp\/v2\/media?parent=50311"}],"wp:term":[{"taxonomy":"product_brand","embeddable":true,"href":"https:\/\/cndestetik.ch\/de\/wp-json\/wp\/v2\/product_brand?post=50311"},{"taxonomy":"product_cat","embeddable":true,"href":"https:\/\/cndestetik.ch\/de\/wp-json\/wp\/v2\/product_cat?post=50311"},{"taxonomy":"product_tag","embeddable":true,"href":"https:\/\/cndestetik.ch\/de\/wp-json\/wp\/v2\/product_tag?post=50311"}],"curies":[{"name":"wp","href":"https:\/\/api.w.org\/{rel}","templated":true}]}}