{"id":50302,"date":"2022-07-05T15:06:01","date_gmt":"2022-07-05T13:06:01","guid":{"rendered":"https:\/\/cndestetik.ch\/prodotto\/cnd-nagelgrundierung\/"},"modified":"2022-11-15T17:18:43","modified_gmt":"2022-11-15T16:18:43","slug":"cnd-nail-prime","status":"publish","type":"product","link":"https:\/\/cndestetik.ch\/de\/prodotto\/cnd-nail-prime\/","title":{"rendered":"CND Nagelgrundierung"},"content":{"rendered":"<p><span data-sheets-value=\"{\"1\":2,\"2\":\"CND Nail Prime 15ml\"}\" data-sheets-userformat=\"{\"2\":14787,\"3\":{\"1\":0,\"3\":1},\"4\":{\"1\":2,\"2\":16776960},\"9\":0,\"10\":2,\"11\":0,\"14\":{\"1\":2,\"2\":0},\"15\":\"Calibri\",\"16\":11}\">S\u00e4urefreie Grundierung. S\u00e4urefreies Bindemittel. Sorgt f\u00fcr maximale Haftung der Rekonstruktion auf dem Naturnagel<\/span><\/p>\n<p><span data-sheets-value=\"{\"1\":2,\"2\":\"CND Nail Prime 15ml\"}\" data-sheets-userformat=\"{\"2\":14787,\"3\":{\"1\":0,\"3\":1},\"4\":{\"1\":2,\"2\":16776960},\"9\":0,\"10\":2,\"11\":0,\"14\":{\"1\":2,\"2\":0},\"15\":\"Calibri\",\"16\":11}\">Gr\u00f6\u00dfe: 15ml<\/span><\/p>\n","protected":false},"excerpt":{"rendered":"<p>S\u00e4urefreier Primer<\/p>\n","protected":false},"featured_media":50299,"template":"","meta":{"_acf_changed":false},"product_brand":[],"product_cat":[1504],"product_tag":[4081,7967,867,1134,1526],"class_list":{"0":"post-50302","1":"product","2":"type-product","3":"status-publish","4":"has-post-thumbnail","6":"product_cat-nails-manikure-pedikure","7":"product_tag-cnd-de","8":"product_tag-erste-de","9":"product_tag-grundierung","10":"product_tag-nagel","11":"product_tag-wiederaufbau","13":"first","14":"instock","15":"taxable","16":"shipping-taxable","17":"purchasable","18":"product-type-simple"},"acf":[],"jetpack_sharing_enabled":true,"_links":{"self":[{"href":"https:\/\/cndestetik.ch\/de\/wp-json\/wp\/v2\/product\/50302","targetHints":{"allow":["GET"]}}],"collection":[{"href":"https:\/\/cndestetik.ch\/de\/wp-json\/wp\/v2\/product"}],"about":[{"href":"https:\/\/cndestetik.ch\/de\/wp-json\/wp\/v2\/types\/product"}],"wp:featuredmedia":[{"embeddable":true,"href":"https:\/\/cndestetik.ch\/de\/wp-json\/wp\/v2\/media\/50299"}],"wp:attachment":[{"href":"https:\/\/cndestetik.ch\/de\/wp-json\/wp\/v2\/media?parent=50302"}],"wp:term":[{"taxonomy":"product_brand","embeddable":true,"href":"https:\/\/cndestetik.ch\/de\/wp-json\/wp\/v2\/product_brand?post=50302"},{"taxonomy":"product_cat","embeddable":true,"href":"https:\/\/cndestetik.ch\/de\/wp-json\/wp\/v2\/product_cat?post=50302"},{"taxonomy":"product_tag","embeddable":true,"href":"https:\/\/cndestetik.ch\/de\/wp-json\/wp\/v2\/product_tag?post=50302"}],"curies":[{"name":"wp","href":"https:\/\/api.w.org\/{rel}","templated":true}]}}