{"id":50264,"date":"2022-07-05T14:50:13","date_gmt":"2022-07-05T12:50:13","guid":{"rendered":"https:\/\/cndestetik.ch\/prodotto\/cnd-rettung-rxx\/"},"modified":"2022-11-15T17:18:47","modified_gmt":"2022-11-15T16:18:47","slug":"cnd-rescue-rxx","status":"publish","type":"product","link":"https:\/\/cndestetik.ch\/de\/prodotto\/cnd-rescue-rxx\/","title":{"rendered":"CND Rettung RXX"},"content":{"rendered":"<p><span data-sheets-value=\"{\"1\":2,\"2\":\"Rescue RXx \u00e8 il trattamento intensivo a base di proteine della keratina che ripara unghie debili e danneggiate. Unghie visibilmente pi\u00f9 sane in 1 sola settimana. Ripara le unghie deboli o danneggiate mentre idrata a fondo. Notevole diminuzione di sfaldature, sbeccature e macchie bianche in espositore da banco 40 pz. x 3,7 ml\"}\" data-sheets-userformat=\"{\"2\":15297,\"3\":{\"1\":0},\"9\":0,\"10\":2,\"11\":0,\"12\":0,\"14\":{\"1\":2,\"2\":0},\"15\":\"Calibri\",\"16\":11}\">Rescue RXX ist die intensive Keratin-Proteinbehandlung, die schwache und besch\u00e4digte N\u00e4gel repariert. Sichtbar ges\u00fcndere N\u00e4gel in nur einer Woche. Repariert schwache oder besch\u00e4digte N\u00e4gel und versorgt sie gleichzeitig mit Feuchtigkeit.  <\/span><\/p>\n<p><span data-sheets-value=\"{\"1\":2,\"2\":\"Rescue RXx \u00e8 il trattamento intensivo a base di proteine della keratina che ripara unghie debili e danneggiate. Unghie visibilmente pi\u00f9 sane in 1 sola settimana. Ripara le unghie deboli o danneggiate mentre idrata a fondo. Notevole diminuzione di sfaldature, sbeccature e macchie bianche in espositore da banco 40 pz. x 3,7 ml\"}\" data-sheets-userformat=\"{\"2\":15297,\"3\":{\"1\":0},\"9\":0,\"10\":2,\"11\":0,\"12\":0,\"14\":{\"1\":2,\"2\":0},\"15\":\"Calibri\",\"16\":11}\">Deutlicher R\u00fcckgang von Abbl\u00e4ttern, Abplatzungen und wei\u00dfen Flecken.<\/span><\/p>\n","protected":false},"excerpt":{"rendered":"<p>Sichtbar ges\u00fcndere N\u00e4gel in nur einer Woche.<\/p>\n","protected":false},"featured_media":50260,"template":"","meta":{"_acf_changed":false},"product_brand":[],"product_cat":[1504],"product_tag":[1030,4081,1279,5160,1356,1357,8966,9154,7944],"class_list":{"0":"post-50264","1":"product","2":"type-product","3":"status-publish","4":"has-post-thumbnail","6":"product_cat-nails-manikure-pedikure","7":"product_tag-behandlung","8":"product_tag-cnd-de","9":"product_tag-gel-de","10":"product_tag-nagel-de-4","11":"product_tag-nagel-de","12":"product_tag-nagel-de-2","13":"product_tag-reparateur-de","14":"product_tag-reparatur-von","15":"product_tag-rettung","16":"pa_quantita-10-stuck","17":"pa_quantita-15ml-de","18":"pa_quantita-20-stuck","19":"pa_quantita-40-stuck","21":"first","22":"instock","23":"taxable","24":"shipping-taxable","25":"purchasable","26":"product-type-variable"},"acf":[],"jetpack_sharing_enabled":true,"_links":{"self":[{"href":"https:\/\/cndestetik.ch\/de\/wp-json\/wp\/v2\/product\/50264","targetHints":{"allow":["GET"]}}],"collection":[{"href":"https:\/\/cndestetik.ch\/de\/wp-json\/wp\/v2\/product"}],"about":[{"href":"https:\/\/cndestetik.ch\/de\/wp-json\/wp\/v2\/types\/product"}],"wp:featuredmedia":[{"embeddable":true,"href":"https:\/\/cndestetik.ch\/de\/wp-json\/wp\/v2\/media\/50260"}],"wp:attachment":[{"href":"https:\/\/cndestetik.ch\/de\/wp-json\/wp\/v2\/media?parent=50264"}],"wp:term":[{"taxonomy":"product_brand","embeddable":true,"href":"https:\/\/cndestetik.ch\/de\/wp-json\/wp\/v2\/product_brand?post=50264"},{"taxonomy":"product_cat","embeddable":true,"href":"https:\/\/cndestetik.ch\/de\/wp-json\/wp\/v2\/product_cat?post=50264"},{"taxonomy":"product_tag","embeddable":true,"href":"https:\/\/cndestetik.ch\/de\/wp-json\/wp\/v2\/product_tag?post=50264"}],"curies":[{"name":"wp","href":"https:\/\/api.w.org\/{rel}","templated":true}]}}