{"id":50238,"date":"2022-07-05T14:14:54","date_gmt":"2022-07-05T12:14:54","guid":{"rendered":"https:\/\/cndestetik.ch\/prodotto\/cnd-spa-gurke-fersentherapie-hornhautglaetter\/"},"modified":"2022-07-05T14:14:54","modified_gmt":"2022-07-05T12:14:54","slug":"cnd-spa-gurken-fersen-therapie-schwielen-glatter","status":"publish","type":"product","link":"https:\/\/cndestetik.ch\/de\/prodotto\/cnd-spa-gurken-fersen-therapie-schwielen-glatter\/","title":{"rendered":"CND Spa Gurke Fersentherapie Hornhautgl\u00e4tter"},"content":{"rendered":"<p><span data-sheets-value=\"{\"1\":2,\"2\":\"Potente siero professionale ad alta concentrazione di Alfa-idrossiacidi. Riduce ed elimina la callosit\u00e0. L'utilizzo regolare aiuta a prevenire la formazione di callosit\u00e0\"}\" data-sheets-userformat=\"{\"2\":15297,\"3\":{\"1\":0},\"9\":0,\"10\":2,\"11\":0,\"12\":0,\"14\":{\"1\":2,\"2\":0},\"15\":\"Calibri\",\"16\":11}\">Leistungsstarkes Profi-Serum mit einer hohen Konzentration an Alpha-Hydroxys\u00e4uren. Reduziert und beseitigt Schwielen. Regelm\u00e4\u00dfige Anwendung hilft, die Bildung von Schwielen zu verhindern<\/span><\/p>\n<p>Gr\u00f6\u00dfe: 236ml<\/p>\n","protected":false},"excerpt":{"rendered":"<p>Reduziert und beseitigt Schwielen.<\/p>\n","protected":false},"featured_media":50235,"template":"","meta":{"_acf_changed":false},"product_brand":[],"product_cat":[1504],"product_tag":[7922,7923,7921,7920,7924],"class_list":{"0":"post-50238","1":"product","2":"type-product","3":"status-publish","4":"has-post-thumbnail","6":"product_cat-nails-manikure-pedikure","7":"product_tag-ferse","8":"product_tag-glattere","9":"product_tag-gurke","10":"product_tag-kallus-de","11":"product_tag-therapie-de","13":"first","14":"instock","15":"taxable","16":"shipping-taxable","17":"purchasable","18":"product-type-simple"},"acf":[],"jetpack_sharing_enabled":true,"_links":{"self":[{"href":"https:\/\/cndestetik.ch\/de\/wp-json\/wp\/v2\/product\/50238","targetHints":{"allow":["GET"]}}],"collection":[{"href":"https:\/\/cndestetik.ch\/de\/wp-json\/wp\/v2\/product"}],"about":[{"href":"https:\/\/cndestetik.ch\/de\/wp-json\/wp\/v2\/types\/product"}],"wp:featuredmedia":[{"embeddable":true,"href":"https:\/\/cndestetik.ch\/de\/wp-json\/wp\/v2\/media\/50235"}],"wp:attachment":[{"href":"https:\/\/cndestetik.ch\/de\/wp-json\/wp\/v2\/media?parent=50238"}],"wp:term":[{"taxonomy":"product_brand","embeddable":true,"href":"https:\/\/cndestetik.ch\/de\/wp-json\/wp\/v2\/product_brand?post=50238"},{"taxonomy":"product_cat","embeddable":true,"href":"https:\/\/cndestetik.ch\/de\/wp-json\/wp\/v2\/product_cat?post=50238"},{"taxonomy":"product_tag","embeddable":true,"href":"https:\/\/cndestetik.ch\/de\/wp-json\/wp\/v2\/product_tag?post=50238"}],"curies":[{"name":"wp","href":"https:\/\/api.w.org\/{rel}","templated":true}]}}