{"id":50212,"date":"2022-07-05T13:49:34","date_gmt":"2022-07-05T11:49:34","guid":{"rendered":"https:\/\/cndestetik.ch\/prodotto\/cnd-solar-speed-spray\/"},"modified":"2023-05-02T09:24:33","modified_gmt":"2023-05-02T07:24:33","slug":"cnd-solar-speed-spray","status":"publish","type":"product","link":"https:\/\/cndestetik.ch\/de\/prodotto\/cnd-solar-speed-spray\/","title":{"rendered":"CND-Solar Speed Spray"},"content":{"rendered":"<p><span data-sheets-value=\"{\"1\":2,\"2\":\"Asciugatore smalto ad azione rapida. Contiene olio di Jojoba, vitamina E e olio di mandorla dolce. 946 ml.\"}\" data-sheets-userformat=\"{\"2\":15297,\"3\":{\"1\":0},\"9\":0,\"10\":2,\"11\":0,\"12\":0,\"14\":{\"1\":2,\"2\":0},\"15\":\"Calibri\",\"16\":11}\">Schnell wirkender Nagellacktrockner. Es enth\u00e4lt Jojoba\u00f6l, Vitamin E und S\u00fc\u00dfmandel\u00f6l.<\/span><\/p>\n","protected":false},"excerpt":{"rendered":"<p>Schnell wirkender Nagellacktrockner.<\/p>\n","protected":false},"featured_media":50207,"template":"","meta":{"_acf_changed":false},"product_brand":[],"product_cat":[1504],"product_tag":[4081,1976,7886,9359,7885,7887,9358],"class_list":{"0":"post-50212","1":"product","2":"type-product","3":"status-publish","4":"has-post-thumbnail","6":"product_cat-nails-manikure-pedikure","7":"product_tag-cnd-de","8":"product_tag-emaille","9":"product_tag-geschwindigkeit-de","10":"product_tag-mandel-de","11":"product_tag-solar-de-2","12":"product_tag-spray-de","13":"product_tag-trockner","14":"pa_flacone-118ml-de","15":"pa_flacone-2-flaschen-a-118-ml","16":"pa_flacone-3-flaschen-a-118-ml","17":"pa_flacone-946ml-de","19":"first","20":"instock","21":"taxable","22":"shipping-taxable","23":"purchasable","24":"product-type-variable"},"acf":[],"jetpack_sharing_enabled":true,"_links":{"self":[{"href":"https:\/\/cndestetik.ch\/de\/wp-json\/wp\/v2\/product\/50212","targetHints":{"allow":["GET"]}}],"collection":[{"href":"https:\/\/cndestetik.ch\/de\/wp-json\/wp\/v2\/product"}],"about":[{"href":"https:\/\/cndestetik.ch\/de\/wp-json\/wp\/v2\/types\/product"}],"wp:featuredmedia":[{"embeddable":true,"href":"https:\/\/cndestetik.ch\/de\/wp-json\/wp\/v2\/media\/50207"}],"wp:attachment":[{"href":"https:\/\/cndestetik.ch\/de\/wp-json\/wp\/v2\/media?parent=50212"}],"wp:term":[{"taxonomy":"product_brand","embeddable":true,"href":"https:\/\/cndestetik.ch\/de\/wp-json\/wp\/v2\/product_brand?post=50212"},{"taxonomy":"product_cat","embeddable":true,"href":"https:\/\/cndestetik.ch\/de\/wp-json\/wp\/v2\/product_cat?post=50212"},{"taxonomy":"product_tag","embeddable":true,"href":"https:\/\/cndestetik.ch\/de\/wp-json\/wp\/v2\/product_tag?post=50212"}],"curies":[{"name":"wp","href":"https:\/\/api.w.org\/{rel}","templated":true}]}}