{"id":50197,"date":"2022-07-05T13:37:25","date_gmt":"2022-07-05T11:37:25","guid":{"rendered":"https:\/\/cndestetik.ch\/prodotto\/cnd-citrus-illuminating-masque\/"},"modified":"2022-07-05T13:37:25","modified_gmt":"2022-07-05T11:37:25","slug":"cnd-zitrus-leuchtende-maske","status":"publish","type":"product","link":"https:\/\/cndestetik.ch\/de\/prodotto\/cnd-zitrus-leuchtende-maske\/","title":{"rendered":"CND Citrus Illuminating Masque"},"content":{"rendered":"<p><span data-sheets-value=\"{\"1\":2,\"2\":\"Maschera mani illuminante con oli essenziali di agrumi e olio di vinacciolo. Aiuta a ridurre i segni visibili del tempo grazie al complesso rassodante di peptidi\"}\" data-sheets-userformat=\"{\"2\":15297,\"3\":{\"1\":0},\"9\":0,\"10\":2,\"11\":0,\"12\":0,\"14\":{\"1\":2,\"2\":0},\"15\":\"Calibri\",\"16\":11}\">Erhellende Handmaske mit \u00e4therischen Zitrus\u00f6len und Traubenkern\u00f6l. Hilft dank des straffenden Peptidkomplexes, die sichtbaren Zeichen der Hautalterung zu reduzieren<\/span><\/p>\n<p>Gr\u00f6\u00dfe: 765g<\/p>\n","protected":false},"excerpt":{"rendered":"<p><span data-sheets-value=\"{\"1\":2,\"2\":\"Maschera mani illuminante con oli essenziali di agrumi e olio di vinacciolo. Aiuta a ridurre i segni visibili del tempo grazie al complesso rassodante di peptidi\"}\" data-sheets-userformat=\"{\"2\":15297,\"3\":{\"1\":0},\"9\":0,\"10\":2,\"11\":0,\"12\":0,\"14\":{\"1\":2,\"2\":0},\"15\":\"Calibri\",\"16\":11}\">Erhellende Handmaske mit \u00e4therischen Zitrus\u00f6len und Traubenkern\u00f6l.<\/span><\/p>\n","protected":false},"featured_media":50196,"template":"","meta":{"_acf_changed":false},"product_brand":[],"product_cat":[1504],"product_tag":[4081,3550,4729,7533],"class_list":{"0":"post-50197","1":"product","2":"type-product","3":"status-publish","4":"has-post-thumbnail","6":"product_cat-nails-manikure-pedikure","7":"product_tag-cnd-de","8":"product_tag-hande","9":"product_tag-maske-de-2","10":"product_tag-zitrusfruchte-de","12":"first","13":"instock","14":"taxable","15":"shipping-taxable","16":"purchasable","17":"product-type-simple"},"acf":[],"jetpack_sharing_enabled":true,"_links":{"self":[{"href":"https:\/\/cndestetik.ch\/de\/wp-json\/wp\/v2\/product\/50197","targetHints":{"allow":["GET"]}}],"collection":[{"href":"https:\/\/cndestetik.ch\/de\/wp-json\/wp\/v2\/product"}],"about":[{"href":"https:\/\/cndestetik.ch\/de\/wp-json\/wp\/v2\/types\/product"}],"wp:featuredmedia":[{"embeddable":true,"href":"https:\/\/cndestetik.ch\/de\/wp-json\/wp\/v2\/media\/50196"}],"wp:attachment":[{"href":"https:\/\/cndestetik.ch\/de\/wp-json\/wp\/v2\/media?parent=50197"}],"wp:term":[{"taxonomy":"product_brand","embeddable":true,"href":"https:\/\/cndestetik.ch\/de\/wp-json\/wp\/v2\/product_brand?post=50197"},{"taxonomy":"product_cat","embeddable":true,"href":"https:\/\/cndestetik.ch\/de\/wp-json\/wp\/v2\/product_cat?post=50197"},{"taxonomy":"product_tag","embeddable":true,"href":"https:\/\/cndestetik.ch\/de\/wp-json\/wp\/v2\/product_tag?post=50197"}],"curies":[{"name":"wp","href":"https:\/\/api.w.org\/{rel}","templated":true}]}}