{"id":50190,"date":"2022-07-05T13:33:20","date_gmt":"2022-07-05T11:33:20","guid":{"rendered":"https:\/\/cndestetik.ch\/prodotto\/bumerang-polstermappe-180-180\/"},"modified":"2023-02-23T14:38:36","modified_gmt":"2023-02-23T13:38:36","slug":"boomerang-padded-file-180-180","status":"publish","type":"product","link":"https:\/\/cndestetik.ch\/de\/prodotto\/boomerang-padded-file-180-180\/","title":{"rendered":"Bumerang Polstermappe 180\/180"},"content":{"rendered":"<p><span data-sheets-value=\"{\"1\":2,\"2\":\"Lima CND BOOMERANG grana 180 \/ 180\\nLa lima originale CND di alta qualit\u00e0 progettata per l'uso con tutti i sistemi gel senza alcun danno.\\nProgettato per durare pi\u00f9 a lungo di qualsiasi altro file sul mercato e darti un controllo preciso e accurato per lavorare in modo rapido ed efficiente.\\n\"}\" data-sheets-userformat=\"{\"2\":15297,\"3\":{\"1\":0},\"9\":0,\"10\":2,\"11\":0,\"12\":0,\"14\":{\"1\":2,\"2\":0},\"15\":\"Calibri\",\"16\":11}\">CND BOOMERANG-Kornfeile 180 \/ 180<br \/>\nDie hochwertige Original-CND-Feile, die f\u00fcr die Verwendung mit allen Gel-Systemen konzipiert wurde, ohne diese zu besch\u00e4digen. Die Feile ist so konzipiert, dass sie l\u00e4nger h\u00e4lt als jede andere Feile auf dem Markt und Ihnen eine pr\u00e4zise und genaue Kontrolle erm\u00f6glicht, damit Sie schnell und effizient arbeiten k\u00f6nnen.<br \/>\n<\/span><\/p>\n","protected":false},"excerpt":{"rendered":"<p><span data-sheets-value=\"{\"1\":2,\"2\":\"Lima CND BOOMERANG grana 180 \/ 180\\nLa lima originale CND di alta qualit\u00e0 progettata per l'uso con tutti i sistemi gel senza alcun danno.\\nProgettato per durare pi\u00f9 a lungo di qualsiasi altro file sul mercato e darti un controllo preciso e accurato per lavorare in modo rapido ed efficiente.\\n\"}\" data-sheets-userformat=\"{\"2\":15297,\"3\":{\"1\":0},\"9\":0,\"10\":2,\"11\":0,\"12\":0,\"14\":{\"1\":2,\"2\":0},\"15\":\"Calibri\",\"16\":11}\">CND BOOMERANG-Kornfeile 180 \/ 180<\/span><\/p>\n","protected":false},"featured_media":50187,"template":"","meta":{"_acf_changed":false},"product_brand":[],"product_cat":[1504],"product_tag":[1532,7876,7877,1533,7878,7880,7879],"class_list":{"0":"post-50190","1":"product","2":"type-product","3":"status-publish","4":"has-post-thumbnail","6":"product_cat-nails-manikure-pedikure","7":"product_tag-180-de","8":"product_tag-bumerang","9":"product_tag-datei-de","10":"product_tag-datei","11":"product_tag-dateien","12":"product_tag-gepolstert","13":"product_tag-getreide","15":"first","16":"outofstock","17":"taxable","18":"shipping-taxable","19":"purchasable","20":"product-type-simple"},"acf":[],"jetpack_sharing_enabled":true,"_links":{"self":[{"href":"https:\/\/cndestetik.ch\/de\/wp-json\/wp\/v2\/product\/50190","targetHints":{"allow":["GET"]}}],"collection":[{"href":"https:\/\/cndestetik.ch\/de\/wp-json\/wp\/v2\/product"}],"about":[{"href":"https:\/\/cndestetik.ch\/de\/wp-json\/wp\/v2\/types\/product"}],"wp:featuredmedia":[{"embeddable":true,"href":"https:\/\/cndestetik.ch\/de\/wp-json\/wp\/v2\/media\/50187"}],"wp:attachment":[{"href":"https:\/\/cndestetik.ch\/de\/wp-json\/wp\/v2\/media?parent=50190"}],"wp:term":[{"taxonomy":"product_brand","embeddable":true,"href":"https:\/\/cndestetik.ch\/de\/wp-json\/wp\/v2\/product_brand?post=50190"},{"taxonomy":"product_cat","embeddable":true,"href":"https:\/\/cndestetik.ch\/de\/wp-json\/wp\/v2\/product_cat?post=50190"},{"taxonomy":"product_tag","embeddable":true,"href":"https:\/\/cndestetik.ch\/de\/wp-json\/wp\/v2\/product_tag?post=50190"}],"curies":[{"name":"wp","href":"https:\/\/api.w.org\/{rel}","templated":true}]}}