{"id":50103,"date":"2022-07-05T11:40:09","date_gmt":"2022-07-05T09:40:09","guid":{"rendered":"https:\/\/cndestetik.ch\/prodotto\/schellack-decklack-glitter\/"},"modified":"2022-11-15T17:18:46","modified_gmt":"2022-11-15T16:18:46","slug":"schellack-top-beschichtung-glitter","status":"publish","type":"product","link":"https:\/\/cndestetik.ch\/de\/prodotto\/schellack-top-beschichtung-glitter\/","title":{"rendered":"Schellack-Decklack Glitter"},"content":{"rendered":"<p><span data-sheets-value=\"{\"1\":2,\"2\":\"Sigilla la manicure per una protezione a lunga tenuta. Finish scintillante ed elegante con un velo di micro glitter rossi, blu e verdi.. Si rimuove in pochi minuti senza nessun danno alle unghie naturali. Uno strato sottile polimerizza in soli 60 secondi nella NEW CND Lamp\"}\" data-sheets-userformat=\"{\"2\":15297,\"3\":{\"1\":0},\"9\":0,\"10\":2,\"11\":0,\"12\":0,\"14\":{\"1\":2,\"2\":0},\"15\":\"Calibri\",\"16\":11}\">Versiegelt die Manik\u00fcre f\u00fcr lang anhaltenden Schutz. Funkelndes, elegantes Finish mit einem Schleier aus rotem, blauem und gr\u00fcnem Mikroglitter. Es l\u00e4sst sich in wenigen Minuten entfernen, ohne die Naturn\u00e4gel zu besch\u00e4digen. Eine d\u00fcnne Schicht h\u00e4rtet in nur 60 Sekunden in der NEUEN CND-Lampe aus<\/span><\/p>\n<p>Gr\u00f6\u00dfe: 7.3ml<\/p>\n","protected":false},"excerpt":{"rendered":"<p><span data-sheets-value=\"{\"1\":2,\"2\":\"Sigilla la manicure per una protezione a lunga tenuta. Finish scintillante ed elegante con un velo di micro glitter rossi, blu e verdi.. Si rimuove in pochi minuti senza nessun danno alle unghie naturali. Uno strato sottile polimerizza in soli 60 secondi nella NEW CND Lamp\"}\" data-sheets-userformat=\"{\"2\":15297,\"3\":{\"1\":0},\"9\":0,\"10\":2,\"11\":0,\"12\":0,\"14\":{\"1\":2,\"2\":0},\"15\":\"Calibri\",\"16\":11}\">Funkelndes, elegantes Finish mit einem Schleier aus rotem, blauem und gr\u00fcnem Mikroglitter<\/span><\/p>\n","protected":false},"featured_media":50102,"template":"","meta":{"_acf_changed":false},"product_brand":[],"product_cat":[1504],"product_tag":[4081,5208,1954,1955,4065,1957],"class_list":{"0":"post-50103","1":"product","2":"type-product","3":"status-publish","4":"has-post-thumbnail","6":"product_cat-nails-manikure-pedikure","7":"product_tag-cnd-de","8":"product_tag-glitzer","9":"product_tag-mantel","10":"product_tag-schellack","11":"product_tag-schutz","12":"product_tag-top-de","14":"first","15":"instock","16":"taxable","17":"shipping-taxable","18":"purchasable","19":"product-type-simple"},"acf":[],"jetpack_sharing_enabled":true,"_links":{"self":[{"href":"https:\/\/cndestetik.ch\/de\/wp-json\/wp\/v2\/product\/50103","targetHints":{"allow":["GET"]}}],"collection":[{"href":"https:\/\/cndestetik.ch\/de\/wp-json\/wp\/v2\/product"}],"about":[{"href":"https:\/\/cndestetik.ch\/de\/wp-json\/wp\/v2\/types\/product"}],"wp:featuredmedia":[{"embeddable":true,"href":"https:\/\/cndestetik.ch\/de\/wp-json\/wp\/v2\/media\/50102"}],"wp:attachment":[{"href":"https:\/\/cndestetik.ch\/de\/wp-json\/wp\/v2\/media?parent=50103"}],"wp:term":[{"taxonomy":"product_brand","embeddable":true,"href":"https:\/\/cndestetik.ch\/de\/wp-json\/wp\/v2\/product_brand?post=50103"},{"taxonomy":"product_cat","embeddable":true,"href":"https:\/\/cndestetik.ch\/de\/wp-json\/wp\/v2\/product_cat?post=50103"},{"taxonomy":"product_tag","embeddable":true,"href":"https:\/\/cndestetik.ch\/de\/wp-json\/wp\/v2\/product_tag?post=50103"}],"curies":[{"name":"wp","href":"https:\/\/api.w.org\/{rel}","templated":true}]}}