{"id":50043,"date":"2022-07-05T09:34:38","date_gmt":"2022-07-05T07:34:38","guid":{"rendered":"https:\/\/cndestetik.ch\/prodotto\/verdampfer-mod-dante-mit-ozonfunktion\/"},"modified":"2022-11-15T17:19:55","modified_gmt":"2022-11-15T16:19:55","slug":"verdampfer-mod-dante-mit-ozon-funktion","status":"publish","type":"product","link":"https:\/\/cndestetik.ch\/de\/prodotto\/verdampfer-mod-dante-mit-ozon-funktion\/","title":{"rendered":"Verdampfer Mod. Dante Mit Ozonfunktion"},"content":{"rendered":"<p><span data-sheets-value=\"{\"1\":2,\"2\":\"Vaporizzatore viso professionale per l'estetica con funzione ozono dal design semplice e funzionale.\\nIl vaporizzatore per pulizia viso Pure \u00e8 dotato di beccuccio girevole con porta essenze. \\nVaporizzatore con stativo molto stabile, regolabile in altezza e dotato di 5 ruote per facilitarne lo spostamento.\\nCapacit\u00e0 0,7\"}\" data-sheets-userformat=\"{\"2\":15297,\"3\":{\"1\":0},\"9\":0,\"10\":2,\"11\":0,\"12\":0,\"14\":{\"1\":2,\"2\":0},\"15\":\"Calibri\",\"16\":11}\">Professioneller Gesichtsdampfer f\u00fcr die \u00c4sthetik mit Ozonfunktion in einem einfachen und funktionellen Design.<br \/>\nDer Pure Gesichtsreinigungsdampfer hat eine rotierende D\u00fcse mit Essenzhalter.<br \/>\nVerdampfer mit sehr stabilem St\u00e4nder, h\u00f6henverstellbar und mit 5 R\u00e4dern f\u00fcr einfache Bewegung ausgestattet.<br \/>\nKapazit\u00e4t 0,7<\/span><\/p>\n","protected":false},"excerpt":{"rendered":"<p><span data-sheets-value=\"{\"1\":2,\"2\":\"Vaporizzatore viso professionale per l'estetica con funzione ozono dal design semplice e funzionale.\\nIl vaporizzatore per pulizia viso Pure \u00e8 dotato di beccuccio girevole con porta essenze. \\nVaporizzatore con stativo molto stabile, regolabile in altezza e dotato di 5 ruote per facilitarne lo spostamento.\\nCapacit\u00e0 0,7\"}\" data-sheets-userformat=\"{\"2\":15297,\"3\":{\"1\":0},\"9\":0,\"10\":2,\"11\":0,\"12\":0,\"14\":{\"1\":2,\"2\":0},\"15\":\"Calibri\",\"16\":11}\">Professioneller Gesichtsdampfer f\u00fcr die \u00c4sthetik mit Ozonfunktion in einem einfachen und funktionellen Design.<\/span><\/p>\n","protected":false},"featured_media":50040,"template":"","meta":{"_acf_changed":false},"product_brand":[],"product_cat":[1299],"product_tag":[9804,757,7811,9805,7812],"class_list":{"0":"post-50043","1":"product","2":"type-product","3":"status-publish","4":"has-post-thumbnail","6":"product_cat-ausrustung","7":"product_tag-dante-de","8":"product_tag-gesicht","9":"product_tag-ozon","10":"product_tag-professionell","11":"product_tag-verdampfer","13":"first","14":"instock","15":"taxable","16":"shipping-taxable","17":"purchasable","18":"product-type-simple"},"acf":[],"jetpack_sharing_enabled":true,"_links":{"self":[{"href":"https:\/\/cndestetik.ch\/de\/wp-json\/wp\/v2\/product\/50043","targetHints":{"allow":["GET"]}}],"collection":[{"href":"https:\/\/cndestetik.ch\/de\/wp-json\/wp\/v2\/product"}],"about":[{"href":"https:\/\/cndestetik.ch\/de\/wp-json\/wp\/v2\/types\/product"}],"wp:featuredmedia":[{"embeddable":true,"href":"https:\/\/cndestetik.ch\/de\/wp-json\/wp\/v2\/media\/50040"}],"wp:attachment":[{"href":"https:\/\/cndestetik.ch\/de\/wp-json\/wp\/v2\/media?parent=50043"}],"wp:term":[{"taxonomy":"product_brand","embeddable":true,"href":"https:\/\/cndestetik.ch\/de\/wp-json\/wp\/v2\/product_brand?post=50043"},{"taxonomy":"product_cat","embeddable":true,"href":"https:\/\/cndestetik.ch\/de\/wp-json\/wp\/v2\/product_cat?post=50043"},{"taxonomy":"product_tag","embeddable":true,"href":"https:\/\/cndestetik.ch\/de\/wp-json\/wp\/v2\/product_tag?post=50043"}],"curies":[{"name":"wp","href":"https:\/\/api.w.org\/{rel}","templated":true}]}}