{"id":49985,"date":"2022-07-04T15:55:15","date_gmt":"2022-07-04T13:55:15","guid":{"rendered":"https:\/\/cndestetik.ch\/prodotto\/inika-limited-edition-lidschatten-quad-wueste\/"},"modified":"2023-01-12T13:47:35","modified_gmt":"2023-01-12T12:47:35","slug":"inika-limited-edition-eyeshadow-quad-desert","status":"publish","type":"product","link":"https:\/\/cndestetik.ch\/de\/prodotto\/inika-limited-edition-eyeshadow-quad-desert\/","title":{"rendered":"INIKA Limited Edition Lidschatten-Quad W\u00fcste"},"content":{"rendered":"<p>Weicher, pigmentierter Lidschatten mit einer 100 % nat\u00fcrlichen Mineralformel, v\u00f6llig frei von chemischen Druckmitteln. Die Lidschattenpalette in limitierter Auflage enth\u00e4lt einen dunklen, matten Farbton, zwei \u00dcbergangsfarben mit satiniertem Finish und einen schimmernden, leuchtenden Farbton, alles in einer champagnerfarbenen Metallicverpackung mit Magnetverschluss und Spiegel. Erh\u00e4ltlich in zwei vielseitigen Farbkollektionen, mit denen sich jeder Look kreieren l\u00e4sst, von nat\u00fcrlichem Tageslicht bis hin zu rauchig und glamour\u00f6s.<\/p>\n<ul>\n<li>Nat\u00fcrliche Mineralformel mit Carnaubawachs und Kakaobutter<\/li>\n<li>Weich, pigmentiert und verblendbar<\/li>\n<li>Magnetische Kompaktkamera mit Spiegel<\/li>\n<\/ul>\n<p>Alle INIKA Bio-Produkte sind 100% nat\u00fcrlich, vegan und frei von Tierversuchen.<\/p>\n","protected":false},"excerpt":{"rendered":"<p>Palette mit vier Lidschatten. Empfohlener Verkaufspreis: CHF 22.00<\/p>\n","protected":false},"featured_media":49982,"template":"","meta":{"_acf_changed":false},"product_brand":[],"product_cat":[8511],"product_tag":[7787,7788,7347,7406,7789,6119],"class_list":{"0":"post-49985","1":"product","2":"type-product","3":"status-publish","4":"has-post-thumbnail","6":"product_cat-letzte-stucke","7":"product_tag-ausgabe","8":"product_tag-begrenzt","9":"product_tag-lidschatten-de","10":"product_tag-palette-de","11":"product_tag-vierfach","12":"product_tag-wuste","14":"first","15":"instock","16":"sale","17":"taxable","18":"shipping-taxable","19":"purchasable","20":"product-type-simple"},"acf":[],"jetpack_sharing_enabled":true,"_links":{"self":[{"href":"https:\/\/cndestetik.ch\/de\/wp-json\/wp\/v2\/product\/49985","targetHints":{"allow":["GET"]}}],"collection":[{"href":"https:\/\/cndestetik.ch\/de\/wp-json\/wp\/v2\/product"}],"about":[{"href":"https:\/\/cndestetik.ch\/de\/wp-json\/wp\/v2\/types\/product"}],"wp:featuredmedia":[{"embeddable":true,"href":"https:\/\/cndestetik.ch\/de\/wp-json\/wp\/v2\/media\/49982"}],"wp:attachment":[{"href":"https:\/\/cndestetik.ch\/de\/wp-json\/wp\/v2\/media?parent=49985"}],"wp:term":[{"taxonomy":"product_brand","embeddable":true,"href":"https:\/\/cndestetik.ch\/de\/wp-json\/wp\/v2\/product_brand?post=49985"},{"taxonomy":"product_cat","embeddable":true,"href":"https:\/\/cndestetik.ch\/de\/wp-json\/wp\/v2\/product_cat?post=49985"},{"taxonomy":"product_tag","embeddable":true,"href":"https:\/\/cndestetik.ch\/de\/wp-json\/wp\/v2\/product_tag?post=49985"}],"curies":[{"name":"wp","href":"https:\/\/api.w.org\/{rel}","templated":true}]}}