{"id":49620,"date":"2022-07-01T09:58:47","date_gmt":"2022-07-01T07:58:47","guid":{"rendered":"https:\/\/cndestetik.ch\/prodotto\/inika-limited-edition-12-tage-botanische-schoenheit\/"},"modified":"2022-12-27T09:37:45","modified_gmt":"2022-12-27T08:37:45","slug":"inika-limitierte-edition-12-tage-botanischer-schonheit","status":"publish","type":"product","link":"https:\/\/cndestetik.ch\/de\/prodotto\/inika-limitierte-edition-12-tage-botanischer-schonheit\/","title":{"rendered":"INIKA Limited Edition 12 Tage botanische Sch\u00f6nheit"},"content":{"rendered":"<p>Der Adventskalender von INIKA ist zur\u00fcck und besser denn je! Es ist an der Zeit, sich t\u00e4glich botanische Sch\u00f6nheits\u00fcberraschungen zu g\u00f6nnen, die Sie und Ihre Haut lieben werden. Verpackt in der limitierten Secret Garden Moonlight-Geschenkbox, die zur Wiederverwendung und Wiederverwertung gedacht ist.<\/p>\n<p>Inhalt:<\/p>\n<ul>\n<li>Lichtreflexionscreme 8ml<\/li>\n<li>Zertifizierter Bio-Eva-Stift (Schwarzer Kaviar) 1.2g<\/li>\n<li>Zertifizierter Bio-Lippenstift Crayon (Tan Nude) 3g<\/li>\n<li>Loser Mineral-Lidschatten (Lmt Ed Bronze) 1.2g<\/li>\n<li>Mini Pure Perfection Grundierung &#8211; 10ml<\/li>\n<li>Zertifizierte Bio-Lippen- und Wangencreme (Bl\u00fctenbl\u00e4tter) 3,5 g<\/li>\n<li>Zertifizierte Bio-Lippenglasur (Rosenholz) 5ml<\/li>\n<li>Mini-Mineral-Mattierungspuder 0.7g<\/li>\n<li>Blending Pinsel<\/li>\n<li>Botanisches Gesichts\u00f6l &#8211; 15ml<\/li>\n<li>Resveratrol Serum 15ml<\/li>\n<li>Avocado Handcreme &#8211; 30ml<\/li>\n<\/ul>\n","protected":false},"excerpt":{"rendered":"<p>Komplettes Make-up-Set in einer eleganten Box.<\/p>\n","protected":false},"featured_media":49667,"template":"","meta":{"_acf_changed":false},"product_brand":[],"product_cat":[8511],"product_tag":[9308,7601,7592,7470,9311,385,9312,9314,7565,867,5908,7165,5795,4425,866,9060,9313,2191,6099,9240,7773,4860,9309,9310],"class_list":{"0":"post-49620","1":"product","2":"type-product","3":"status-publish","4":"has-post-thumbnail","6":"product_cat-letzte-stucke","7":"product_tag-12-de","8":"product_tag-auge","9":"product_tag-bleistift-de","10":"product_tag-botanisch","11":"product_tag-botanisch-de","12":"product_tag-burste","13":"product_tag-ceam-de","14":"product_tag-creama-de","15":"product_tag-glasur","16":"product_tag-grundierung","17":"product_tag-hand-de","18":"product_tag-licht-de","19":"product_tag-lidschatten","20":"product_tag-lippe","21":"product_tag-lippenstift","22":"product_tag-mattierend","23":"product_tag-mischen","24":"product_tag-ol","25":"product_tag-pulver","26":"product_tag-reflektieren","27":"product_tag-schonheit","28":"product_tag-serum-de","29":"product_tag-tage","30":"product_tag-zwolf","32":"first","33":"instock","34":"sale","35":"taxable","36":"shipping-taxable","37":"purchasable","38":"product-type-simple"},"acf":[],"jetpack_sharing_enabled":true,"_links":{"self":[{"href":"https:\/\/cndestetik.ch\/de\/wp-json\/wp\/v2\/product\/49620","targetHints":{"allow":["GET"]}}],"collection":[{"href":"https:\/\/cndestetik.ch\/de\/wp-json\/wp\/v2\/product"}],"about":[{"href":"https:\/\/cndestetik.ch\/de\/wp-json\/wp\/v2\/types\/product"}],"wp:featuredmedia":[{"embeddable":true,"href":"https:\/\/cndestetik.ch\/de\/wp-json\/wp\/v2\/media\/49667"}],"wp:attachment":[{"href":"https:\/\/cndestetik.ch\/de\/wp-json\/wp\/v2\/media?parent=49620"}],"wp:term":[{"taxonomy":"product_brand","embeddable":true,"href":"https:\/\/cndestetik.ch\/de\/wp-json\/wp\/v2\/product_brand?post=49620"},{"taxonomy":"product_cat","embeddable":true,"href":"https:\/\/cndestetik.ch\/de\/wp-json\/wp\/v2\/product_cat?post=49620"},{"taxonomy":"product_tag","embeddable":true,"href":"https:\/\/cndestetik.ch\/de\/wp-json\/wp\/v2\/product_tag?post=49620"}],"curies":[{"name":"wp","href":"https:\/\/api.w.org\/{rel}","templated":true}]}}