{"id":49600,"date":"2022-07-01T09:38:02","date_gmt":"2022-07-01T07:38:02","guid":{"rendered":"https:\/\/cndestetik.ch\/prodotto\/inika-limited-edition-floral-fantasy-set\/"},"modified":"2022-12-27T10:40:47","modified_gmt":"2022-12-27T09:40:47","slug":"inika-limited-edition-floral-fantasy-set","status":"publish","type":"product","link":"https:\/\/cndestetik.ch\/de\/prodotto\/inika-limited-edition-floral-fantasy-set\/","title":{"rendered":"INIKA Limited Edition Floral Fantasy Set"},"content":{"rendered":"<p>Das Floral Fantasy Set enth\u00e4lt alles, was man f\u00fcr ein Augen-Make-up braucht: einen Lidschatten, einen Stift und eine Wimperntusche sowie eine ultraweiche Make-up-B\u00fcrste.<\/p>\n<p>Eine einfache, praktische und sehr gesch\u00e4tzte Geschenkidee.<\/p>\n","protected":false},"excerpt":{"rendered":"<p>Das Floral Fantasy Set enth\u00e4lt alles, was man f\u00fcr ein Augen-Make-up braucht: einen Lidschatten, einen Stift und eine Wimperntusche sowie eine ultraweiche Make-up-B\u00fcrste.<\/p>\n","protected":false},"featured_media":49651,"template":"","meta":{"_acf_changed":false},"product_brand":[],"product_cat":[8511],"product_tag":[7558,7592,7753,385,6730,7754,7752,7347,5795,761],"class_list":{"0":"post-49600","1":"product","2":"type-product","3":"status-publish","4":"has-post-thumbnail","6":"product_cat-letzte-stucke","7":"product_tag-bleistift","8":"product_tag-bleistift-de","9":"product_tag-blumen-de-2","10":"product_tag-burste","11":"product_tag-burste-de","12":"product_tag-einstellen","13":"product_tag-fantasie","14":"product_tag-lidschatten-de","15":"product_tag-lidschatten","16":"product_tag-vegan-de","18":"first","19":"instock","20":"sale","21":"taxable","22":"shipping-taxable","23":"purchasable","24":"product-type-simple"},"acf":[],"jetpack_sharing_enabled":true,"_links":{"self":[{"href":"https:\/\/cndestetik.ch\/de\/wp-json\/wp\/v2\/product\/49600","targetHints":{"allow":["GET"]}}],"collection":[{"href":"https:\/\/cndestetik.ch\/de\/wp-json\/wp\/v2\/product"}],"about":[{"href":"https:\/\/cndestetik.ch\/de\/wp-json\/wp\/v2\/types\/product"}],"wp:featuredmedia":[{"embeddable":true,"href":"https:\/\/cndestetik.ch\/de\/wp-json\/wp\/v2\/media\/49651"}],"wp:attachment":[{"href":"https:\/\/cndestetik.ch\/de\/wp-json\/wp\/v2\/media?parent=49600"}],"wp:term":[{"taxonomy":"product_brand","embeddable":true,"href":"https:\/\/cndestetik.ch\/de\/wp-json\/wp\/v2\/product_brand?post=49600"},{"taxonomy":"product_cat","embeddable":true,"href":"https:\/\/cndestetik.ch\/de\/wp-json\/wp\/v2\/product_cat?post=49600"},{"taxonomy":"product_tag","embeddable":true,"href":"https:\/\/cndestetik.ch\/de\/wp-json\/wp\/v2\/product_tag?post=49600"}],"curies":[{"name":"wp","href":"https:\/\/api.w.org\/{rel}","templated":true}]}}