{"id":49590,"date":"2022-07-01T09:17:41","date_gmt":"2022-07-01T07:17:41","guid":{"rendered":"https:\/\/cndestetik.ch\/?post_type=product&#038;p=49590"},"modified":"2022-12-27T09:41:53","modified_gmt":"2022-12-27T08:41:53","slug":"inika-limited-editon-sunlight-duo","status":"publish","type":"product","link":"https:\/\/cndestetik.ch\/de\/prodotto\/inika-limited-editon-sunlight-duo\/","title":{"rendered":"INIKA Limited Editon Sonnenlicht Duo"},"content":{"rendered":"<p>Was k\u00f6nnte besser sein als ein exklusives Sch\u00f6nheitsprodukt? Zwei Produkte, nat\u00fcrlich! Das Gesichtspflegeset Sunlight von INIKA bietet zwei luxuri\u00f6se Produkte: Gesichtscreme und Serum, die f\u00fcr einen frischen, strahlenden und unwiderstehlich samtigen Teint sorgen.<\/p>\n","protected":false},"excerpt":{"rendered":"<p>Das Gesichtspflegeset Sunlight von INIKA bietet zwei luxuri\u00f6se Produkte: Gesichtscreme und Serum, die f\u00fcr einen frischen, strahlenden und unwiderstehlich samtigen Teint sorgen.<\/p>\n","protected":false},"featured_media":49639,"template":"","meta":{"_acf_changed":false},"product_brand":[],"product_cat":[8511],"product_tag":[5472,3836,7651,4835,757,817,5529,7567,4860],"class_list":{"0":"post-49590","1":"product","2":"type-product","3":"status-publish","4":"has-post-thumbnail","6":"product_cat-letzte-stucke","7":"product_tag-creme-de-2","8":"product_tag-creme-de","9":"product_tag-duo-de","10":"product_tag-gesicht-de","11":"product_tag-gesicht","12":"product_tag-inika-de","13":"product_tag-mondschein","14":"product_tag-serum-de-2","15":"product_tag-serum-de","17":"first","18":"instock","19":"sale","20":"taxable","21":"shipping-taxable","22":"purchasable","23":"product-type-simple"},"acf":[],"jetpack_sharing_enabled":true,"_links":{"self":[{"href":"https:\/\/cndestetik.ch\/de\/wp-json\/wp\/v2\/product\/49590","targetHints":{"allow":["GET"]}}],"collection":[{"href":"https:\/\/cndestetik.ch\/de\/wp-json\/wp\/v2\/product"}],"about":[{"href":"https:\/\/cndestetik.ch\/de\/wp-json\/wp\/v2\/types\/product"}],"wp:featuredmedia":[{"embeddable":true,"href":"https:\/\/cndestetik.ch\/de\/wp-json\/wp\/v2\/media\/49639"}],"wp:attachment":[{"href":"https:\/\/cndestetik.ch\/de\/wp-json\/wp\/v2\/media?parent=49590"}],"wp:term":[{"taxonomy":"product_brand","embeddable":true,"href":"https:\/\/cndestetik.ch\/de\/wp-json\/wp\/v2\/product_brand?post=49590"},{"taxonomy":"product_cat","embeddable":true,"href":"https:\/\/cndestetik.ch\/de\/wp-json\/wp\/v2\/product_cat?post=49590"},{"taxonomy":"product_tag","embeddable":true,"href":"https:\/\/cndestetik.ch\/de\/wp-json\/wp\/v2\/product_tag?post=49590"}],"curies":[{"name":"wp","href":"https:\/\/api.w.org\/{rel}","templated":true}]}}