{"id":49587,"date":"2022-07-01T09:15:37","date_gmt":"2022-07-01T07:15:37","guid":{"rendered":"https:\/\/cndestetik.ch\/prodotto\/inika-limited-edition-mondschein-duo\/"},"modified":"2022-12-27T09:38:59","modified_gmt":"2022-12-27T08:38:59","slug":"inika-limited-edition-moonlight-duo","status":"publish","type":"product","link":"https:\/\/cndestetik.ch\/de\/prodotto\/inika-limited-edition-moonlight-duo\/","title":{"rendered":"INIKA Limited Edition Mondschein Duo"},"content":{"rendered":"<p><span style=\"vertical-align: inherit\"><span style=\"vertical-align: inherit\">Das Moonlight Duo ist die perfekte Geschenkidee f\u00fcr normale und trockene Haut. Bestehend aus Nachtcreme und botanischem Gesichts\u00f6l  <\/span><span style=\"vertical-align: inherit\">Die beiden Produkte sind reichhaltig formuliert, regenerierend, stark n\u00e4hrend und antioxidativ, neutralisieren freie Radikale und bieten eine perfekte Pflege \u00fcber Nacht.  <\/span><span style=\"vertical-align: inherit\">Wenn Sie aufwachen, wird Ihr Teint strahlend sch\u00f6n sein!<\/span><\/span><\/p>\n","protected":false},"excerpt":{"rendered":"<p><span style=\"vertical-align: inherit\"><span style=\"vertical-align: inherit\">Das Moonlight Duo ist die perfekte Geschenkidee f\u00fcr normale und trockene Haut.  <\/span><span style=\"vertical-align: inherit\">Regenerierend, sehr n\u00e4hrend und reich an Antioxidantien f\u00fcr eine perfekte Pflege w\u00e4hrend der Nacht.<\/span><\/span><\/p>\n","protected":false},"featured_media":49635,"template":"","meta":{"_acf_changed":false},"product_brand":[],"product_cat":[8511],"product_tag":[9372,7470,3836,5472,7651,4835,9289,817,5529,787,790,2192,2191],"class_list":{"0":"post-49587","1":"product","2":"type-product","3":"status-publish","4":"has-post-thumbnail","6":"product_cat-letzte-stucke","7":"product_tag-botaniker","8":"product_tag-botanisch","9":"product_tag-creme-de","10":"product_tag-creme-de-2","11":"product_tag-duo-de","12":"product_tag-gesicht-de","13":"product_tag-gesicht-de-2","14":"product_tag-inika-de","15":"product_tag-mondschein","16":"product_tag-nacht","17":"product_tag-nacht-de","18":"product_tag-ol-de","19":"product_tag-ol","21":"first","22":"instock","23":"sale","24":"taxable","25":"shipping-taxable","26":"purchasable","27":"product-type-simple"},"acf":[],"jetpack_sharing_enabled":true,"_links":{"self":[{"href":"https:\/\/cndestetik.ch\/de\/wp-json\/wp\/v2\/product\/49587","targetHints":{"allow":["GET"]}}],"collection":[{"href":"https:\/\/cndestetik.ch\/de\/wp-json\/wp\/v2\/product"}],"about":[{"href":"https:\/\/cndestetik.ch\/de\/wp-json\/wp\/v2\/types\/product"}],"wp:featuredmedia":[{"embeddable":true,"href":"https:\/\/cndestetik.ch\/de\/wp-json\/wp\/v2\/media\/49635"}],"wp:attachment":[{"href":"https:\/\/cndestetik.ch\/de\/wp-json\/wp\/v2\/media?parent=49587"}],"wp:term":[{"taxonomy":"product_brand","embeddable":true,"href":"https:\/\/cndestetik.ch\/de\/wp-json\/wp\/v2\/product_brand?post=49587"},{"taxonomy":"product_cat","embeddable":true,"href":"https:\/\/cndestetik.ch\/de\/wp-json\/wp\/v2\/product_cat?post=49587"},{"taxonomy":"product_tag","embeddable":true,"href":"https:\/\/cndestetik.ch\/de\/wp-json\/wp\/v2\/product_tag?post=49587"}],"curies":[{"name":"wp","href":"https:\/\/api.w.org\/{rel}","templated":true}]}}