{"id":49449,"date":"2022-06-30T11:45:25","date_gmt":"2022-06-30T09:45:25","guid":{"rendered":"https:\/\/cndestetik.ch\/prodotto\/inika-abdeckstift-medium\/"},"modified":"2022-11-15T17:11:22","modified_gmt":"2022-11-15T16:11:22","slug":"inika-abdeckstift-medium","status":"publish","type":"product","link":"https:\/\/cndestetik.ch\/de\/prodotto\/inika-abdeckstift-medium\/","title":{"rendered":"INIKA Abdeckstift Medium"},"content":{"rendered":"<p>Der Concealer hat eine besonders cremige Konsistenz und eine hervorragende Deckkraft. Durch den Zusatz von Bio-\u00d6len ist es leicht aufzutragen und das Ergebnis ist gleichm\u00e4\u00dfig und glatt. Der Concealer hat einen leichten Schimmereffekt und verleiht der Haut ein frisches und gesundes Aussehen. Sie l\u00e4sst sich dank Aloe Vera und Jojoba\u00f6l leicht verteilen.<\/p>\n<p>Inika Certified Organic Concealer deckt Unvollkommenheiten, dunkle Augenringe und Pigmentflecken ab.<br \/>\nSeine mineralischen Pigmente reflektieren Lichtstrahlen und helfen so, Flecken und dunkle Stellen abzudecken und den Teint zu gl\u00e4tten.<\/p>\n<p>Gr\u00f6\u00dfe: 10ml<\/p>\n","protected":false},"excerpt":{"rendered":"<p>Cremiger Abdeckstift, der Unregelm\u00e4\u00dfigkeiten abdeckt.<\/p>\n","protected":false},"featured_media":54322,"template":"","meta":{"_acf_changed":false},"product_brand":[],"product_cat":[8511],"product_tag":[7373,6611,7688],"class_list":{"0":"post-49449","1":"product","2":"type-product","3":"status-publish","4":"has-post-thumbnail","6":"product_cat-letzte-stucke","7":"product_tag-abdeckstift","8":"product_tag-korrektor","9":"product_tag-mittel","11":"first","12":"outofstock","13":"sale","14":"taxable","15":"shipping-taxable","16":"purchasable","17":"product-type-simple"},"acf":[],"jetpack_sharing_enabled":true,"_links":{"self":[{"href":"https:\/\/cndestetik.ch\/de\/wp-json\/wp\/v2\/product\/49449","targetHints":{"allow":["GET"]}}],"collection":[{"href":"https:\/\/cndestetik.ch\/de\/wp-json\/wp\/v2\/product"}],"about":[{"href":"https:\/\/cndestetik.ch\/de\/wp-json\/wp\/v2\/types\/product"}],"wp:featuredmedia":[{"embeddable":true,"href":"https:\/\/cndestetik.ch\/de\/wp-json\/wp\/v2\/media\/54322"}],"wp:attachment":[{"href":"https:\/\/cndestetik.ch\/de\/wp-json\/wp\/v2\/media?parent=49449"}],"wp:term":[{"taxonomy":"product_brand","embeddable":true,"href":"https:\/\/cndestetik.ch\/de\/wp-json\/wp\/v2\/product_brand?post=49449"},{"taxonomy":"product_cat","embeddable":true,"href":"https:\/\/cndestetik.ch\/de\/wp-json\/wp\/v2\/product_cat?post=49449"},{"taxonomy":"product_tag","embeddable":true,"href":"https:\/\/cndestetik.ch\/de\/wp-json\/wp\/v2\/product_tag?post=49449"}],"curies":[{"name":"wp","href":"https:\/\/api.w.org\/{rel}","templated":true}]}}