{"id":49249,"date":"2022-06-29T11:37:51","date_gmt":"2022-06-29T09:37:51","guid":{"rendered":"https:\/\/cndestetik.ch\/prodotto\/inika-fluessige-foundation-nude\/"},"modified":"2022-07-18T13:26:49","modified_gmt":"2022-07-18T11:26:49","slug":"inika-flussig-stiftung-akt-2","status":"publish","type":"product","link":"https:\/\/cndestetik.ch\/de\/prodotto\/inika-flussig-stiftung-akt-2\/","title":{"rendered":"Inika Fl\u00fcssige Foundation Nude"},"content":{"rendered":"<p><span data-sheets-value=\"{\"1\":2,\"2\":\"Questo fondotinta liquido \u00e8 ricco di sostanze nutritive e combina le propriet\u00e0 idratanti di una crema idratante con la copertura impeccabile di un fondotinta.\\nSfruttando i benefici dell'Acido Ialuronico, che trattiene mille volte il suo peso in acqua, aiuta a rafforzare l'elasticit\u00e0 e la carnosit\u00e0 della pelle per una carnagione pi\u00f9 giovane. \\nContiene molteplici prodotti botanici per la cura della pelle, tra cui t\u00e8 verde ricco di antiossidanti, lavanda lenitiva e antibatterica e olio di Argan nutriente, aumenta la salute della pelle e assicura una carnagione meravigliosamente morbida e lenita con una maggiore luminosit\u00e0.\\nContiene Acido Ialuronico per un'idratazione istantanea della pelle, una migliore elasticit\u00e0 e una riduzione della comparsa delle linee sottili.\\nContiene antiossidanti naturali, vitamine e minerali.\\nFornisce una copertura luminosa media e modulabile.\\nNon ostruisce i pori. Ipoallergenico e dermatologicamente testato.\\n70% di ingredienti biologici.\\n \\nTutti i prodotti INIKA sono di derivazione naturale al 100%, certificati vegani e cruelty free.\\nNota: per una finitura impeccabile senza aloni, applica il Certified Organic Liquid Foundation con un pennello per fondotinta. \\n1. Erogare una piccola quantit\u00e0 di fondotinta liquido organico certificato sul dorso della mano. \\n2. Utilizzando il pennello INIKA Vegan Foundation Brush per raccogliere una piccola quantit\u00e0 di prodotto, sfumarlo delicatamente sulla pelle con piccoli movimenti circolari o pennellate fino a ottenere una finitura uniforme e impeccabile.\\n3. Ripetere per creare il livello di copertura desiderato.\\n4. Mescolare bene intorno alla mascella, all'attaccatura dei capelli e alle orecchie.\\n\"}\" data-sheets-userformat=\"{\"2\":15297,\"3\":{\"1\":0},\"9\":0,\"10\":2,\"11\":0,\"12\":0,\"14\":{\"1\":2,\"2\":0},\"15\":\"Calibri\",\"16\":11}\">Diese fl\u00fcssige Foundation ist reich an N\u00e4hrstoffen und kombiniert die feuchtigkeitsspendenden Eigenschaften einer Feuchtigkeitscreme mit der makellosen Deckkraft einer Foundation.<br \/>\nDurch die Nutzung der Vorteile der Hyalurons\u00e4ure, die das 1.000-fache ihres Gewichts an Wasser speichert, tr\u00e4gt sie dazu bei, die Elastizit\u00e4t der Haut zu st\u00e4rken und ihr ein j\u00fcngeres Aussehen zu verleihen.<br \/>\nSie enth\u00e4lt mehrere hautpflegende Pflanzenstoffe, darunter antioxidativ wirkenden gr\u00fcnen Tee, beruhigenden und antibakteriellen Lavendel und n\u00e4hrendes Argan\u00f6l. Sie f\u00f6rdert die Gesundheit der Haut und sorgt f\u00fcr einen wunderbar weichen und beruhigten Teint mit verbesserter Ausstrahlung.<br \/>\nSie enth\u00e4lt Hyalurons\u00e4ure, die die Haut sofort mit Feuchtigkeit versorgt, ihre Elastizit\u00e4t verbessert und das Erscheinungsbild von F\u00e4ltchen mildert.<br \/>\nEr enth\u00e4lt nat\u00fcrliche Antioxidantien, Vitamine und Mineralien.<br \/>\nBietet eine mittlere und einstellbare Lichtabdeckung.<br \/>\nVerstopft die Poren nicht. Hypoallergen und dermatologisch getestet.<br \/>\n70% Bio-Zutaten.<\/span><\/p>\n<p>Alle INIKA-Produkte sind zu 100 % nat\u00fcrlichen Ursprungs, zertifiziert vegan und frei von Tierqu\u00e4lerei.<br \/>\nHinweis: F\u00fcr ein makelloses Finish ohne Lichth\u00f6fe tragen Sie die Certified Organic Liquid Foundation mit einem Foundation-Pinsel auf.<br \/>\n1. Geben Sie eine kleine Menge der fl\u00fcssigen Foundation aus kontrolliert biologischem Anbau auf den Handr\u00fccken.<br \/>\n2. Nehmen Sie mit dem INIKA Vegan Foundation Brush eine kleine Menge des Produkts auf und verteilen Sie es in kleinen kreisenden Bewegungen oder Pinselstrichen auf der Haut, bis ein gleichm\u00e4\u00dfiges, makelloses Finish erreicht ist.<br \/>\n3. Wiederholen Sie den Vorgang, bis die gew\u00fcnschte Deckkraft erreicht ist.<br \/>\n4. Um Kiefer, Haaransatz und Ohren herum gut verblenden.<\/p>\n<p>Gr\u00f6\u00dfe: 30ml<\/p>\n","protected":false},"excerpt":{"rendered":"<p>Unvollkommenheiten mit einem Schleier aus Farbe kaschieren<\/p>\n","protected":false},"featured_media":49246,"template":"","meta":{"_acf_changed":false},"product_brand":[],"product_cat":[15],"product_tag":[5472,7632,6872,7493],"class_list":{"0":"post-49249","1":"product","2":"type-product","3":"status-publish","4":"has-post-thumbnail","6":"product_cat-07-cosmetica","7":"product_tag-creme-de-2","8":"product_tag-fdt-de","9":"product_tag-flussig-de","10":"product_tag-stiftung-de","12":"first","13":"instock","14":"taxable","15":"shipping-taxable","16":"purchasable","17":"product-type-simple"},"acf":[],"jetpack_sharing_enabled":true,"_links":{"self":[{"href":"https:\/\/cndestetik.ch\/de\/wp-json\/wp\/v2\/product\/49249","targetHints":{"allow":["GET"]}}],"collection":[{"href":"https:\/\/cndestetik.ch\/de\/wp-json\/wp\/v2\/product"}],"about":[{"href":"https:\/\/cndestetik.ch\/de\/wp-json\/wp\/v2\/types\/product"}],"wp:featuredmedia":[{"embeddable":true,"href":"https:\/\/cndestetik.ch\/de\/wp-json\/wp\/v2\/media\/49246"}],"wp:attachment":[{"href":"https:\/\/cndestetik.ch\/de\/wp-json\/wp\/v2\/media?parent=49249"}],"wp:term":[{"taxonomy":"product_brand","embeddable":true,"href":"https:\/\/cndestetik.ch\/de\/wp-json\/wp\/v2\/product_brand?post=49249"},{"taxonomy":"product_cat","embeddable":true,"href":"https:\/\/cndestetik.ch\/de\/wp-json\/wp\/v2\/product_cat?post=49249"},{"taxonomy":"product_tag","embeddable":true,"href":"https:\/\/cndestetik.ch\/de\/wp-json\/wp\/v2\/product_tag?post=49249"}],"curies":[{"name":"wp","href":"https:\/\/api.w.org\/{rel}","templated":true}]}}