{"id":49189,"date":"2022-06-29T10:41:46","date_gmt":"2022-06-29T08:41:46","guid":{"rendered":"https:\/\/cndestetik.ch\/prodotto\/inika-bb-creme-ftd-nude\/"},"modified":"2022-06-29T10:41:46","modified_gmt":"2022-06-29T08:41:46","slug":"inika-bb-cremig-ftd-nackt","status":"publish","type":"product","link":"https:\/\/cndestetik.ch\/de\/prodotto\/inika-bb-cremig-ftd-nackt\/","title":{"rendered":"Inika BB Creme ftd Nude"},"content":{"rendered":"<p><span data-sheets-value=\"{\"1\":2,\"2\":\"Contenendo la pi\u00f9 alta percentuale di ingredienti biologici certificati in una BB Cream, ottieni una perfezione della carnagione perfettamente nutrita e uniforme con questa formula multi-tasking.\\nLa texture cremosa si fonde con la pelle, ripristinando l'idratazione, mascherando le imperfezioni e lasciando un delicato velo di morbidezza.\\nRicco di oli di fico d'India, melograno, avocado e jojoba per aumentare la salute e l'idratazione della pelle, offrendo allo stesso tempo un effetto radioso per una pelle pi\u00f9 morbida e dall'aspetto pi\u00f9 giovane.\\nLe intense propriet\u00e0 idratanti dell'Olio di Fico d'India idratano e ammorbidiscono la pelle.\\nL'olio di semi di melograno rinvigorisce la pelle donandole un aspetto giovane.\\nL'olio di jojoba aiuta a migliorare la produzione di collagene e combattere le rughe.\\nConsistenza liscia come la seta per una facile applicazione.\\nIpoallergenico e dermatologicamente testato.\\n80% di ingredienti biologici.\\n \\nTutti i prodotti INIKA sono di derivazione naturale al 100%, certificati vegani e cruelty free.\\nNota: per una finitura impeccabile senza aloni, applica la BB Cream biologica certificata con un pennello per fondotinta. Pu\u00f2 anche essere applicato e miscelato con le punte delle dita pulite per comodit\u00e0. \\n1. Erogare una piccola quantit\u00e0 di BB Cream biologica certificata sul dorso della mano o punteggiarla sul viso.\\n2. Utilizzando il pennello per fondotinta vegano per raccogliere una piccola quantit\u00e0 di prodotto, sfumarlo delicatamente sulla pelle con piccoli movimenti circolari o pennellate fino a ottenere una finitura uniforme e impeccabile.\\n3. Ripetere per creare il livello di copertura desiderato.\\n4. Mescolare bene intorno alla mascella, all'attaccatura dei capelli e alle orecchie.\\n5. Per i tipi di pelle grassa, o se \u00e8 necessaria una maggiore copertura, rifinire con il Loose Mineral Foundation per aggiungere copertura, assorbire l'olio in eccesso e prolungare il tempo di utilizzo.\\n\"}\" data-sheets-userformat=\"{\"2\":15299,\"3\":{\"1\":0},\"4\":{\"1\":2,\"2\":65280},\"9\":0,\"10\":2,\"11\":0,\"12\":0,\"14\":{\"1\":2,\"2\":0},\"15\":\"Calibri\",\"16\":11}\">Diese vielseitige Formel enth\u00e4lt den h\u00f6chsten Anteil an zertifizierten Bio-Inhaltsstoffen in einer BB Cream und sorgt f\u00fcr einen perfekt gen\u00e4hrten und ebenm\u00e4\u00dfigen Teint.<br \/>\nDie cremige Textur verschmilzt mit der Haut, stellt die Feuchtigkeit wieder her, kaschiert Unreinheiten und hinterl\u00e4sst einen sanften Schleier der Weichheit.<br \/>\nReich an Kaktusfeigen-, Granatapfel-, Avocado- und Jojoba\u00f6l, das die Gesundheit und den Feuchtigkeitsgehalt der Haut steigert und gleichzeitig f\u00fcr einen strahlenden Effekt sorgt, der die Haut weicher und j\u00fcnger aussehen l\u00e4sst.<br \/>\nDie intensiv feuchtigkeitsspendenden Eigenschaften des Feigenkaktus\u00f6ls versorgen die Haut mit Feuchtigkeit und machen sie weich.<br \/>\nGranatapfelsamen\u00f6l belebt die Haut und verleiht ihr ein jugendliches Aussehen.<br \/>\nJojoba\u00f6l hilft, die Kollagenproduktion zu verbessern und Falten zu bek\u00e4mpfen.<br \/>\nSeidenweiche Konsistenz f\u00fcr eine einfache Anwendung.<br \/>\nHypoallergen und dermatologisch getestet.<br \/>\n80% biologische Zutaten.<\/p>\n<p>Alle INIKA-Produkte sind zu 100 % nat\u00fcrlichen Ursprungs, zertifiziert vegan und frei von Tierqu\u00e4lerei.<br \/>\nHinweis: F\u00fcr ein makelloses Finish ohne Lichth\u00f6fe tragen Sie die bio-zertifizierte BB Cream mit einem Foundation-Pinsel auf. Es kann auch mit sauberen Fingerspitzen aufgetragen und verblendet werden, was sehr praktisch ist.<br \/>\n1. Verteilen Sie eine kleine Menge der biozertifizierten BB Cream auf Ihrem Handr\u00fccken oder tupfen Sie sie auf Ihr Gesicht.<br \/>\n2. Nehmen Sie mit dem veganen Foundation-Pinsel eine kleine Menge des Produkts auf und verblenden Sie es sanft in kleinen kreisenden Bewegungen oder Pinselstrichen auf der Haut, bis ein gleichm\u00e4\u00dfiges, makelloses Finish erreicht ist.<br \/>\n3. Wiederholen Sie den Vorgang, bis die gew\u00fcnschte Deckkraft erreicht ist.<br \/>\n4. Um Kiefer, Haaransatz und Ohren herum gut verblenden.<br \/>\n5. Bei \u00f6ligen Hauttypen oder wenn mehr Deckkraft ben\u00f6tigt wird, mit einer losen Mineral Foundation abschlie\u00dfen, um die Deckkraft zu erh\u00f6hen, \u00fcbersch\u00fcssiges \u00d6l zu absorbieren und die Tragezeit zu verl\u00e4ngern.<br \/>\n<\/span><\/p>\n<p>Gr\u00f6\u00dfe: 30ml<\/p>\n","protected":false},"excerpt":{"rendered":"<p>Unvollkommenheiten mit einem Schleier aus Farbe kaschieren<\/p>\n","protected":false},"featured_media":49186,"template":"","meta":{"_acf_changed":false},"product_brand":[],"product_cat":[15],"product_tag":[7614,7616,5472,6142],"class_list":{"0":"post-49189","1":"product","2":"type-product","3":"status-publish","4":"has-post-thumbnail","6":"product_cat-07-cosmetica","7":"product_tag-bb-de","8":"product_tag-bb-creme","9":"product_tag-creme-de-2","10":"product_tag-nackt-de","12":"first","13":"instock","14":"taxable","15":"shipping-taxable","16":"purchasable","17":"product-type-simple"},"acf":[],"jetpack_sharing_enabled":true,"_links":{"self":[{"href":"https:\/\/cndestetik.ch\/de\/wp-json\/wp\/v2\/product\/49189","targetHints":{"allow":["GET"]}}],"collection":[{"href":"https:\/\/cndestetik.ch\/de\/wp-json\/wp\/v2\/product"}],"about":[{"href":"https:\/\/cndestetik.ch\/de\/wp-json\/wp\/v2\/types\/product"}],"wp:featuredmedia":[{"embeddable":true,"href":"https:\/\/cndestetik.ch\/de\/wp-json\/wp\/v2\/media\/49186"}],"wp:attachment":[{"href":"https:\/\/cndestetik.ch\/de\/wp-json\/wp\/v2\/media?parent=49189"}],"wp:term":[{"taxonomy":"product_brand","embeddable":true,"href":"https:\/\/cndestetik.ch\/de\/wp-json\/wp\/v2\/product_brand?post=49189"},{"taxonomy":"product_cat","embeddable":true,"href":"https:\/\/cndestetik.ch\/de\/wp-json\/wp\/v2\/product_cat?post=49189"},{"taxonomy":"product_tag","embeddable":true,"href":"https:\/\/cndestetik.ch\/de\/wp-json\/wp\/v2\/product_tag?post=49189"}],"curies":[{"name":"wp","href":"https:\/\/api.w.org\/{rel}","templated":true}]}}